{"id":9970,"date":"2024-09-13T09:56:00","date_gmt":"2024-09-13T12:56:00","guid":{"rendered":"https:\/\/dielfe.com.ar\/?post_type=product&#038;p=9970"},"modified":"2026-01-21T16:27:25","modified_gmt":"2026-01-21T19:27:25","slug":"mln060-2","status":"publish","type":"product","link":"https:\/\/dielfe.com.ar\/en\/product\/mln060-2\/","title":{"rendered":"<b>MESA DE LUZ<\/b> NIZA"},"content":{"rendered":"<p class=\"p1\">La Mesa de luz forma parte de la l\u00ednea Niza, caracterizada por presentar una unidad de melamina de 15mm embutida dentro de una &#8220;U&#8221; de melamina de 18mm y una base elevada que da la sensaci\u00f3n de que el mueble esta &#8220;volando&#8221;. Este mueble cuenta con tres espacios de guardado: un caj\u00f3n peque\u00f1o, un estante superior y un espacio abierto inferior. Esta mesa viene desarmada y preparada para ensamblar de manera r\u00e1pida y simple, por lo que dentro de la caja tenemos los correspondientes instructivos. Lo podes encontrar en las combinaciones de color Grigio\/Bardolino.<\/p>","protected":false},"excerpt":{"rendered":"<p><strong>SUCIEDAD LIGERA Y RECIENTE<\/strong><\/p>\n<p>Limpiar con papel de cocina, un trapo de microfibra suave y limpio (seco o humedo).<\/p>\n<p><strong>MANCHAS<\/strong><\/p>\n<p>Limpiar con agua caliente, trapos o pa\u00f1os de microfibra, esponjas o cepillos blandos utilizando productos de limpieza corriente. Terminar con un aclarado con agua limpia y eliminar totalmente el producto de limpieza, posteriormente secar con pa\u00f1o limpio.<\/p>\n<p><strong>PRODUCTOS PROHIBIDOS PARA LA LIMPIEZA<\/strong><\/p>\n<p>Sustancias abrasivas y decapantes (polvos de fragar, esponjas rasposas ,lana de acero). Productos de pulido, ceras, agentes blanqueadores. Productos acidos. Aparatos de limpieza al vapor.<\/p>","protected":false},"featured_media":10350,"template":"","meta":{"_joinchat":[]},"product_brand":[],"product_cat":[37,69,27],"product_tag":[96],"class_list":{"0":"post-9970","1":"product","2":"type-product","3":"status-publish","4":"has-post-thumbnail","6":"product_cat-dormitorio","7":"product_cat-mesa-de-luz","8":"product_cat-organizador","9":"product_tag-niza","11":"first","12":"instock","13":"shipping-taxable","14":"product-type-variable"},"_links":{"self":[{"href":"https:\/\/dielfe.com.ar\/en\/wp-json\/wp\/v2\/product\/9970","targetHints":{"allow":["GET"]}}],"collection":[{"href":"https:\/\/dielfe.com.ar\/en\/wp-json\/wp\/v2\/product"}],"about":[{"href":"https:\/\/dielfe.com.ar\/en\/wp-json\/wp\/v2\/types\/product"}],"wp:featuredmedia":[{"embeddable":true,"href":"https:\/\/dielfe.com.ar\/en\/wp-json\/wp\/v2\/media\/10350"}],"wp:attachment":[{"href":"https:\/\/dielfe.com.ar\/en\/wp-json\/wp\/v2\/media?parent=9970"}],"wp:term":[{"taxonomy":"product_brand","embeddable":true,"href":"https:\/\/dielfe.com.ar\/en\/wp-json\/wp\/v2\/product_brand?post=9970"},{"taxonomy":"product_cat","embeddable":true,"href":"https:\/\/dielfe.com.ar\/en\/wp-json\/wp\/v2\/product_cat?post=9970"},{"taxonomy":"product_tag","embeddable":true,"href":"https:\/\/dielfe.com.ar\/en\/wp-json\/wp\/v2\/product_tag?post=9970"}],"curies":[{"name":"wp","href":"https:\/\/api.w.org\/{rel}","templated":true}]}}