{"id":9919,"date":"2024-09-10T15:15:43","date_gmt":"2024-09-10T18:15:43","guid":{"rendered":"https:\/\/dielfe.com.ar\/?post_type=product&#038;p=9919"},"modified":"2026-01-21T16:25:32","modified_gmt":"2026-01-21T19:25:32","slug":"cam160","status":"publish","type":"product","link":"https:\/\/dielfe.com.ar\/en\/product\/cam160\/","title":{"rendered":"<b>CAMA EXTENSIBLE<\/b> Moderna"},"content":{"rendered":"<p>La cama moderna extensible es una cama caracterizada por su versatilidad y practicidad. Fabricada con materiales resistentes y de calidad, su dise\u00f1o elegante combina l\u00edneas limpias con una estructura robusta que garantiza estabilidad y durabilidad. Presenta un mecanismo de armado que permite ajustar su tama\u00f1o, ofreciendo la posibilidad de ampliar su anchura de 140 a 160 cent\u00edmetros, lo que permite utilizar colchones tanto de tama\u00f1o est\u00e1ndar de 140 cent\u00edmetros como de tama\u00f1o queen de 160 cent\u00edmetros. Su almacenamiento compuesto por cuatro cajones y dos zapateros, la convierte en la cama ideal para optimizar el espacio y mantener el orden de la habitaci\u00f3n. Esta cama viene desarmada y preparada para ensamblar de manera r\u00e1pida y simple, por lo que dentro de la caja tenemos los correspondientes instructivos. Lo podes encontrar en las combinaciones de colores roble bardolino o blanco.<\/p>","protected":false},"excerpt":{"rendered":"<p><strong>DIMENSIONES DEL PRODUCTO<\/strong><\/p>\n<table class=\"default\">\n<tbody>\n<tr>\n<td><strong>Alto<\/strong><\/td>\n<td><strong>Ancho<\/strong><\/td>\n<td><strong>Profundad<\/strong><\/td>\n<\/tr>\n<tr>\n<td>39 cm<\/td>\n<td>164 cm<\/td>\n<td>200 cm<\/td>\n<\/tr>\n<\/tbody>\n<\/table>\n<p><strong>DIMENSIONES DEL EMBALAJE<\/strong><\/p>\n<table class=\"default\">\n<tbody>\n<tr>\n<td><strong>Caja<\/strong><\/td>\n<td><strong>Alto<\/strong><\/td>\n<td><strong>Ancho<\/strong><\/td>\n<td><strong>Profundad<\/strong><\/td>\n<td><strong>Peso<\/strong><\/td>\n<\/tr>\n<tr>\n<td>1<\/td>\n<td>12 cm<\/td>\n<td>42 cm<\/td>\n<td>166 cm<\/td>\n<td>36 kg<\/td>\n<\/tr>\n<tr>\n<td>2<\/td>\n<td>12 cm<\/td>\n<td>42 cm<\/td>\n<td>166 cm<\/td>\n<td>36 kg<\/td>\n<\/tr>\n<tr>\n<td>3<\/td>\n<td>20 cm<\/td>\n<td>40 cm<\/td>\n<td>78 cm<\/td>\n<td>24 kg<\/td>\n<\/tr>\n<tr>\n<td>4<\/td>\n<td>15 cm<\/td>\n<td>26 cm<\/td>\n<td>97 cm<\/td>\n<td>19 kg<\/td>\n<\/tr>\n<\/tbody>\n<\/table>\n<p><strong>PESO APROX.\u00a0<\/strong><span style=\"vertical-align: inherit;\">113 kilogramos<\/span><\/p>\n<p><strong>SUCIEDAD LIGERA Y RECIENTE<\/strong><\/p>\n<p>Limpiar con papel de cocina, un trapo de microfibra suave y limpio (seco o h\u00famedo).<\/p>\n<p><strong>MANCHAS<\/strong><\/p>\n<p>Limpiar con agua caliente, trapos o pa\u00f1os de microfibra, esponjas o cepillos blandos utilizando productos de limpieza corriente. Terminar con un aclarado con agua limpia y eliminar totalmente el producto de limpieza, posteriormente secar con pa\u00f1o limpio.<\/p>\n<p><strong>PRODUCTOS PROHIBIDOS PARA LA LIMPIEZA<\/strong><\/p>\n<p>Sustancias abrasivas y decapantes (polvos de fragar, esponjas rasposas ,lana de acero). Productos de pulido, ceras, agentes blanqueadores. Productos acidos. Aparatos de limpieza al vapor.<\/p>","protected":false},"featured_media":10503,"template":"","meta":{"_joinchat":[]},"product_brand":[],"product_cat":[104,106,37,48],"product_tag":[96],"class_list":{"0":"post-9919","1":"product","2":"type-product","3":"status-publish","4":"has-post-thumbnail","6":"product_cat-cama-extensible","7":"product_cat-camas","8":"product_cat-dormitorio","9":"product_cat-ambientes","10":"product_tag-niza","12":"first","13":"instock","14":"shipping-taxable","15":"purchasable","16":"product-type-variable"},"_links":{"self":[{"href":"https:\/\/dielfe.com.ar\/en\/wp-json\/wp\/v2\/product\/9919","targetHints":{"allow":["GET"]}}],"collection":[{"href":"https:\/\/dielfe.com.ar\/en\/wp-json\/wp\/v2\/product"}],"about":[{"href":"https:\/\/dielfe.com.ar\/en\/wp-json\/wp\/v2\/types\/product"}],"wp:featuredmedia":[{"embeddable":true,"href":"https:\/\/dielfe.com.ar\/en\/wp-json\/wp\/v2\/media\/10503"}],"wp:attachment":[{"href":"https:\/\/dielfe.com.ar\/en\/wp-json\/wp\/v2\/media?parent=9919"}],"wp:term":[{"taxonomy":"product_brand","embeddable":true,"href":"https:\/\/dielfe.com.ar\/en\/wp-json\/wp\/v2\/product_brand?post=9919"},{"taxonomy":"product_cat","embeddable":true,"href":"https:\/\/dielfe.com.ar\/en\/wp-json\/wp\/v2\/product_cat?post=9919"},{"taxonomy":"product_tag","embeddable":true,"href":"https:\/\/dielfe.com.ar\/en\/wp-json\/wp\/v2\/product_tag?post=9919"}],"curies":[{"name":"wp","href":"https:\/\/api.w.org\/{rel}","templated":true}]}}