{"id":9782,"date":"2024-05-31T10:37:39","date_gmt":"2024-05-31T13:37:39","guid":{"rendered":"https:\/\/dielfe.com.ar\/?post_type=product&#038;p=9782"},"modified":"2026-01-05T13:46:02","modified_gmt":"2026-01-05T16:46:02","slug":"pcn190","status":"publish","type":"product","link":"https:\/\/dielfe.com.ar\/en\/product\/pcn190\/","title":{"rendered":"<b>PLACARD<\/b> NIZA"},"content":{"rendered":"<p class=\"p1\">El placard de la l\u00ednea Niza est\u00e1 dise\u00f1ado con una unidad de melamina de 15mm encajada en una estructura en forma de &#8220;U&#8221; de melamina de 18mm, con una base elevada que crea una sensaci\u00f3n de que el mueble esta &#8220;volando&#8221;.<br \/>\nEste producto posee 4 cajones con correderas telesc\u00f3picas, estantes para guardado y espacios para colgar ropa y accesorios. Adem\u00e1s contiene un estante superior para guardar bolsos u otros objeros de mayor tama\u00f1o, y un estante inferior para poner calzados.<br \/>\nEst\u00e1 disponible en dos combinaciones: Grigio\/Roble Bardolino. Este mueble ofrece una soluci\u00f3n de almacenamiento pr\u00e1ctica. Este placard viene desarmado y preparado para ensamblar de manera r\u00e1pida y simple, por lo que dentro de la caja tenemos los correspondientes instructivos.<\/p>","protected":false},"excerpt":{"rendered":"<p><strong>DIMENSIONES DEL PRODUCTO<\/strong><\/p>\n<table class=\"default\">\n<tbody>\n<tr>\n<td><strong>Alto<\/strong><\/td>\n<td><strong>Ancho<\/strong><\/td>\n<td><strong>Profundad<\/strong><\/td>\n<\/tr>\n<tr>\n<td>218 cm<\/td>\n<td>188 cm<\/td>\n<td>60 cm<\/td>\n<\/tr>\n<\/tbody>\n<\/table>\n<p><strong>DIMENSIONES DEL EMBALAJE<\/strong><\/p>\n<table class=\"default\">\n<tbody>\n<tr>\n<td><strong>Caja<\/strong><\/td>\n<td><strong>Alto<\/strong><\/td>\n<td><strong>Ancho<\/strong><\/td>\n<td><strong>Profundad<\/strong><\/td>\n<td><strong>Peso<\/strong><\/td>\n<\/tr>\n<tr>\n<td>1<\/td>\n<td>16 cm<\/td>\n<td>47 cm<\/td>\n<td>99 cm<\/td>\n<td>45 kg<\/td>\n<\/tr>\n<tr>\n<td>2<\/td>\n<td>6 cm<\/td>\n<td>65 cm<\/td>\n<td>189 cm<\/td>\n<td>46 kg<\/td>\n<\/tr>\n<tr>\n<td>3<\/td>\n<td>6 cm<\/td>\n<td>69 cm<\/td>\n<td>222 cm<\/td>\n<td>56 kg<\/td>\n<\/tr>\n<tr>\n<td>4<\/td>\n<td>11 cm<\/td>\n<td>78 cm<\/td>\n<td>92 cm<\/td>\n<td>45 kg<\/td>\n<\/tr>\n<\/tbody>\n<\/table>\n<p><strong>PESO APROX.\u00a0<\/strong><span style=\"vertical-align: inherit;\">178 kilogramos<\/span><\/p>\n<p><strong>SUCIEDAD LIGERA Y RECIENTE<\/strong><\/p>\n<p>Limpiar con papel de cocina, un trapo de microfibra suave y limpio (seco o h\u00famedo).<\/p>\n<p><strong>MANCHAS<\/strong><\/p>\n<p>Limpiar con agua caliente, trapos o pa\u00f1os de microfibra, esponjas o cepillos blandos utilizando productos de limpieza corriente. Terminar con un aclarado con agua limpia y eliminar totalmente el producto de limpieza, posteriormente secar con pa\u00f1o limpio.<\/p>\n<p><strong>PRODUCTOS PROHIBIDOS PARA LA LIMPIEZA<\/strong><\/p>\n<p>Sustancias abrasivas y decapantes (polvos de fregar, esponjas rasposas ,lana de acero). Productos de pulido, ceras, agentes blanqueadores. Productos \u00e1cidos. Aparatos de limpieza al vapor.<\/p>","protected":false},"featured_media":10368,"template":"","meta":{"_joinchat":[]},"product_brand":[],"product_cat":[37,39,40],"product_tag":[96],"class_list":{"0":"post-9782","1":"product","2":"type-product","3":"status-publish","4":"has-post-thumbnail","6":"product_cat-dormitorio","7":"product_cat-placard","8":"product_cat-puertas-corredizas","9":"product_tag-niza","11":"first","12":"instock","13":"shipping-taxable","14":"purchasable","15":"product-type-variable"},"_links":{"self":[{"href":"https:\/\/dielfe.com.ar\/en\/wp-json\/wp\/v2\/product\/9782","targetHints":{"allow":["GET"]}}],"collection":[{"href":"https:\/\/dielfe.com.ar\/en\/wp-json\/wp\/v2\/product"}],"about":[{"href":"https:\/\/dielfe.com.ar\/en\/wp-json\/wp\/v2\/types\/product"}],"wp:featuredmedia":[{"embeddable":true,"href":"https:\/\/dielfe.com.ar\/en\/wp-json\/wp\/v2\/media\/10368"}],"wp:attachment":[{"href":"https:\/\/dielfe.com.ar\/en\/wp-json\/wp\/v2\/media?parent=9782"}],"wp:term":[{"taxonomy":"product_brand","embeddable":true,"href":"https:\/\/dielfe.com.ar\/en\/wp-json\/wp\/v2\/product_brand?post=9782"},{"taxonomy":"product_cat","embeddable":true,"href":"https:\/\/dielfe.com.ar\/en\/wp-json\/wp\/v2\/product_cat?post=9782"},{"taxonomy":"product_tag","embeddable":true,"href":"https:\/\/dielfe.com.ar\/en\/wp-json\/wp\/v2\/product_tag?post=9782"}],"curies":[{"name":"wp","href":"https:\/\/api.w.org\/{rel}","templated":true}]}}