{"id":9623,"date":"2024-02-01T12:09:03","date_gmt":"2024-02-01T15:09:03","guid":{"rendered":"https:\/\/dielfe.com.ar\/?post_type=product&#038;p=9623"},"modified":"2026-01-21T11:29:31","modified_gmt":"2026-01-21T14:29:31","slug":"ro135","status":"publish","type":"product","link":"https:\/\/dielfe.com.ar\/en\/product\/ro135\/","title":{"rendered":"<b>PLACARD<\/b>"},"content":{"rendered":"<p class=\"p1\">El placard con puerta corrediza se destacan por sus prestaciones y bajo precio.<\/p>\n<p class=\"p1\">Esta versi\u00f3n de 130 cm de ancho est\u00e1 compuesta por puertas correderas con herrajes de \u00faltima tecnolog\u00eda, con manijas de PVC, y en su interior cuenta con tres estantes, dos cajones internos y un amplio perchero. Resalt\u00e1ndolo de esta forma de los dem\u00e1s placares de la marca.<\/p>","protected":false},"excerpt":{"rendered":"<p><strong>SUCIEDAD LIGERA Y RECIENTE<\/strong><\/p>\n<p>Limpiar con papel de cocina, un trapo de microfibra suave y limpio (seco o humedo).<\/p>\n<p><strong>MANCHAS<\/strong><\/p>\n<p>Limpiar con agua caliente, trapos o pa\u00f1os de microfibra, esponjas o cepillos blandos utilizando productos de limpieza corriente. Terminar con un aclarado con agua limpia y eliminar totalmente el producto de limpieza, posteriormente secar con pa\u00f1o limpio.<\/p>\n<p><strong>PRODUCTOS PROHIBIDOS PARA LA LIMPIEZA<\/strong><\/p>\n<p>Sustancias abrasivas y decapantes (polvos de fragar, esponjas rasposas ,lana de acero). Productos de pulido, ceras, agentes blanqueadores. Productos acidos. Aparatos de limpieza al vapor.<\/p>","protected":false},"featured_media":11261,"template":"","meta":{"_joinchat":[]},"product_brand":[],"product_cat":[37,39,40],"product_tag":[41],"class_list":{"0":"post-9623","1":"product","2":"type-product","3":"status-publish","4":"has-post-thumbnail","6":"product_cat-dormitorio","7":"product_cat-placard","8":"product_cat-puertas-corredizas","9":"product_tag-moderno","11":"first","12":"instock","13":"shipping-taxable","14":"purchasable","15":"product-type-variable"},"_links":{"self":[{"href":"https:\/\/dielfe.com.ar\/en\/wp-json\/wp\/v2\/product\/9623","targetHints":{"allow":["GET"]}}],"collection":[{"href":"https:\/\/dielfe.com.ar\/en\/wp-json\/wp\/v2\/product"}],"about":[{"href":"https:\/\/dielfe.com.ar\/en\/wp-json\/wp\/v2\/types\/product"}],"wp:featuredmedia":[{"embeddable":true,"href":"https:\/\/dielfe.com.ar\/en\/wp-json\/wp\/v2\/media\/11261"}],"wp:attachment":[{"href":"https:\/\/dielfe.com.ar\/en\/wp-json\/wp\/v2\/media?parent=9623"}],"wp:term":[{"taxonomy":"product_brand","embeddable":true,"href":"https:\/\/dielfe.com.ar\/en\/wp-json\/wp\/v2\/product_brand?post=9623"},{"taxonomy":"product_cat","embeddable":true,"href":"https:\/\/dielfe.com.ar\/en\/wp-json\/wp\/v2\/product_cat?post=9623"},{"taxonomy":"product_tag","embeddable":true,"href":"https:\/\/dielfe.com.ar\/en\/wp-json\/wp\/v2\/product_tag?post=9623"}],"curies":[{"name":"wp","href":"https:\/\/api.w.org\/{rel}","templated":true}]}}