{"id":9614,"date":"2024-01-31T11:51:22","date_gmt":"2024-01-31T14:51:22","guid":{"rendered":"https:\/\/dielfe.com.ar\/?post_type=product&#038;p=9614"},"modified":"2026-03-30T13:22:54","modified_gmt":"2026-03-30T16:22:54","slug":"ctb140","status":"publish","type":"product","link":"https:\/\/dielfe.com.ar\/en\/product\/ctb140\/","title":{"rendered":"<b>BAJO MESADA<\/b> CONFORT 1.40 MTS"},"content":{"rendered":"<p class=\"p1\">Este bajo mesada es el m\u00e1s amplio de la l\u00ednea confort con 140 cm de ancho, construido en melamina con las opciones de color Blanco, Wengue o Roble Kendal.<span class=\"Apple-converted-space\">\u00a0<\/span><\/p>\n<p class=\"p1\">El dise\u00f1o cuenta con un cuerpo principal que posee 3 cajones peque\u00f1os y una divisi\u00f3n interna m\u00e1s grande que est\u00e1 cerrada con dos puertas y dividida con un estante. Si bien es ideal para todo tipo de cocinas, tambi\u00e9n puede adaptarse perfectamente al lavadero. <span class=\"Apple-converted-space\">\u00a0<\/span><\/p>","protected":false},"excerpt":{"rendered":"<p><strong>DIMENSIONES DEL PRODUCTO<\/strong><\/p>\n<table class=\"default\">\n<tbody>\n<tr>\n<td><strong>Alto<\/strong><\/td>\n<td><strong>Ancho<\/strong><\/td>\n<td><strong>Profundad<\/strong><\/td>\n<\/tr>\n<tr>\n<td><span style=\"vertical-align: inherit;\">84.1<\/span>\u00a0cm<\/td>\n<td>138.9 cm<\/td>\n<td>49.6 cm<\/td>\n<\/tr>\n<\/tbody>\n<\/table>\n<p><strong>DIMENSIONES DEL EMBALAJE<\/strong><\/p>\n<table class=\"default\">\n<tbody>\n<tr>\n<td><strong>Alto<\/strong><\/td>\n<td><strong>Ancho<\/strong><\/td>\n<td><strong>Profundad<\/strong><\/td>\n<td><strong>Peso<\/strong><\/td>\n<\/tr>\n<tr>\n<td>11 cm<\/td>\n<td>50 cm<\/td>\n<td>141 cm<\/td>\n<td>54 kg<\/td>\n<\/tr>\n<\/tbody>\n<\/table>\n<p><strong>PESO APROX.\u00a0<\/strong><span style=\"vertical-align: inherit;\"><span style=\"vertical-align: inherit;\">53.6 kilogramos<\/span><\/span><\/p>\n<p><strong>SUCIEDAD LIGERA Y RECIENTE<\/strong><\/p>\n<p>Limpiar con papel de cocina, un trapo de microfibra suave y limpio (seco o humedo).<\/p>\n<p><strong>MANCHAS<\/strong><\/p>\n<p>Limpiar con agua caliente, trapos o pa\u00f1os de microfibra, esponjas o cepillos blandos utilizando productos de limpieza corriente. Terminar con un aclarado con agua limpia y eliminar totalmente el producto de limpieza, posteriormente secar con pa\u00f1o limpio.<\/p>\n<p><strong>PRODUCTOS PROHIBIDOS PARA LA LIMPIEZA<\/strong><\/p>\n<p>Sustancias abrasivas y decapantes (polvos de fragar, esponjas rasposas ,lana de acero). Productos de pulido, ceras, agentes blanqueadores. Productos acidos. Aparatos de limpieza al vapor.<\/p>","protected":false},"featured_media":7971,"template":"","meta":{"_joinchat":[]},"product_brand":[],"product_cat":[83,59,111,62],"product_tag":[99],"class_list":{"0":"post-9614","1":"product","2":"type-product","3":"status-publish","4":"has-post-thumbnail","6":"product_cat-bajo-mesada","7":"product_cat-cocina","8":"product_cat-cocina-confort","9":"product_cat-muebles-cocina","10":"product_tag-compacta","12":"first","13":"instock","14":"virtual","15":"purchasable","16":"product-type-simple"},"_links":{"self":[{"href":"https:\/\/dielfe.com.ar\/en\/wp-json\/wp\/v2\/product\/9614","targetHints":{"allow":["GET"]}}],"collection":[{"href":"https:\/\/dielfe.com.ar\/en\/wp-json\/wp\/v2\/product"}],"about":[{"href":"https:\/\/dielfe.com.ar\/en\/wp-json\/wp\/v2\/types\/product"}],"wp:featuredmedia":[{"embeddable":true,"href":"https:\/\/dielfe.com.ar\/en\/wp-json\/wp\/v2\/media\/7971"}],"wp:attachment":[{"href":"https:\/\/dielfe.com.ar\/en\/wp-json\/wp\/v2\/media?parent=9614"}],"wp:term":[{"taxonomy":"product_brand","embeddable":true,"href":"https:\/\/dielfe.com.ar\/en\/wp-json\/wp\/v2\/product_brand?post=9614"},{"taxonomy":"product_cat","embeddable":true,"href":"https:\/\/dielfe.com.ar\/en\/wp-json\/wp\/v2\/product_cat?post=9614"},{"taxonomy":"product_tag","embeddable":true,"href":"https:\/\/dielfe.com.ar\/en\/wp-json\/wp\/v2\/product_tag?post=9614"}],"curies":[{"name":"wp","href":"https:\/\/api.w.org\/{rel}","templated":true}]}}