{"id":9605,"date":"2024-01-31T11:34:50","date_gmt":"2024-01-31T14:34:50","guid":{"rendered":"https:\/\/dielfe.com.ar\/?post_type=product&#038;p=9605"},"modified":"2026-03-30T13:37:38","modified_gmt":"2026-03-30T16:37:38","slug":"cea140","status":"publish","type":"product","link":"https:\/\/dielfe.com.ar\/en\/product\/cea140\/","title":{"rendered":"<b>ALACENA<\/b>"},"content":{"rendered":"<div class=\"elementor-element elementor-element-41a00f9 elementor-align-justify elementor-widget elementor-widget-button\" data-id=\"41a00f9\" data-element_type=\"widget\" data-widget_type=\"button.default\">\n<div class=\"elementor-widget-container\">\n<div class=\"elementor-button-wrapper\">\n<p class=\"p1\">Esta alacena es la m\u00e1s amplia de la l\u00ednea classic, cuenta con un ancho total de 140 cm, est\u00e1 construida en melamina de 15mm y al igual que su versi\u00f3n m\u00e1s peque\u00f1a cuenta con cuatro divisiones internas cerradas con tres puertas y divididas por dos estantes, con la intenci\u00f3n de tener un espacio grande y otro m\u00e1s chico.<\/p>\n<p class=\"p1\">Para la apertura de estas puertas nos encontramos con unos tiradores de color gris los cuales acompa\u00f1an con la est\u00e9tica de su dise\u00f1o que viene de color blanco en su totalidad.<\/p>\n<\/div>\n<\/div>\n<\/div>","protected":false},"excerpt":{"rendered":"<p><strong>DIMENSIONES DEL PRODUCTO<\/strong><\/p>\n<table class=\"default\">\n<tbody>\n<tr>\n<td><strong>Alto<\/strong><\/td>\n<td><strong>Ancho<\/strong><\/td>\n<td><strong>Profundad<\/strong><\/td>\n<\/tr>\n<tr>\n<td>36.7 cm<\/td>\n<td>60 cm<\/td>\n<td>37.3 cm<\/td>\n<\/tr>\n<\/tbody>\n<\/table>\n<p><strong>DIMENSIONES DEL EMBALAJE<\/strong><\/p>\n<table class=\"default\">\n<tbody>\n<tr>\n<td><strong>Alto<\/strong><\/td>\n<td><strong>Ancho<\/strong><\/td>\n<td><strong>Profundad<\/strong><\/td>\n<td><strong>Peso<\/strong><\/td>\n<\/tr>\n<tr>\n<td>7 cm<\/td>\n<td>42 cm<\/td>\n<td>62 cm<\/td>\n<td>10.7 kg<\/td>\n<\/tr>\n<\/tbody>\n<\/table>\n<p><strong>PESO APROX.\u00a0<\/strong>10 kilogramos<\/p>\n<p><strong>SUCIEDAD LIGERA Y RECIENTE<\/strong><br \/>\nLimpiar con papel de cocina, un trapo de microfibra suave y limpio (seco o h\u00famedo).<\/p>\n<p><strong>MANCHAS<\/strong><br \/>\nLimpiar con agua caliente, trapos o pa\u00f1os de microfibra, esponjas o cepillos blandos utilizando productos de limpieza corriente. Terminar con un aclarado con agua limpia y eliminar totalmente el producto de limpieza, posteriormente secar con pa\u00f1o limpio.<\/p>\n<p><strong>PRODUCTOS PROHIBIDOS PARA LA LIMPIEZA<\/strong><br \/>\nSustancias abrasivas y decapantes (polvos de fregar, esponjas rasposas, lana de acero). Productos de pulido, ceras, agentes blanqueadores. Productos \u00e1cidos. Aparatos de limpieza al vapor.<\/p>","protected":false},"featured_media":9802,"template":"","meta":{"_joinchat":[]},"product_brand":[],"product_cat":[59,112,86,62],"product_tag":[99],"class_list":{"0":"post-9605","1":"product","2":"type-product","3":"status-publish","4":"has-post-thumbnail","6":"product_cat-cocina","7":"product_cat-cocina-clasica","8":"product_cat-complemento","9":"product_cat-muebles-cocina","10":"product_tag-compacta","12":"first","13":"instock","14":"virtual","15":"purchasable","16":"product-type-simple"},"_links":{"self":[{"href":"https:\/\/dielfe.com.ar\/en\/wp-json\/wp\/v2\/product\/9605","targetHints":{"allow":["GET"]}}],"collection":[{"href":"https:\/\/dielfe.com.ar\/en\/wp-json\/wp\/v2\/product"}],"about":[{"href":"https:\/\/dielfe.com.ar\/en\/wp-json\/wp\/v2\/types\/product"}],"wp:featuredmedia":[{"embeddable":true,"href":"https:\/\/dielfe.com.ar\/en\/wp-json\/wp\/v2\/media\/9802"}],"wp:attachment":[{"href":"https:\/\/dielfe.com.ar\/en\/wp-json\/wp\/v2\/media?parent=9605"}],"wp:term":[{"taxonomy":"product_brand","embeddable":true,"href":"https:\/\/dielfe.com.ar\/en\/wp-json\/wp\/v2\/product_brand?post=9605"},{"taxonomy":"product_cat","embeddable":true,"href":"https:\/\/dielfe.com.ar\/en\/wp-json\/wp\/v2\/product_cat?post=9605"},{"taxonomy":"product_tag","embeddable":true,"href":"https:\/\/dielfe.com.ar\/en\/wp-json\/wp\/v2\/product_tag?post=9605"}],"curies":[{"name":"wp","href":"https:\/\/api.w.org\/{rel}","templated":true}]}}