{"id":9566,"date":"2024-01-30T16:00:22","date_gmt":"2024-01-30T19:00:22","guid":{"rendered":"https:\/\/dielfe.com.ar\/?post_type=product&#038;p=9566"},"modified":"2026-01-21T14:26:22","modified_gmt":"2026-01-21T17:26:22","slug":"est064","status":"publish","type":"product","link":"https:\/\/dielfe.com.ar\/en\/product\/est064\/","title":{"rendered":"<b>ESTANTER\u00cdA<\/b> MODERNA"},"content":{"rendered":"<p class=\"p1\">La estanter\u00eda de estilo moderno, posee un dise\u00f1o abierto que consta de 5 estantes estructurados en su parte trasera por dos barras met\u00e1licas en forma de cruz. <span class=\"Apple-converted-space\">\u00a0<\/span><\/p>\n<p class=\"p1\">La combinaci\u00f3n entre el roble kendal y su ca\u00f1o negro le brinda una terminaci\u00f3n delicada y una est\u00e9tica adaptable a cualquier tipo de ambiente.<\/p>","protected":false},"excerpt":{"rendered":"<p><strong>SUCIEDAD LIGERA Y RECIENTE<\/strong><\/p>\n<p>Limpiar con papel de cocina, un trapo de microfibra suave y limpio (seco o h\u00famedo).<\/p>\n<p><strong>MANCHAS<\/strong><\/p>\n<p>Limpiar con agua caliente, trapos o pa\u00f1os de microfibra, esponjas o cepillos blandos utilizando productos de limpieza corriente. Terminar con un aclarado con agua limpia y eliminar totalmente el producto de limpieza, posteriormente secar con pa\u00f1o limpio.<\/p>\n<p><strong>PRODUCTOS PROHIBIDOS PARA LA LIMPIEZA<\/strong><\/p>\n<p>Sustancias abrasivas y decapantes (polvos de fragar, esponjas rasposas ,lana de acero). Productos de pulido, ceras, agentes blanqueadores. Productos acidos. Aparatos de limpieza al vapor.<\/p>","protected":false},"featured_media":11447,"template":"","meta":{"_joinchat":[]},"product_brand":[],"product_cat":[68,98,56,27],"product_tag":[38],"class_list":{"0":"post-9566","1":"product","2":"type-product","3":"status-publish","4":"has-post-thumbnail","6":"product_cat-estanteria","7":"product_cat-estudio","8":"product_cat-living","9":"product_cat-organizador","10":"product_tag-moderna","12":"first","13":"instock","14":"virtual","15":"purchasable","16":"product-type-simple"},"_links":{"self":[{"href":"https:\/\/dielfe.com.ar\/en\/wp-json\/wp\/v2\/product\/9566","targetHints":{"allow":["GET"]}}],"collection":[{"href":"https:\/\/dielfe.com.ar\/en\/wp-json\/wp\/v2\/product"}],"about":[{"href":"https:\/\/dielfe.com.ar\/en\/wp-json\/wp\/v2\/types\/product"}],"wp:featuredmedia":[{"embeddable":true,"href":"https:\/\/dielfe.com.ar\/en\/wp-json\/wp\/v2\/media\/11447"}],"wp:attachment":[{"href":"https:\/\/dielfe.com.ar\/en\/wp-json\/wp\/v2\/media?parent=9566"}],"wp:term":[{"taxonomy":"product_brand","embeddable":true,"href":"https:\/\/dielfe.com.ar\/en\/wp-json\/wp\/v2\/product_brand?post=9566"},{"taxonomy":"product_cat","embeddable":true,"href":"https:\/\/dielfe.com.ar\/en\/wp-json\/wp\/v2\/product_cat?post=9566"},{"taxonomy":"product_tag","embeddable":true,"href":"https:\/\/dielfe.com.ar\/en\/wp-json\/wp\/v2\/product_tag?post=9566"}],"curies":[{"name":"wp","href":"https:\/\/api.w.org\/{rel}","templated":true}]}}