{"id":9442,"date":"2024-01-24T11:36:14","date_gmt":"2024-01-24T14:36:14","guid":{"rendered":"https:\/\/dielfe.com.ar\/?post_type=product&#038;p=9442"},"modified":"2026-01-21T13:50:48","modified_gmt":"2026-01-21T16:50:48","slug":"mce120","status":"publish","type":"product","link":"https:\/\/dielfe.com.ar\/en\/product\/mce120\/","title":{"rendered":"<b>MESA<\/b> EXTERIOR 120"},"content":{"rendered":"<p class=\"p1\">La mesa de exterior tiene un aspecto moderno y su est\u00e9tica es adecuada para combinar en cualquier ambiente al aire libre.<span class=\"Apple-converted-space\">\u00a0<\/span><\/p>\n<p class=\"p1\">Esta mesa cuenta con un dise\u00f1o de estilo minimalista realizado con equipos de \u00faltima generaci\u00f3n de corte l\u00e1ser.<\/p>\n<p class=\"p1\">Permitiendo as\u00ed obtener un espacio funcional en el ambiente que se la utilice.<span class=\"Apple-converted-space\">\u00a0<\/span><\/p>\n<p class=\"p1\">Producida en chapa viene en las opciones de color Blanco o Negro.<\/p>","protected":false},"excerpt":{"rendered":"<p><strong>SUCIEDAD LIGERA Y RECIENTE<\/strong><\/p>\n<p>Limpiar con papel de cocina, un trapo de microfibra suave y limpio (seco o humedo).<\/p>\n<p><strong>MANCHAS<\/strong><\/p>\n<p>Limpiar con agua caliente, trapos o pa\u00f1os de microfibra, esponjas o cepillos blandos utilizando productos de limpieza corriente. Terminar con un aclarado con agua limpia y eliminar totalmente el producto de limpieza, posteriormente secar con pa\u00f1o limpio.<\/p>\n<p><strong>PRODUCTOS PROHIBIDOS PARA LA LIMPIEZA<\/strong><\/p>\n<p>Sustancias abrasivas y decapantes (polvos de fragar, esponjas rasposas ,lana de acero). Productos de pulido, ceras, agentes blanqueadores. Productos acidos. Aparatos de limpieza al vapor.<\/p>","protected":false},"featured_media":11396,"template":"","meta":{"_joinchat":[]},"product_brand":[],"product_cat":[97,72],"product_tag":[],"class_list":{"0":"post-9442","1":"product","2":"type-product","3":"status-publish","4":"has-post-thumbnail","6":"product_cat-exterior","7":"product_cat-mesas","9":"first","10":"instock","11":"shipping-taxable","12":"purchasable","13":"product-type-variable"},"_links":{"self":[{"href":"https:\/\/dielfe.com.ar\/en\/wp-json\/wp\/v2\/product\/9442","targetHints":{"allow":["GET"]}}],"collection":[{"href":"https:\/\/dielfe.com.ar\/en\/wp-json\/wp\/v2\/product"}],"about":[{"href":"https:\/\/dielfe.com.ar\/en\/wp-json\/wp\/v2\/types\/product"}],"wp:featuredmedia":[{"embeddable":true,"href":"https:\/\/dielfe.com.ar\/en\/wp-json\/wp\/v2\/media\/11396"}],"wp:attachment":[{"href":"https:\/\/dielfe.com.ar\/en\/wp-json\/wp\/v2\/media?parent=9442"}],"wp:term":[{"taxonomy":"product_brand","embeddable":true,"href":"https:\/\/dielfe.com.ar\/en\/wp-json\/wp\/v2\/product_brand?post=9442"},{"taxonomy":"product_cat","embeddable":true,"href":"https:\/\/dielfe.com.ar\/en\/wp-json\/wp\/v2\/product_cat?post=9442"},{"taxonomy":"product_tag","embeddable":true,"href":"https:\/\/dielfe.com.ar\/en\/wp-json\/wp\/v2\/product_tag?post=9442"}],"curies":[{"name":"wp","href":"https:\/\/api.w.org\/{rel}","templated":true}]}}