{"id":9405,"date":"2024-01-24T09:56:09","date_gmt":"2024-01-24T12:56:09","guid":{"rendered":"https:\/\/dielfe.com.ar\/?post_type=product&#038;p=9405"},"modified":"2026-01-05T16:22:45","modified_gmt":"2026-01-05T19:22:45","slug":"esi060","status":"publish","type":"product","link":"https:\/\/dielfe.com.ar\/en\/product\/esi060\/","title":{"rendered":"<b>SOBRE INODORO<\/b>"},"content":{"rendered":"<p class=\"p1\">El sobre inodoro es un mueble de estilo moderno, dado por la combinaci\u00f3n que se da entre la madera y su estructura met\u00e1lica. Su construcci\u00f3n en dos marcos de tubo 50&#215;20 lo hacen muy resistente y duradero.<span class=\"Apple-converted-space\">\u00a0<\/span><\/p>\n<p class=\"p1\">Disponible en color blanco o en negro, tanto la parte de melamina como met\u00e1lica.<\/p>","protected":false},"excerpt":{"rendered":"<p><strong>SUCIEDAD LIGERA Y RECIENTE<\/strong><\/p>\n<p>Limpiar con papel de cocina, un trapo de microfibra suave y limpio (seco o humedo).<\/p>\n<p><strong>MANCHAS<\/strong><\/p>\n<p>Limpiar con agua caliente, trapos o pa\u00f1os de microfibra, esponjas o cepillos blandos utilizando productos de limpieza corriente. Terminar con un aclarado con agua limpia y eliminar totalmente el producto de limpieza, posteriormente secar con pa\u00f1o limpio.<\/p>\n<p><strong>PRODUCTOS PROHIBIDOS PARA LA LIMPIEZA<\/strong><\/p>\n<p>Sustancias abrasivas y decapantes (polvos de fragar, esponjas rasposas ,lana de acero). Productos de pulido, ceras, agentes blanqueadores. Productos acidos. Aparatos de limpieza al vapor.<\/p>","protected":false},"featured_media":10504,"template":"","meta":{"_joinchat":[]},"product_brand":[],"product_cat":[49,50,80],"product_tag":[25],"class_list":{"0":"post-9405","1":"product","2":"type-product","3":"status-publish","4":"has-post-thumbnail","6":"product_cat-multifuncion","7":"product_cat-servicio","8":"product_cat-sobre-inodoro","9":"product_tag-clasica","11":"first","12":"instock","13":"sold-individually","14":"shipping-taxable","15":"purchasable","16":"product-type-variable"},"_links":{"self":[{"href":"https:\/\/dielfe.com.ar\/en\/wp-json\/wp\/v2\/product\/9405","targetHints":{"allow":["GET"]}}],"collection":[{"href":"https:\/\/dielfe.com.ar\/en\/wp-json\/wp\/v2\/product"}],"about":[{"href":"https:\/\/dielfe.com.ar\/en\/wp-json\/wp\/v2\/types\/product"}],"wp:featuredmedia":[{"embeddable":true,"href":"https:\/\/dielfe.com.ar\/en\/wp-json\/wp\/v2\/media\/10504"}],"wp:attachment":[{"href":"https:\/\/dielfe.com.ar\/en\/wp-json\/wp\/v2\/media?parent=9405"}],"wp:term":[{"taxonomy":"product_brand","embeddable":true,"href":"https:\/\/dielfe.com.ar\/en\/wp-json\/wp\/v2\/product_brand?post=9405"},{"taxonomy":"product_cat","embeddable":true,"href":"https:\/\/dielfe.com.ar\/en\/wp-json\/wp\/v2\/product_cat?post=9405"},{"taxonomy":"product_tag","embeddable":true,"href":"https:\/\/dielfe.com.ar\/en\/wp-json\/wp\/v2\/product_tag?post=9405"}],"curies":[{"name":"wp","href":"https:\/\/api.w.org\/{rel}","templated":true}]}}