{"id":9375,"date":"2024-01-23T12:41:15","date_gmt":"2024-01-23T15:41:15","guid":{"rendered":"https:\/\/dielfe.com.ar\/?post_type=product&#038;p=9375"},"modified":"2026-01-21T11:46:41","modified_gmt":"2026-01-21T14:46:41","slug":"epn100","status":"publish","type":"product","link":"https:\/\/dielfe.com.ar\/en\/product\/epn100\/","title":{"rendered":"<b>ESCRITORIO<\/b> NIZA"},"content":{"rendered":"<p class=\"p1\">El escritorio de la l\u00ednea Niza crea una fusi\u00f3n perfecta de funcionalidad y estilo.<span class=\"Apple-converted-space\">\u00a0<\/span><\/p>\n<p class=\"p1\">Este mueble est\u00e1 dise\u00f1ado en una estructura en forma de &#8220;U&#8221; de melamina caracter\u00edstica de la l\u00ednea. Ofrece un espacio de trabajo con un estante inferior dividido en dos que proporciona un espacio de guardado y en la parte superior otro espacio con dos puertas.<\/p>\n<p class=\"p1\">Este escritorio no solo a\u00f1ade estilo a su entorno, sino que tambi\u00e9n se integra armoniosamente en la decoraci\u00f3n de su hogar u oficina con su dise\u00f1o atractivo y colores elegantes.<\/p>","protected":false},"excerpt":{"rendered":"<p><strong>SUCIEDAD LIGERA Y RECIENTE<\/strong><\/p>\n<p>Limpiar con papel de cocina, un trapo de microfibra suave y limpio (seco o humedo).<\/p>\n<p><strong>MANCHAS<\/strong><\/p>\n<p>Limpiar con agua caliente, trapos o pa\u00f1os de microfibra, esponjas o cepillos blandos utilizando productos de limpieza corriente. Terminar con un aclarado con agua limpia y eliminar totalmente el producto de limpieza, posteriormente secar con pa\u00f1o limpio.<\/p>\n<p><strong>PRODUCTOS PROHIBIDOS PARA LA LIMPIEZA<\/strong><\/p>\n<p>Sustancias abrasivas y decapantes (polvos de fragar, esponjas rasposas ,lana de acero). Productos de pulido, ceras, agentes blanqueadores. Productos acidos. Aparatos de limpieza al vapor.<\/p>","protected":false},"featured_media":11276,"template":"","meta":{"_joinchat":[]},"product_brand":[],"product_cat":[36,98],"product_tag":[96],"class_list":{"0":"post-9375","1":"product","2":"type-product","3":"status-publish","4":"has-post-thumbnail","6":"product_cat-escritorios","7":"product_cat-estudio","8":"product_tag-niza","10":"first","11":"instock","12":"shipping-taxable","13":"purchasable","14":"product-type-variable"},"_links":{"self":[{"href":"https:\/\/dielfe.com.ar\/en\/wp-json\/wp\/v2\/product\/9375","targetHints":{"allow":["GET"]}}],"collection":[{"href":"https:\/\/dielfe.com.ar\/en\/wp-json\/wp\/v2\/product"}],"about":[{"href":"https:\/\/dielfe.com.ar\/en\/wp-json\/wp\/v2\/types\/product"}],"wp:featuredmedia":[{"embeddable":true,"href":"https:\/\/dielfe.com.ar\/en\/wp-json\/wp\/v2\/media\/11276"}],"wp:attachment":[{"href":"https:\/\/dielfe.com.ar\/en\/wp-json\/wp\/v2\/media?parent=9375"}],"wp:term":[{"taxonomy":"product_brand","embeddable":true,"href":"https:\/\/dielfe.com.ar\/en\/wp-json\/wp\/v2\/product_brand?post=9375"},{"taxonomy":"product_cat","embeddable":true,"href":"https:\/\/dielfe.com.ar\/en\/wp-json\/wp\/v2\/product_cat?post=9375"},{"taxonomy":"product_tag","embeddable":true,"href":"https:\/\/dielfe.com.ar\/en\/wp-json\/wp\/v2\/product_tag?post=9375"}],"curies":[{"name":"wp","href":"https:\/\/api.w.org\/{rel}","templated":true}]}}