{"id":9352,"date":"2024-01-23T12:23:19","date_gmt":"2024-01-23T15:23:19","guid":{"rendered":"https:\/\/dielfe.com.ar\/?post_type=product&#038;p=9352"},"modified":"2026-01-21T14:24:47","modified_gmt":"2026-01-21T17:24:47","slug":"cpn040","status":"publish","type":"product","link":"https:\/\/dielfe.com.ar\/en\/product\/cpn040\/","title":{"rendered":"<b>COLUMNA<\/b> NIZA"},"content":{"rendered":"<p class=\"p1\">El organizador en forma de columna de la l\u00ednea Niza crea una fusi\u00f3n perfecta de funcionalidad y estilo.<\/p>\n<p class=\"p1\">Ofrece una puerta y tres estantes vers\u00e1tiles para organizar objetos funcionales y decorativos seg\u00fan sus necesidades.<\/p>\n<p class=\"p1\">Con su dise\u00f1o atractivo y colores elegantes, este mueble no solo es una soluci\u00f3n de almacenamiento pr\u00e1ctica, sino tambi\u00e9n un elemento decorativo.<\/p>","protected":false},"excerpt":{"rendered":"<p><strong>SUCIEDAD LIGERA Y RECIENTE<\/strong><\/p>\n<p>Limpiar con papel de cocina, un trapo de microfibra suave y limpio (seco o humedo).<\/p>\n<p><strong>MANCHAS<\/strong><\/p>\n<p>Limpiar con agua caliente, trapos o pa\u00f1os de microfibra, esponjas o cepillos blandos utilizando productos de limpieza corriente. Terminar con un aclarado con agua limpia y eliminar totalmente el producto de limpieza, posteriormente secar con pa\u00f1o limpio.<\/p>\n<p><strong>PRODUCTOS PROHIBIDOS PARA LA LIMPIEZA<\/strong><\/p>\n<p>Sustancias abrasivas y decapantes (polvos de fragar, esponjas rasposas ,lana de acero). Productos de pulido, ceras, agentes blanqueadores. Productos acidos. Aparatos de limpieza al vapor.<\/p>","protected":false},"featured_media":11446,"template":"","meta":{"_joinchat":[]},"product_brand":[],"product_cat":[24,56,27],"product_tag":[96],"class_list":{"0":"post-9352","1":"product","2":"type-product","3":"status-publish","4":"has-post-thumbnail","6":"product_cat-biblioteca","7":"product_cat-living","8":"product_cat-organizador","9":"product_tag-niza","11":"first","12":"instock","13":"shipping-taxable","14":"purchasable","15":"product-type-variable"},"_links":{"self":[{"href":"https:\/\/dielfe.com.ar\/en\/wp-json\/wp\/v2\/product\/9352","targetHints":{"allow":["GET"]}}],"collection":[{"href":"https:\/\/dielfe.com.ar\/en\/wp-json\/wp\/v2\/product"}],"about":[{"href":"https:\/\/dielfe.com.ar\/en\/wp-json\/wp\/v2\/types\/product"}],"wp:featuredmedia":[{"embeddable":true,"href":"https:\/\/dielfe.com.ar\/en\/wp-json\/wp\/v2\/media\/11446"}],"wp:attachment":[{"href":"https:\/\/dielfe.com.ar\/en\/wp-json\/wp\/v2\/media?parent=9352"}],"wp:term":[{"taxonomy":"product_brand","embeddable":true,"href":"https:\/\/dielfe.com.ar\/en\/wp-json\/wp\/v2\/product_brand?post=9352"},{"taxonomy":"product_cat","embeddable":true,"href":"https:\/\/dielfe.com.ar\/en\/wp-json\/wp\/v2\/product_cat?post=9352"},{"taxonomy":"product_tag","embeddable":true,"href":"https:\/\/dielfe.com.ar\/en\/wp-json\/wp\/v2\/product_tag?post=9352"}],"curies":[{"name":"wp","href":"https:\/\/api.w.org\/{rel}","templated":true}]}}