{"id":9349,"date":"2024-01-23T12:23:05","date_gmt":"2024-01-23T15:23:05","guid":{"rendered":"https:\/\/dielfe.com.ar\/?post_type=product&#038;p=9349"},"modified":"2026-01-21T11:40:57","modified_gmt":"2026-01-21T14:40:57","slug":"cen180","status":"publish","type":"product","link":"https:\/\/dielfe.com.ar\/en\/product\/cen180\/","title":{"rendered":"<b>CENTRO DE ENTRETENIMIENTO<\/b> NIZA"},"content":{"rendered":"<p class=\"p1\">El Centro de entretenimiento, de la l\u00ednea Niza, se destaca por su dise\u00f1o moderno. Las puertas y cajones se abren sin necesidad de tiradores. Este vers\u00e1til mueble ofrece siete espacios de almacenamiento integr\u00e1ndose armoniosamente en la decoraci\u00f3n del hogar. Disponible en la combinaci\u00f3n de Gris y Roble Bardolino.<\/p>","protected":false},"excerpt":{"rendered":"<p><strong>SUCIEDAD LIGERA Y RECIENTE<\/strong><\/p>\n<p>Limpiar con papel de cocina, un trapo de microfibra suave y limpio (seco o humedo).<\/p>\n<p><strong>MANCHAS<\/strong><\/p>\n<p>Limpiar con agua caliente, trapos o pa\u00f1os de microfibra, esponjas o cepillos blandos utilizando productos de limpieza corriente. Terminar con un aclarado con agua limpia y eliminar totalmente el producto de limpieza, posteriormente secar con pa\u00f1o limpio.<\/p>\n<p><strong>PRODUCTOS PROHIBIDOS PARA LA LIMPIEZA<\/strong><\/p>\n<p>Sustancias abrasivas y decapantes (polvos de fragar, esponjas rasposas ,lana de acero). Productos de pulido, ceras, agentes blanqueadores. Productos acidos. Aparatos de limpieza al vapor.<\/p>","protected":false},"featured_media":11274,"template":"","meta":{"_joinchat":[]},"product_brand":[],"product_cat":[56,58],"product_tag":[96],"class_list":{"0":"post-9349","1":"product","2":"type-product","3":"status-publish","4":"has-post-thumbnail","6":"product_cat-living","7":"product_cat-rack-tv","8":"product_tag-niza","10":"first","11":"instock","12":"shipping-taxable","13":"purchasable","14":"product-type-variable"},"_links":{"self":[{"href":"https:\/\/dielfe.com.ar\/en\/wp-json\/wp\/v2\/product\/9349","targetHints":{"allow":["GET"]}}],"collection":[{"href":"https:\/\/dielfe.com.ar\/en\/wp-json\/wp\/v2\/product"}],"about":[{"href":"https:\/\/dielfe.com.ar\/en\/wp-json\/wp\/v2\/types\/product"}],"wp:featuredmedia":[{"embeddable":true,"href":"https:\/\/dielfe.com.ar\/en\/wp-json\/wp\/v2\/media\/11274"}],"wp:attachment":[{"href":"https:\/\/dielfe.com.ar\/en\/wp-json\/wp\/v2\/media?parent=9349"}],"wp:term":[{"taxonomy":"product_brand","embeddable":true,"href":"https:\/\/dielfe.com.ar\/en\/wp-json\/wp\/v2\/product_brand?post=9349"},{"taxonomy":"product_cat","embeddable":true,"href":"https:\/\/dielfe.com.ar\/en\/wp-json\/wp\/v2\/product_cat?post=9349"},{"taxonomy":"product_tag","embeddable":true,"href":"https:\/\/dielfe.com.ar\/en\/wp-json\/wp\/v2\/product_tag?post=9349"}],"curies":[{"name":"wp","href":"https:\/\/api.w.org\/{rel}","templated":true}]}}