{"id":9323,"date":"2024-01-23T10:58:45","date_gmt":"2024-01-23T13:58:45","guid":{"rendered":"https:\/\/dielfe.com.ar\/?post_type=product&#038;p=9323"},"modified":"2026-01-21T14:17:20","modified_gmt":"2026-01-21T17:17:20","slug":"cpi003","status":"publish","type":"product","link":"https:\/\/dielfe.com.ar\/en\/product\/cpi003\/","title":{"rendered":"<b>M\u00d3DULO<\/b> INDUSTRIAL"},"content":{"rendered":"<p class=\"p1\">La cajonera es un m\u00f3dulo de 3 cajones de la l\u00ednea industrial, logrado por su aspecto r\u00fastico y robusto. El dise\u00f1o est\u00e1 compuesto por un cuerpo principal de melamina y patas de ca\u00f1o redondo curvado.<span class=\"Apple-converted-space\">\u00a0<\/span><\/p>\n<p class=\"p1\">Lo pod\u00e9s encontrar en las combinaciones de color atakama en su totalidad y las patas en color negras.<\/p>","protected":false},"excerpt":{"rendered":"<p><strong>SUCIEDAD LIGERA Y RECIENTE<\/strong><\/p>\n<p>Limpiar con papel de cocina, un trapo de microfibra suave y limpio (seco o h\u00famedo).<\/p>\n<p><strong>MANCHAS<\/strong><\/p>\n<p>Limpiar con agua caliente, trapos o pa\u00f1os de microfibra, esponjas o cepillos blandos utilizando productos de limpieza corriente. Terminar con un aclarado con agua limpia y eliminar totalmente el producto de limpieza, posteriormente secar con pa\u00f1o limpio.<\/p>\n<p><strong>PRODUCTOS PROHIBIDOS PARA LA LIMPIEZA<\/strong><\/p>\n<p>Sustancias abrasivas y decapantes (polvos de fregar, esponjas rasposas ,lana de acero). Productos de pulido, ceras, agentes blanqueadores. Productos \u00e1cidos. Aparatos de limpieza al vapor.<\/p>","protected":false},"featured_media":11433,"template":"","meta":{"_joinchat":[]},"product_brand":[],"product_cat":[24,98,56,27],"product_tag":[45],"class_list":{"0":"post-9323","1":"product","2":"type-product","3":"status-publish","4":"has-post-thumbnail","6":"product_cat-biblioteca","7":"product_cat-estudio","8":"product_cat-living","9":"product_cat-organizador","10":"product_tag-industrial","12":"first","13":"instock","14":"shipping-taxable","15":"purchasable","16":"product-type-variable"},"_links":{"self":[{"href":"https:\/\/dielfe.com.ar\/en\/wp-json\/wp\/v2\/product\/9323","targetHints":{"allow":["GET"]}}],"collection":[{"href":"https:\/\/dielfe.com.ar\/en\/wp-json\/wp\/v2\/product"}],"about":[{"href":"https:\/\/dielfe.com.ar\/en\/wp-json\/wp\/v2\/types\/product"}],"wp:featuredmedia":[{"embeddable":true,"href":"https:\/\/dielfe.com.ar\/en\/wp-json\/wp\/v2\/media\/11433"}],"wp:attachment":[{"href":"https:\/\/dielfe.com.ar\/en\/wp-json\/wp\/v2\/media?parent=9323"}],"wp:term":[{"taxonomy":"product_brand","embeddable":true,"href":"https:\/\/dielfe.com.ar\/en\/wp-json\/wp\/v2\/product_brand?post=9323"},{"taxonomy":"product_cat","embeddable":true,"href":"https:\/\/dielfe.com.ar\/en\/wp-json\/wp\/v2\/product_cat?post=9323"},{"taxonomy":"product_tag","embeddable":true,"href":"https:\/\/dielfe.com.ar\/en\/wp-json\/wp\/v2\/product_tag?post=9323"}],"curies":[{"name":"wp","href":"https:\/\/api.w.org\/{rel}","templated":true}]}}