{"id":9285,"date":"2024-01-22T10:56:12","date_gmt":"2024-01-22T13:56:12","guid":{"rendered":"https:\/\/dielfe.com.ar\/?post_type=product&#038;p=9285"},"modified":"2026-01-21T13:48:12","modified_gmt":"2026-01-21T16:48:12","slug":"mam030","status":"publish","type":"product","link":"https:\/\/dielfe.com.ar\/en\/product\/mam030\/","title":{"rendered":"<b>MESA<\/b> DE ARRIME SOHO"},"content":{"rendered":"<p class=\"p1\">La mesa de arrime est\u00e1 construida en una combinaci\u00f3n lograda con melamina y ca\u00f1os en su estructura.<span class=\"Apple-converted-space\">\u00a0<\/span><\/p>\n<p class=\"p1\">El dise\u00f1o simple hace que pueda ser utilizada en diferentes ambientes tanto en dormitorios como tambi\u00e9n en un living o comedor es ideal para colocar objetos decorativos o para alimentos y bebidas.<\/p>","protected":false},"excerpt":{"rendered":"<p><a href=\"https:\/\/dielfe.com.ar\/en\/hello-world\/\"><img decoding=\"async\" class=\"alignnone wp-image-8335\" src=\"http:\/\/dielfe.com.ar\/wp-content\/uploads\/2023\/07\/sello-Buen-Diseno-300x179.jpeg\" alt=\"\" width=\"240\" height=\"143\" srcset=\"https:\/\/dielfe.com.ar\/wp-content\/uploads\/2023\/07\/sello-Buen-Diseno-300x179.jpeg 300w, https:\/\/dielfe.com.ar\/wp-content\/uploads\/2023\/07\/sello-Buen-Diseno-1024x612.jpeg 1024w, https:\/\/dielfe.com.ar\/wp-content\/uploads\/2023\/07\/sello-Buen-Diseno-768x459.jpeg 768w, https:\/\/dielfe.com.ar\/wp-content\/uploads\/2023\/07\/sello-Buen-Diseno-400x239.jpeg 400w, https:\/\/dielfe.com.ar\/wp-content\/uploads\/2023\/07\/sello-Buen-Diseno-600x359.jpeg 600w, https:\/\/dielfe.com.ar\/wp-content\/uploads\/2023\/07\/sello-Buen-Diseno.jpeg 1181w\" sizes=\"(max-width: 240px) 100vw, 240px\" \/><\/a><\/p>\n<p><strong>SUCIEDAD LIGERA Y RECIENTE<\/strong><\/p>\n<p>Limpiar con papel de cocina, un trapo de microfibra suave y limpio (seco o humedo).<\/p>\n<p><strong>MANCHAS<\/strong><\/p>\n<p>Limpiar con agua caliente, trapos o pa\u00f1os de microfibra, esponjas o cepillos blandos utilizando productos de limpieza corriente. Terminar con un aclarado con agua limpia y eliminar totalmente el producto de limpieza, posteriormente secar con pa\u00f1o limpio.<\/p>\n<p><strong>PRODUCTOS PROHIBIDOS PARA LA LIMPIEZA<\/strong><\/p>\n<p>Sustancias abrasivas y decapantes (polvos de fragar, esponjas rasposas ,lana de acero). Productos de pulido, ceras, agentes blanqueadores. Productos acidos. Aparatos de limpieza al vapor.<\/p>\n<p><strong>DIMENSIONES DEL PRODUCTO<\/strong><\/p>\n<table class=\"default\">\n<tbody>\n<tr>\n<td><strong>Alto<\/strong><\/td>\n<td><strong>Ancho<\/strong><\/td>\n<td><strong>Profundad<\/strong><\/td>\n<\/tr>\n<tr>\n<td>67 cm<\/td>\n<td>29.4 cm<\/td>\n<td>36.4 cm<\/td>\n<\/tr>\n<\/tbody>\n<\/table>\n<p><strong>DIMENSIONES DEL EMBALAJE<\/strong><\/p>\n<table class=\"default\">\n<tbody>\n<tr>\n<td><strong>Alto<\/strong><\/td>\n<td><strong>Ancho<\/strong><\/td>\n<td><strong>Profundad<\/strong><\/td>\n<td><strong>Peso<\/strong><\/td>\n<\/tr>\n<tr>\n<td>4 cm<\/td>\n<td>36.5 cm<\/td>\n<td>65.5 cm<\/td>\n<td>3.2 kg<\/td>\n<\/tr>\n<\/tbody>\n<\/table>\n<p><strong>PESO APROX.<\/strong> 3 kilogramos<\/p>","protected":false},"featured_media":11395,"template":"","meta":{"_joinchat":[]},"product_brand":[],"product_cat":[37,56,76,72],"product_tag":[43,44],"class_list":{"0":"post-9285","1":"product","2":"type-product","3":"status-publish","4":"has-post-thumbnail","6":"product_cat-dormitorio","7":"product_cat-living","8":"product_cat-mesa-arrime-muebles-cocina","9":"product_cat-mesas","10":"product_tag-sello-buen-diseno-argentino","11":"product_tag-soho","13":"first","14":"instock","15":"shipping-taxable","16":"purchasable","17":"product-type-variable"},"_links":{"self":[{"href":"https:\/\/dielfe.com.ar\/en\/wp-json\/wp\/v2\/product\/9285","targetHints":{"allow":["GET"]}}],"collection":[{"href":"https:\/\/dielfe.com.ar\/en\/wp-json\/wp\/v2\/product"}],"about":[{"href":"https:\/\/dielfe.com.ar\/en\/wp-json\/wp\/v2\/types\/product"}],"wp:featuredmedia":[{"embeddable":true,"href":"https:\/\/dielfe.com.ar\/en\/wp-json\/wp\/v2\/media\/11395"}],"wp:attachment":[{"href":"https:\/\/dielfe.com.ar\/en\/wp-json\/wp\/v2\/media?parent=9285"}],"wp:term":[{"taxonomy":"product_brand","embeddable":true,"href":"https:\/\/dielfe.com.ar\/en\/wp-json\/wp\/v2\/product_brand?post=9285"},{"taxonomy":"product_cat","embeddable":true,"href":"https:\/\/dielfe.com.ar\/en\/wp-json\/wp\/v2\/product_cat?post=9285"},{"taxonomy":"product_tag","embeddable":true,"href":"https:\/\/dielfe.com.ar\/en\/wp-json\/wp\/v2\/product_tag?post=9285"}],"curies":[{"name":"wp","href":"https:\/\/api.w.org\/{rel}","templated":true}]}}