{"id":9263,"date":"2024-01-22T10:47:49","date_gmt":"2024-01-22T13:47:49","guid":{"rendered":"https:\/\/dielfe.com.ar\/?post_type=product&#038;p=9263"},"modified":"2026-01-21T11:47:52","modified_gmt":"2026-01-21T14:47:52","slug":"eps120","status":"publish","type":"product","link":"https:\/\/dielfe.com.ar\/en\/product\/eps120\/","title":{"rendered":"<b>ESCRITORIO<\/b> SOHO"},"content":{"rendered":"<p class=\"p1\">Este escritorio con puertas es un producto de la l\u00ednea Soho, se caracteriza por su dise\u00f1o minimalista de estilo industrial y est\u00e1 compuesto por un cuerpo principal de melamina, patas de chapa plegada en la parte inferior, y un marco de metal que aporta al estilo caracter\u00edstico de la l\u00ednea.<span class=\"Apple-converted-space\">\u00a0<\/span><\/p>\n<p class=\"p1\">Este producto cuenta con dos espacios de guardado en dos niveles distintos, uno sobre otro, con puertas de melamina que protegen su interior.<span class=\"Apple-converted-space\">\u00a0<\/span><\/p>\n<p class=\"p1\">El escritorio con puertas soho es ideal para funcionar en espacios como un cuarto oficina, el dormitorio o el espacio de estar.<\/p>","protected":false},"excerpt":{"rendered":"<p><strong>SUCIEDAD LIGERA Y RECIENTE<\/strong><\/p>\n<p>Limpiar con papel de cocina, un trapo de microfibra suave y limpio (seco o humedo).<\/p>\n<p><strong>MANCHAS<\/strong><\/p>\n<p>Limpiar con agua caliente, trapos o pa\u00f1os de microfibra, esponjas o cepillos blandos utilizando productos de limpieza corriente. Terminar con un aclarado con agua limpia y eliminar totalmente el producto de limpieza, posteriormente secar con pa\u00f1o limpio.<\/p>\n<p><strong>PRODUCTOS PROHIBIDOS PARA LA LIMPIEZA<\/strong><\/p>\n<p>Sustancias abrasivas y decapantes (polvos de fragar, esponjas rasposas ,lana de acero). Productos de pulido, ceras, agentes blanqueadores. Productos acidos. Aparatos de limpieza al vapor.<\/p>","protected":false},"featured_media":11278,"template":"","meta":{"_joinchat":[]},"product_brand":[],"product_cat":[36,98],"product_tag":[43,44],"class_list":{"0":"post-9263","1":"product","2":"type-product","3":"status-publish","4":"has-post-thumbnail","6":"product_cat-escritorios","7":"product_cat-estudio","8":"product_tag-sello-buen-diseno-argentino","9":"product_tag-soho","11":"first","12":"instock","13":"virtual","14":"purchasable","15":"product-type-simple"},"_links":{"self":[{"href":"https:\/\/dielfe.com.ar\/en\/wp-json\/wp\/v2\/product\/9263","targetHints":{"allow":["GET"]}}],"collection":[{"href":"https:\/\/dielfe.com.ar\/en\/wp-json\/wp\/v2\/product"}],"about":[{"href":"https:\/\/dielfe.com.ar\/en\/wp-json\/wp\/v2\/types\/product"}],"wp:featuredmedia":[{"embeddable":true,"href":"https:\/\/dielfe.com.ar\/en\/wp-json\/wp\/v2\/media\/11278"}],"wp:attachment":[{"href":"https:\/\/dielfe.com.ar\/en\/wp-json\/wp\/v2\/media?parent=9263"}],"wp:term":[{"taxonomy":"product_brand","embeddable":true,"href":"https:\/\/dielfe.com.ar\/en\/wp-json\/wp\/v2\/product_brand?post=9263"},{"taxonomy":"product_cat","embeddable":true,"href":"https:\/\/dielfe.com.ar\/en\/wp-json\/wp\/v2\/product_cat?post=9263"},{"taxonomy":"product_tag","embeddable":true,"href":"https:\/\/dielfe.com.ar\/en\/wp-json\/wp\/v2\/product_tag?post=9263"}],"curies":[{"name":"wp","href":"https:\/\/api.w.org\/{rel}","templated":true}]}}