{"id":9254,"date":"2024-01-22T10:42:28","date_gmt":"2024-01-22T13:42:28","guid":{"rendered":"https:\/\/dielfe.com.ar\/?post_type=product&#038;p=9254"},"modified":"2026-01-08T09:33:54","modified_gmt":"2026-01-08T12:33:54","slug":"bcs023","status":"publish","type":"product","link":"https:\/\/dielfe.com.ar\/en\/product\/bcs023\/","title":{"rendered":"<b>BANQUETA<\/b> SOHO"},"content":{"rendered":"<p class=\"p1\">La banqueta de chapa Soho es de estilo industrial y est\u00e1 construida \u00edntegramente en una estructura met\u00e1lica. La parte del asiento est\u00e1 resuelta con chapa curvada que le ofrece al usuario un respaldo ideal para reposar la espalda. Se puede encontrar en color negro.<\/p>","protected":false},"excerpt":{"rendered":"<p><strong>SUCIEDAD LIGERA Y RECIENTE<\/strong><\/p>\n<p>Limpiar con papel de cocina, un trapo de microfibra suave y limpio (seco o humedo).<\/p>\n<p><strong>MANCHAS<\/strong><\/p>\n<p>Limpiar con agua caliente, trapos o pa\u00f1os de microfibra, esponjas o cepillos blandos utilizando productos de limpieza corriente. Terminar con un aclarado con agua limpia y eliminar totalmente el producto de limpieza, posteriormente secar con pa\u00f1o limpio.<\/p>\n<p><strong>PRODUCTOS PROHIBIDOS PARA LA LIMPIEZA<\/strong><\/p>\n<p>Sustancias abrasivas y decapantes (polvos de fragar, esponjas rasposas ,lana de acero). Productos de pulido, ceras, agentes blanqueadores. Productos acidos. Aparatos de limpieza al vapor.<\/p>","protected":false},"featured_media":10554,"template":"","meta":{"_joinchat":[]},"product_brand":[],"product_cat":[29,30],"product_tag":[43,44],"class_list":{"0":"post-9254","1":"product","2":"type-product","3":"status-publish","4":"has-post-thumbnail","6":"product_cat-banqueta","7":"product_cat-comedor","8":"product_tag-sello-buen-diseno-argentino","9":"product_tag-soho","11":"first","12":"instock","13":"virtual","14":"purchasable","15":"product-type-simple"},"_links":{"self":[{"href":"https:\/\/dielfe.com.ar\/en\/wp-json\/wp\/v2\/product\/9254","targetHints":{"allow":["GET"]}}],"collection":[{"href":"https:\/\/dielfe.com.ar\/en\/wp-json\/wp\/v2\/product"}],"about":[{"href":"https:\/\/dielfe.com.ar\/en\/wp-json\/wp\/v2\/types\/product"}],"wp:featuredmedia":[{"embeddable":true,"href":"https:\/\/dielfe.com.ar\/en\/wp-json\/wp\/v2\/media\/10554"}],"wp:attachment":[{"href":"https:\/\/dielfe.com.ar\/en\/wp-json\/wp\/v2\/media?parent=9254"}],"wp:term":[{"taxonomy":"product_brand","embeddable":true,"href":"https:\/\/dielfe.com.ar\/en\/wp-json\/wp\/v2\/product_brand?post=9254"},{"taxonomy":"product_cat","embeddable":true,"href":"https:\/\/dielfe.com.ar\/en\/wp-json\/wp\/v2\/product_cat?post=9254"},{"taxonomy":"product_tag","embeddable":true,"href":"https:\/\/dielfe.com.ar\/en\/wp-json\/wp\/v2\/product_tag?post=9254"}],"curies":[{"name":"wp","href":"https:\/\/api.w.org\/{rel}","templated":true}]}}