{"id":835,"date":"2021-09-03T16:03:00","date_gmt":"2021-09-03T16:03:00","guid":{"rendered":"https:\/\/dielfe.kiri.ar\/?post_type=product&#038;p=835"},"modified":"2024-01-30T16:09:54","modified_gmt":"2024-01-30T19:09:54","slug":"sbk2018","status":"publish","type":"product","link":"https:\/\/dielfe.com.ar\/en\/product\/sbk2018\/","title":{"rendered":"<b>SILLA<\/b> MADISON"},"content":{"rendered":"<p class=\"p1\">La silla madison es un producto de estilo industrial con referencias de antiguos dise\u00f1os hist\u00f3ricos b\u00e1sicos en metal. Este estilo proporciona una identidad \u00fanica a los distintos ambientes del hogar, y tambi\u00e9n en espacios comerciales, como bares, restaurantes, cafeter\u00edas.<span class=\"Apple-converted-space\">\u00a0<\/span><\/p>\n<p class=\"p1\">La silla madison est\u00e1 compuesta por una estructura de tubo que recorre todo el respaldo y a su vez tiene una chapa plegada para ofrecer m\u00e1s comodidad en el apoyo, adem\u00e1s el producto cuenta con un asiento tapizado con cuerina sint\u00e9tica que hace de este un apoyo confortable.<\/p>\n<p>&nbsp;<\/p>","protected":false},"excerpt":{"rendered":"<p><strong>DIMENSIONES DEL PRODUCTO<\/strong><\/p>\n<table class=\"default\">\n<tbody>\n<tr>\n<td><strong>Alto<\/strong><\/td>\n<td><strong>Ancho<\/strong><\/td>\n<td><strong>Profundad<\/strong><\/td>\n<\/tr>\n<tr>\n<td>90 cm<\/td>\n<td>50 cm<\/td>\n<td>53 cm<\/td>\n<\/tr>\n<\/tbody>\n<\/table>\n<p><strong>DIMENSIONES DEL EMBALAJE<\/strong><\/p>\n<table class=\"default\">\n<tbody>\n<tr>\n<td><strong>Alto<\/strong><\/td>\n<td><strong>Ancho<\/strong><\/td>\n<td><strong>Profundad<\/strong><\/td>\n<td><strong>Peso<\/strong><\/td>\n<\/tr>\n<tr>\n<td>100 cm<\/td>\n<td>52 cm<\/td>\n<td>55 cm<\/td>\n<td>15.6 kg<\/td>\n<\/tr>\n<tr>\n<td>15 cm<\/td>\n<td>42 cm<\/td>\n<td>42 cm<\/td>\n<td>5.7 kg<\/td>\n<\/tr>\n<\/tbody>\n<\/table>\n<p><strong>PESO APROX.\u00a0<\/strong><span style=\"vertical-align: inherit;\"><span style=\"vertical-align: inherit;\">6 kilogramos<\/span><\/span><\/p>\n<p><strong>SUCIEDAD LIGERA Y RECIENTE<\/strong><\/p>\n<p>Limpiar con papel de cocina, un trapo de microfibra suave y limpio (seco o humedo).<\/p>\n<p><strong>MANCHAS<\/strong><\/p>\n<p>Limpiar con agua caliente, trapos o pa\u00f1os de microfibra, esponjas o cepillos blandos utilizando productos de limpieza corriente. Terminar con un aclarado con agua limpia y eliminar totalmente el producto de limpieza, posteriormente secar con pa\u00f1o limpio.<\/p>\n<p><strong>PRODUCTOS PROHIBIDOS PARA LA LIMPIEZA<\/strong><\/p>\n<p>Sustancias abrasivas y decapantes (polvos de fragar, esponjas rasposas ,lana de acero). Productos de pulido, ceras, agentes blanqueadores. Productos acidos. Aparatos de limpieza al vapor.<\/p>","protected":false},"featured_media":7348,"template":"","meta":{"_joinchat":[]},"product_brand":[],"product_cat":[28,30,33],"product_tag":[35],"class_list":{"0":"post-835","1":"product","2":"type-product","3":"status-publish","4":"has-post-thumbnail","6":"product_cat-asiento","7":"product_cat-comedor","8":"product_cat-silla","9":"product_tag-madison","11":"first","12":"instock","13":"sold-individually","14":"shipping-taxable","15":"purchasable","16":"product-type-variable"},"_links":{"self":[{"href":"https:\/\/dielfe.com.ar\/en\/wp-json\/wp\/v2\/product\/835","targetHints":{"allow":["GET"]}}],"collection":[{"href":"https:\/\/dielfe.com.ar\/en\/wp-json\/wp\/v2\/product"}],"about":[{"href":"https:\/\/dielfe.com.ar\/en\/wp-json\/wp\/v2\/types\/product"}],"wp:featuredmedia":[{"embeddable":true,"href":"https:\/\/dielfe.com.ar\/en\/wp-json\/wp\/v2\/media\/7348"}],"wp:attachment":[{"href":"https:\/\/dielfe.com.ar\/en\/wp-json\/wp\/v2\/media?parent=835"}],"wp:term":[{"taxonomy":"product_brand","embeddable":true,"href":"https:\/\/dielfe.com.ar\/en\/wp-json\/wp\/v2\/product_brand?post=835"},{"taxonomy":"product_cat","embeddable":true,"href":"https:\/\/dielfe.com.ar\/en\/wp-json\/wp\/v2\/product_cat?post=835"},{"taxonomy":"product_tag","embeddable":true,"href":"https:\/\/dielfe.com.ar\/en\/wp-json\/wp\/v2\/product_tag?post=835"}],"curies":[{"name":"wp","href":"https:\/\/api.w.org\/{rel}","templated":true}]}}