{"id":785,"date":"2021-09-03T14:51:00","date_gmt":"2021-09-03T14:51:00","guid":{"rendered":"https:\/\/dielfe.kiri.ar\/?post_type=product&#038;p=785"},"modified":"2024-01-30T16:08:49","modified_gmt":"2024-01-30T19:08:49","slug":"s3500","status":"publish","type":"product","link":"https:\/\/dielfe.com.ar\/en\/product\/s3500\/","title":{"rendered":"<b>SILLA<\/b> RESP DE CA\u00d1O"},"content":{"rendered":"<p class=\"p1\">Esta silla de estilo cl\u00e1sico se caracteriza por tener un dise\u00f1o que se puede adaptar a cualquier espacio como el comedor o living.<span class=\"Apple-converted-space\">\u00a0<\/span><\/p>\n<p class=\"p1\">Esta silla cuenta en el respaldo con una estructura de ca\u00f1o reforzado y madera melam\u00ednica curvada, en el asiento contiene espuma de poli\u00e9ster recubierto por una cuerina sint\u00e9tica para proporcionar una gran comodidad en el producto.<\/p>","protected":false},"excerpt":{"rendered":"<p><strong>DIMENSIONES DEL PRODUCTO<\/strong><\/p>\n<table class=\"default\">\n<tbody>\n<tr>\n<td><strong>Alto<\/strong><\/td>\n<td><strong>Ancho<\/strong><\/td>\n<td><strong>Profundad<\/strong><\/td>\n<\/tr>\n<tr>\n<td>84 cm<\/td>\n<td>38 cm<\/td>\n<td>40 cm<\/td>\n<\/tr>\n<\/tbody>\n<\/table>\n<p><strong>DIMENSIONES DEL EMBALAJE<\/strong><\/p>\n<table class=\"default\">\n<tbody>\n<tr>\n<td><strong>Alto<\/strong><\/td>\n<td><strong>Ancho<\/strong><\/td>\n<td><strong>Profundo<\/strong><\/td>\n<td><strong>Peso<\/strong><\/td>\n<\/tr>\n<tr>\n<td>96 cm<\/td>\n<td>40 cm<\/td>\n<td>51 cm<\/td>\n<td>15 kg<\/td>\n<\/tr>\n<tr>\n<td>15 cm<\/td>\n<td>42 cm<\/td>\n<td>42 cm<\/td>\n<td>7.6 kg<\/td>\n<\/tr>\n<\/tbody>\n<\/table>\n<p><strong>PESO APROX. <\/strong>5 <span style=\"vertical-align: inherit;\"><span style=\"vertical-align: inherit;\">kilogramos<\/span><\/span><\/p>\n<p class=\"p1\">\n<p><strong>SUCIEDAD LIGERA Y RECIENTE<\/strong><\/p>\n<p>Limpiar con papel de cocina, un trapo de microfibra suave y limpio (seco o humedo).<\/p>\n<p><strong>MANCHAS<\/strong><\/p>\n<p>Limpiar con agua caliente, trapos o pa\u00f1os de microfibra, esponjas o cepillos blandos utilizando productos de limpieza corriente. Terminar con un aclarado con agua limpia y eliminar totalmente el producto de limpieza, posteriormente secar con pa\u00f1o limpio.<\/p>\n<p><strong>PRODUCTOS PROHIBIDOS PARA LA LIMPIEZA<\/strong><\/p>\n<p>Sustancias abrasivas y decapantes (polvos de fragar, esponjas rasposas ,lana de acero). Productos de pulido, ceras, agentes blanqueadores. Productos acidos. Aparatos de limpieza al vapor.<\/p>","protected":false},"featured_media":7332,"template":"","meta":{"_joinchat":[]},"product_brand":[],"product_cat":[28,30,33],"product_tag":[25],"class_list":{"0":"post-785","1":"product","2":"type-product","3":"status-publish","4":"has-post-thumbnail","6":"product_cat-asiento","7":"product_cat-comedor","8":"product_cat-silla","9":"product_tag-clasica","11":"first","12":"instock","13":"sold-individually","14":"shipping-taxable","15":"purchasable","16":"product-type-variable"},"_links":{"self":[{"href":"https:\/\/dielfe.com.ar\/en\/wp-json\/wp\/v2\/product\/785","targetHints":{"allow":["GET"]}}],"collection":[{"href":"https:\/\/dielfe.com.ar\/en\/wp-json\/wp\/v2\/product"}],"about":[{"href":"https:\/\/dielfe.com.ar\/en\/wp-json\/wp\/v2\/types\/product"}],"wp:featuredmedia":[{"embeddable":true,"href":"https:\/\/dielfe.com.ar\/en\/wp-json\/wp\/v2\/media\/7332"}],"wp:attachment":[{"href":"https:\/\/dielfe.com.ar\/en\/wp-json\/wp\/v2\/media?parent=785"}],"wp:term":[{"taxonomy":"product_brand","embeddable":true,"href":"https:\/\/dielfe.com.ar\/en\/wp-json\/wp\/v2\/product_brand?post=785"},{"taxonomy":"product_cat","embeddable":true,"href":"https:\/\/dielfe.com.ar\/en\/wp-json\/wp\/v2\/product_cat?post=785"},{"taxonomy":"product_tag","embeddable":true,"href":"https:\/\/dielfe.com.ar\/en\/wp-json\/wp\/v2\/product_tag?post=785"}],"curies":[{"name":"wp","href":"https:\/\/api.w.org\/{rel}","templated":true}]}}