{"id":730,"date":"2021-09-03T13:17:00","date_gmt":"2021-09-03T13:17:00","guid":{"rendered":"https:\/\/dielfe.kiri.ar\/?post_type=product&#038;p=730"},"modified":"2024-02-28T10:46:13","modified_gmt":"2024-02-28T13:46:13","slug":"bml017","status":"publish","type":"product","link":"https:\/\/dielfe.com.ar\/en\/product\/bml017\/","title":{"rendered":"<b>BANQUETA<\/b> MILANO"},"content":{"rendered":"<p class=\"p1\">La Banqueta Milano es un producto con un estilo moderno que mediante su morfolog\u00eda b\u00e1sica puede adaptarse en cualquier espacio que se la ubique.<span class=\"Apple-converted-space\">\u00a0<\/span><\/p>\n<p class=\"p1\">La estructura de este producto est\u00e1 desarrollada de ca\u00f1o redondo y su asiento tapizado est\u00e1 recubierto con cuerina sint\u00e9tica.<\/p>\n<p>&nbsp;<\/p>","protected":false},"excerpt":{"rendered":"<p><strong>DIMENSIONES DEL PRODUCTO<\/strong><\/p>\n<table class=\"default\">\n<tbody>\n<tr>\n<td><strong>Alto<\/strong><\/td>\n<td><strong>Ancho<\/strong><\/td>\n<td><strong>Profundidad<\/strong><\/td>\n<\/tr>\n<tr>\n<td>84 cm<\/td>\n<td>46 cm<\/td>\n<td>47 cm<\/td>\n<\/tr>\n<\/tbody>\n<\/table>\n<p><strong>DIMENSIONES DEL EMBALAJE<\/strong><\/p>\n<table class=\"default\">\n<tbody>\n<tr>\n<td><strong>Alto<\/strong><\/td>\n<td><strong>Ancho<\/strong><\/td>\n<td><strong>Profundidad<\/strong><\/td>\n<\/tr>\n<tr>\n<td>140 cm<\/td>\n<td>46 cm<\/td>\n<td>47 cm<\/td>\n<\/tr>\n<\/tbody>\n<\/table>\n<p><strong>PESO APROX.\u00a0<\/strong><span style=\"vertical-align: inherit;\"><span style=\"vertical-align: inherit;\">4,4 c\/u kilogramos<\/span><\/span><\/p>\n<p><strong>SUCIEDAD LIGERA Y RECIENTE<\/strong><\/p>\n<p>Limpiar con papel de cocina, un trapo de microfibra suave y limpio (seco o h\u00famedo).<\/p>\n<p><strong>MANCHAS<\/strong><\/p>\n<p>Limpiar con agua caliente, trapos o pa\u00f1os de microfibra, esponjas o cepillos blandos utilizando productos de limpieza corriente. Terminar con un aclarado con agua limpia y eliminar totalmente el producto de limpieza, posteriormente secar con pa\u00f1o limpio.<\/p>\n<p><strong>PRODUCTOS PROHIBIDOS PARA LA LIMPIEZA<\/strong><\/p>\n<p>Sustancias abrasivas y decapantes (polvos de fregar, esponjas rasposas, lana de acero). Productos de pulido, ceras, agentes blanqueadores. Productos \u00e1cidos. Aparatos de limpieza al vapor.<\/p>","protected":false},"featured_media":7319,"template":"","meta":{"_joinchat":[]},"product_brand":[],"product_cat":[28,29,30],"product_tag":[31],"class_list":{"0":"post-730","1":"product","2":"type-product","3":"status-publish","4":"has-post-thumbnail","6":"product_cat-asiento","7":"product_cat-banqueta","8":"product_cat-comedor","9":"product_tag-milano","11":"first","12":"instock","13":"sold-individually","14":"shipping-taxable","15":"purchasable","16":"product-type-variable"},"_links":{"self":[{"href":"https:\/\/dielfe.com.ar\/en\/wp-json\/wp\/v2\/product\/730","targetHints":{"allow":["GET"]}}],"collection":[{"href":"https:\/\/dielfe.com.ar\/en\/wp-json\/wp\/v2\/product"}],"about":[{"href":"https:\/\/dielfe.com.ar\/en\/wp-json\/wp\/v2\/types\/product"}],"wp:featuredmedia":[{"embeddable":true,"href":"https:\/\/dielfe.com.ar\/en\/wp-json\/wp\/v2\/media\/7319"}],"wp:attachment":[{"href":"https:\/\/dielfe.com.ar\/en\/wp-json\/wp\/v2\/media?parent=730"}],"wp:term":[{"taxonomy":"product_brand","embeddable":true,"href":"https:\/\/dielfe.com.ar\/en\/wp-json\/wp\/v2\/product_brand?post=730"},{"taxonomy":"product_cat","embeddable":true,"href":"https:\/\/dielfe.com.ar\/en\/wp-json\/wp\/v2\/product_cat?post=730"},{"taxonomy":"product_tag","embeddable":true,"href":"https:\/\/dielfe.com.ar\/en\/wp-json\/wp\/v2\/product_tag?post=730"}],"curies":[{"name":"wp","href":"https:\/\/api.w.org\/{rel}","templated":true}]}}