{"id":7256,"date":"2023-05-04T16:59:47","date_gmt":"2023-05-04T16:59:47","guid":{"rendered":"https:\/\/dielfe-catalogo.kiri.ar\/producto\/escritorio-moderno-simple\/"},"modified":"2026-01-21T11:50:30","modified_gmt":"2026-01-21T14:50:30","slug":"ems120","status":"publish","type":"product","link":"https:\/\/dielfe.com.ar\/en\/product\/ems120\/","title":{"rendered":"<b>ESCRITORIO<\/b> MODERNO SIMPLE"},"content":{"rendered":"<p class=\"p1\">Este escritorio es un producto de la l\u00ednea moderna, logrado por su simplicidad y por su dise\u00f1o. El mismo est\u00e1 compuesto por una tapa de melamina color bardolino y dos patas de ca\u00f1o de color negro con un \u00e1ngulo de 85\u00ba que le da una visi\u00f3n moderna.<span class=\"Apple-converted-space\">\u00a0<\/span><\/p>\n<p class=\"p1\">Debido a la simetr\u00eda de su terminaci\u00f3n, permite ubicarlo contra la pared como tambi\u00e9n se lo puede utilizar en cualquier otro espacio.<span class=\"Apple-converted-space\">\u00a0<\/span><\/p>","protected":false},"excerpt":{"rendered":"<p><strong>DIMENSIONES DEL PRODUCTO<\/strong><\/p>\n<table class=\"default\">\n<tbody>\n<tr>\n<td><strong>Alto<\/strong><\/td>\n<td><strong>Ancho<\/strong><\/td>\n<td><strong>Profundidad<\/strong><\/td>\n<\/tr>\n<tr>\n<td>75 cm<\/td>\n<td>120 cm<\/td>\n<td>60 cm<\/td>\n<\/tr>\n<\/tbody>\n<\/table>\n<p><strong>DIMENSIONES DEL EMBALAJE<\/strong><\/p>\n<table class=\"default\">\n<tbody>\n<tr>\n<td><strong>Alto<\/strong><\/td>\n<td><strong>Ancho<\/strong><\/td>\n<td><strong>Profundidad<\/strong><\/td>\n<\/tr>\n<tr>\n<td>6 cm<\/td>\n<td>63 cm<\/td>\n<td>149 cm<\/td>\n<\/tr>\n<\/tbody>\n<\/table>\n<p><strong>PESO APROX. <\/strong>13<span style=\"vertical-align: inherit;\"><span style=\"vertical-align: inherit;\">\u00a0kilogramos<\/span><\/span><\/p>\n<p><strong>SUCIEDAD LIGERA Y RECIENTE<\/strong><\/p>\n<p>Limpiar con papel de cocina, un trapo de microfibra suave y limpio (seco o humedo).<\/p>\n<p><strong>MANCHAS<\/strong><\/p>\n<p>Limpiar con agua caliente, trapos o pa\u00f1os de microfibra, esponjas o cepillos blandos utilizando productos de limpieza corriente. Terminar con un aclarado con agua limpia y eliminar totalmente el producto de limpieza, posteriormente secar con pa\u00f1o limpio.<\/p>\n<p><strong>PRODUCTOS PROHIBIDOS PARA LA LIMPIEZA<\/strong><\/p>\n<p>Sustancias abrasivas y decapantes (polvos de fragar, esponjas rasposas ,lana de acero). Productos de pulido, ceras, agentes blanqueadores. Productos acidos. Aparatos de limpieza al vapor.<\/p>","protected":false},"featured_media":11283,"template":"","meta":{"_joinchat":[]},"product_brand":[],"product_cat":[36,98],"product_tag":[],"class_list":{"0":"post-7256","1":"product","2":"type-product","3":"status-publish","4":"has-post-thumbnail","6":"product_cat-escritorios","7":"product_cat-estudio","9":"first","10":"instock","11":"virtual","12":"purchasable","13":"product-type-simple"},"_links":{"self":[{"href":"https:\/\/dielfe.com.ar\/en\/wp-json\/wp\/v2\/product\/7256","targetHints":{"allow":["GET"]}}],"collection":[{"href":"https:\/\/dielfe.com.ar\/en\/wp-json\/wp\/v2\/product"}],"about":[{"href":"https:\/\/dielfe.com.ar\/en\/wp-json\/wp\/v2\/types\/product"}],"wp:featuredmedia":[{"embeddable":true,"href":"https:\/\/dielfe.com.ar\/en\/wp-json\/wp\/v2\/media\/11283"}],"wp:attachment":[{"href":"https:\/\/dielfe.com.ar\/en\/wp-json\/wp\/v2\/media?parent=7256"}],"wp:term":[{"taxonomy":"product_brand","embeddable":true,"href":"https:\/\/dielfe.com.ar\/en\/wp-json\/wp\/v2\/product_brand?post=7256"},{"taxonomy":"product_cat","embeddable":true,"href":"https:\/\/dielfe.com.ar\/en\/wp-json\/wp\/v2\/product_cat?post=7256"},{"taxonomy":"product_tag","embeddable":true,"href":"https:\/\/dielfe.com.ar\/en\/wp-json\/wp\/v2\/product_tag?post=7256"}],"curies":[{"name":"wp","href":"https:\/\/api.w.org\/{rel}","templated":true}]}}