{"id":6471,"date":"2022-05-03T20:37:00","date_gmt":"2022-05-03T23:37:00","guid":{"rendered":"https:\/\/dielfe.com.ar\/?post_type=product&#038;p=5464"},"modified":"2024-02-01T13:09:12","modified_gmt":"2024-02-01T16:09:12","slug":"cma040","status":"publish","type":"product","link":"https:\/\/dielfe.com.ar\/en\/product\/cma040\/","title":{"rendered":"<b>ALACENA MODULAR<\/b> 40cm"},"content":{"rendered":"<div class=\"elementor-element elementor-element-41a00f9 elementor-align-justify elementor-widget elementor-widget-button\" data-id=\"41a00f9\" data-element_type=\"widget\" data-widget_type=\"button.default\">\n<div class=\"elementor-widget-container\">\n<div class=\"elementor-button-wrapper\">\n<p class=\"p1\">La alacena de la l\u00ednea de cocina modulada, cuenta con la opci\u00f3n de una o dos puertas dependiendo de su tama\u00f1o que va desde los 30 hasta 100 cent\u00edmetros de ancho.<\/p>\n<p class=\"p1\">El dise\u00f1o est\u00e1 compuesto por un cuerpo principal de melanina y posee un estante, con la intenci\u00f3n de tener un espacio de guardado funcional.<\/p>\n<p class=\"p2\"><span class=\"s1\">Es ideal para aprovechar los espacios y se adapta a todo tipo de cocinas.<\/span><\/p>\n<\/div>\n<\/div>\n<\/div>","protected":false},"excerpt":{"rendered":"<p><strong>DIMENSIONES DEL PRODUCTO<\/strong><\/p>\n<table class=\"default\">\n<tbody>\n<tr>\n<td><strong>Alto<\/strong><\/td>\n<td><strong>Ancho<\/strong><\/td>\n<td><strong>Profundad<\/strong><\/td>\n<\/tr>\n<tr>\n<td>60 cm<\/td>\n<td>40 cm<\/td>\n<td>30.1 cm<\/td>\n<\/tr>\n<\/tbody>\n<\/table>\n<p><strong>DIMENSIONES DEL EMBALAJE<\/strong><\/p>\n<table class=\"default\">\n<tbody>\n<tr>\n<td><strong>Alto<\/strong><\/td>\n<td><strong>Ancho<\/strong><\/td>\n<td><strong>Profundad<\/strong><\/td>\n<td><strong>Peso<\/strong><\/td>\n<\/tr>\n<tr>\n<td>7 cm<\/td>\n<td>42 cm<\/td>\n<td>62 cm<\/td>\n<td>12 kg<\/td>\n<\/tr>\n<\/tbody>\n<\/table>\n<p><strong>PESO APROX.\u00a0<\/strong>11.6 kilogramos<\/p>\n<p class=\"p2\">\n<p><strong>SUCIEDAD LIGERA Y RECIENTE<\/strong><\/p>\n<p>Limpiar con papel de cocina, un trapo de microfibra suave y limpio (seco o humedo).<\/p>\n<p><strong>MANCHAS<\/strong><\/p>\n<p>Limpiar con agua caliente, trapos o pa\u00f1os de microfibra, esponjas o cepillos blandos utilizando productos de limpieza corriente. Terminar con un aclarado con agua limpia y eliminar totalmente el producto de limpieza, posteriormente secar con pa\u00f1o limpio.<\/p>\n<p><strong>PRODUCTOS PROHIBIDOS PARA LA LIMPIEZA<\/strong><\/p>\n<p>Sustancias abrasivas y decapantes (polvos de fragar, esponjas rasposas ,lana de acero). Productos de pulido, ceras, agentes blanqueadores. Productos acidos. Aparatos de limpieza al vapor.<\/p>","protected":false},"featured_media":7999,"template":"","meta":{"_joinchat":[]},"product_brand":[],"product_cat":[66,59],"product_tag":[85],"class_list":{"0":"post-6471","1":"product","2":"type-product","3":"status-publish","4":"has-post-thumbnail","6":"product_cat-alacena","7":"product_cat-cocina","8":"product_tag-modular","10":"first","11":"instock","12":"shipping-taxable","13":"purchasable","14":"product-type-variable"},"_links":{"self":[{"href":"https:\/\/dielfe.com.ar\/en\/wp-json\/wp\/v2\/product\/6471","targetHints":{"allow":["GET"]}}],"collection":[{"href":"https:\/\/dielfe.com.ar\/en\/wp-json\/wp\/v2\/product"}],"about":[{"href":"https:\/\/dielfe.com.ar\/en\/wp-json\/wp\/v2\/types\/product"}],"wp:featuredmedia":[{"embeddable":true,"href":"https:\/\/dielfe.com.ar\/en\/wp-json\/wp\/v2\/media\/7999"}],"wp:attachment":[{"href":"https:\/\/dielfe.com.ar\/en\/wp-json\/wp\/v2\/media?parent=6471"}],"wp:term":[{"taxonomy":"product_brand","embeddable":true,"href":"https:\/\/dielfe.com.ar\/en\/wp-json\/wp\/v2\/product_brand?post=6471"},{"taxonomy":"product_cat","embeddable":true,"href":"https:\/\/dielfe.com.ar\/en\/wp-json\/wp\/v2\/product_cat?post=6471"},{"taxonomy":"product_tag","embeddable":true,"href":"https:\/\/dielfe.com.ar\/en\/wp-json\/wp\/v2\/product_tag?post=6471"}],"curies":[{"name":"wp","href":"https:\/\/api.w.org\/{rel}","templated":true}]}}