{"id":5220,"date":"2022-04-12T16:26:00","date_gmt":"2022-04-12T19:26:00","guid":{"rendered":"https:\/\/dielfe.com.ar\/?post_type=product&#038;p=5220"},"modified":"2026-03-30T12:36:17","modified_gmt":"2026-03-30T15:36:17","slug":"ctb100","status":"publish","type":"product","link":"https:\/\/dielfe.com.ar\/en\/product\/ctb100\/","title":{"rendered":"<b>BAJO MESADA<\/b> CONFORT 1.00 MTS"},"content":{"rendered":"<p class=\"p1\">Este producto de la l\u00ednea confort, es un bajo mesada construido en melamina de 18mm en sus puertas y las restantes placas de 15mm.<span class=\"Apple-converted-space\">\u00a0<\/span><\/p>\n<p class=\"p2\"><span class=\"s1\">El dise\u00f1o cuenta con un cuerpo principal que posee 3 cajones peque\u00f1os y una divisi\u00f3n interna m\u00e1s grande que est\u00e1 cerrada con dos puertas y dividida con un estante, los cuales posibilitan una amplia capacidad de almacenamiento.<\/span><\/p>","protected":false},"excerpt":{"rendered":"<p><strong>SUCIEDAD LIGERA Y RECIENTE<\/strong><\/p>\n<p>Limpiar con papel de cocina, un trapo de microfibra suave y limpio (seco o h\u00famedo).<\/p>\n<p><strong>MANCHAS<\/strong><\/p>\n<p>Limpiar con agua caliente, trapos o pa\u00f1os de microfibra, esponjas o cepillos blandos utilizando productos de limpieza corriente. Terminar con un aclarado con agua limpia y eliminar totalmente el producto de limpieza, posteriormente secar con pa\u00f1o limpio.<\/p>\n<p><strong>PRODUCTOS PROHIBIDOS PARA LA LIMPIEZA<\/strong><\/p>\n<p>Sustancias abrasivas y decapantes (polvos de fragar, esponjas rasposas ,lana de acero). Productos de pulido, ceras, agentes blanqueadores. Productos acidos. Aparatos de limpieza al vapor.<\/p>","protected":false},"featured_media":9756,"template":"","meta":{"_joinchat":[]},"product_brand":[],"product_cat":[83,111,62],"product_tag":[99],"class_list":{"0":"post-5220","1":"product","2":"type-product","3":"status-publish","4":"has-post-thumbnail","6":"product_cat-bajo-mesada","7":"product_cat-cocina-confort","8":"product_cat-muebles-cocina","9":"product_tag-compacta","11":"first","12":"instock","13":"virtual","14":"purchasable","15":"product-type-simple"},"_links":{"self":[{"href":"https:\/\/dielfe.com.ar\/en\/wp-json\/wp\/v2\/product\/5220","targetHints":{"allow":["GET"]}}],"collection":[{"href":"https:\/\/dielfe.com.ar\/en\/wp-json\/wp\/v2\/product"}],"about":[{"href":"https:\/\/dielfe.com.ar\/en\/wp-json\/wp\/v2\/types\/product"}],"wp:featuredmedia":[{"embeddable":true,"href":"https:\/\/dielfe.com.ar\/en\/wp-json\/wp\/v2\/media\/9756"}],"wp:attachment":[{"href":"https:\/\/dielfe.com.ar\/en\/wp-json\/wp\/v2\/media?parent=5220"}],"wp:term":[{"taxonomy":"product_brand","embeddable":true,"href":"https:\/\/dielfe.com.ar\/en\/wp-json\/wp\/v2\/product_brand?post=5220"},{"taxonomy":"product_cat","embeddable":true,"href":"https:\/\/dielfe.com.ar\/en\/wp-json\/wp\/v2\/product_cat?post=5220"},{"taxonomy":"product_tag","embeddable":true,"href":"https:\/\/dielfe.com.ar\/en\/wp-json\/wp\/v2\/product_tag?post=5220"}],"curies":[{"name":"wp","href":"https:\/\/api.w.org\/{rel}","templated":true}]}}