{"id":5218,"date":"2022-04-12T16:26:00","date_gmt":"2022-04-12T19:26:00","guid":{"rendered":"https:\/\/dielfe.com.ar\/?post_type=product&#038;p=5218"},"modified":"2026-03-30T13:22:34","modified_gmt":"2026-03-30T16:22:34","slug":"cta140","status":"publish","type":"product","link":"https:\/\/dielfe.com.ar\/en\/product\/cta140\/","title":{"rendered":"<b>ALACENA<\/b> CONFORT 1.40 mts"},"content":{"rendered":"<p class=\"p1\">Esta alacena de la l\u00ednea confort al igual que su predecesora est\u00e1 compuesta en esta versi\u00f3n m\u00e1s grande, por un cuerpo principal de melamina.<span class=\"Apple-converted-space\">\u00a0<\/span><\/p>\n<p class=\"p1\">Cuenta con cuatro divisiones internas cerradas con tres puertas y divididas por dos estantes.<\/p>\n<p class=\"p1\">Es ideal tanto para utilizarla en cocina y lavaderos, contiene tiradores de color gris los cuales acompa\u00f1an a la est\u00e9tica discreta del dise\u00f1o. Este mueble viene en color blanco en su totalidad y es ideal para todo tipo de cocinas.<\/p>","protected":false},"excerpt":{"rendered":"<p><strong>DIMENSIONES DEL PRODUCTO<\/strong><\/p>\n<table class=\"default\">\n<tbody>\n<tr>\n<td><strong>Alto<\/strong><\/td>\n<td><strong>Ancho<\/strong><\/td>\n<td><strong>Profundad<\/strong><\/td>\n<\/tr>\n<tr>\n<td><span style=\"vertical-align: inherit;\">60<\/span>\u00a0cm<\/td>\n<td>140 cm<\/td>\n<td>30 cm<\/td>\n<\/tr>\n<\/tbody>\n<\/table>\n<p><strong>DIMENSIONES DEL EMBALAJE<\/strong><\/p>\n<table class=\"default\">\n<tbody>\n<tr>\n<td><strong>Alto<\/strong><\/td>\n<td><strong>Ancho<\/strong><\/td>\n<td><strong>Profundad<\/strong><\/td>\n<td><strong>Peso<\/strong><\/td>\n<\/tr>\n<tr>\n<td>7 cm<\/td>\n<td>61 cm<\/td>\n<td>142cm<\/td>\n<td>27.8 kg<\/td>\n<\/tr>\n<\/tbody>\n<\/table>\n<p><strong>PESO APROX.\u00a0<\/strong><span style=\"vertical-align: inherit;\"><span style=\"vertical-align: inherit;\">27.5 kilogramos<\/span><\/span><\/p>\n<p><strong>SUCIEDAD LIGERA Y RECIENTE<\/strong><\/p>\n<p>Limpiar con papel de cocina, un trapo de microfibra suave y limpio (seco o humedo).<\/p>\n<p><strong>MANCHAS<\/strong><\/p>\n<p>Limpiar con agua caliente, trapos o pa\u00f1os de microfibra, esponjas o cepillos blandos utilizando productos de limpieza corriente. Terminar con un aclarado con agua limpia y eliminar totalmente el producto de limpieza, posteriormente secar con pa\u00f1o limpio.<\/p>\n<p><strong>PRODUCTOS PROHIBIDOS PARA LA LIMPIEZA<\/strong><\/p>\n<p>Sustancias abrasivas y decapantes (polvos de fragar, esponjas rasposas ,lana de acero). Productos de pulido, ceras, agentes blanqueadores. Productos acidos. Aparatos de limpieza al vapor.<\/p>","protected":false},"featured_media":7961,"template":"","meta":{"_joinchat":[]},"product_brand":[],"product_cat":[66,59,111,62],"product_tag":[99],"class_list":{"0":"post-5218","1":"product","2":"type-product","3":"status-publish","4":"has-post-thumbnail","6":"product_cat-alacena","7":"product_cat-cocina","8":"product_cat-cocina-confort","9":"product_cat-muebles-cocina","10":"product_tag-compacta","12":"first","13":"instock","14":"shipping-taxable","15":"purchasable","16":"product-type-simple"},"_links":{"self":[{"href":"https:\/\/dielfe.com.ar\/en\/wp-json\/wp\/v2\/product\/5218","targetHints":{"allow":["GET"]}}],"collection":[{"href":"https:\/\/dielfe.com.ar\/en\/wp-json\/wp\/v2\/product"}],"about":[{"href":"https:\/\/dielfe.com.ar\/en\/wp-json\/wp\/v2\/types\/product"}],"wp:featuredmedia":[{"embeddable":true,"href":"https:\/\/dielfe.com.ar\/en\/wp-json\/wp\/v2\/media\/7961"}],"wp:attachment":[{"href":"https:\/\/dielfe.com.ar\/en\/wp-json\/wp\/v2\/media?parent=5218"}],"wp:term":[{"taxonomy":"product_brand","embeddable":true,"href":"https:\/\/dielfe.com.ar\/en\/wp-json\/wp\/v2\/product_brand?post=5218"},{"taxonomy":"product_cat","embeddable":true,"href":"https:\/\/dielfe.com.ar\/en\/wp-json\/wp\/v2\/product_cat?post=5218"},{"taxonomy":"product_tag","embeddable":true,"href":"https:\/\/dielfe.com.ar\/en\/wp-json\/wp\/v2\/product_tag?post=5218"}],"curies":[{"name":"wp","href":"https:\/\/api.w.org\/{rel}","templated":true}]}}