{"id":5217,"date":"2022-04-12T16:26:00","date_gmt":"2022-04-12T19:26:00","guid":{"rendered":"https:\/\/dielfe.com.ar\/?post_type=product&#038;p=5217"},"modified":"2026-03-30T12:34:59","modified_gmt":"2026-03-30T15:34:59","slug":"ctb120","status":"publish","type":"product","link":"https:\/\/dielfe.com.ar\/en\/product\/ctb120\/","title":{"rendered":"<b>BAJO MESADA<\/b> CONFORT 1.20 MTS"},"content":{"rendered":"<p class=\"p1\">El bajo mesada de la l\u00ednea confort, tiene un dise\u00f1o simple, y si bien es un organizador, tambi\u00e9n brinda una est\u00e9tica minimalista que se adapta a todo tipo de cocinas. <span class=\"Apple-converted-space\">\u00a0<\/span><\/p>\n<p class=\"p1\">Cuenta con tres cajones peque\u00f1os y una divisi\u00f3n interna m\u00e1s grande que est\u00e1 cerrada con dos puertas y dividida con un estante.<span class=\"Apple-converted-space\">\u00a0<\/span><\/p>\n<p class=\"p1\">Este mueble viene de color Blanco o Wengue y cuenta con tiradores de aluminio.<\/p>","protected":false},"excerpt":{"rendered":"<p><strong>DIMENSIONES DEL PRODUCTO<\/strong><\/p>\n<table class=\"default\">\n<tbody>\n<tr>\n<td><strong>Alto<\/strong><\/td>\n<td><strong>Ancho<\/strong><\/td>\n<td><strong>Profundad<\/strong><\/td>\n<\/tr>\n<tr>\n<td><span style=\"vertical-align: inherit;\">84.1<\/span>\u00a0cm<\/td>\n<td>119.2 cm<\/td>\n<td>49.6 cm<\/td>\n<\/tr>\n<\/tbody>\n<\/table>\n<p><strong>DIMENSIONES DEL EMBALAJE<\/strong><\/p>\n<table class=\"default\">\n<tbody>\n<tr>\n<td><strong>Alto<\/strong><\/td>\n<td><strong>Ancho<\/strong><\/td>\n<td><strong>Profundad<\/strong><\/td>\n<td><strong>Peso<\/strong><\/td>\n<\/tr>\n<tr>\n<td>10 cm<\/td>\n<td>51 cm<\/td>\n<td>121 cm<\/td>\n<td>42.6 kg<\/td>\n<\/tr>\n<\/tbody>\n<\/table>\n<p><strong>PESO APROX.\u00a0<\/strong><span style=\"vertical-align: inherit;\"><span style=\"vertical-align: inherit;\">42 kilogramos<\/span><\/span><\/p>\n<p><strong>SUCIEDAD LIGERA Y RECIENTE<\/strong><\/p>\n<p>Limpiar con papel de cocina, un trapo de microfibra suave y limpio (seco o humedo).<\/p>\n<p><strong>MANCHAS<\/strong><\/p>\n<p>Limpiar con agua caliente, trapos o pa\u00f1os de microfibra, esponjas o cepillos blandos utilizando productos de limpieza corriente. Terminar con un aclarado con agua limpia y eliminar totalmente el producto de limpieza, posteriormente secar con pa\u00f1o limpio.<\/p>\n<p><strong>PRODUCTOS PROHIBIDOS PARA LA LIMPIEZA<\/strong><\/p>\n<p>Sustancias abrasivas y decapantes (polvos de fragar, esponjas rasposas ,lana de acero). Productos de pulido, ceras, agentes blanqueadores. Productos acidos. Aparatos de limpieza al vapor.<\/p>","protected":false},"featured_media":7955,"template":"","meta":{"_joinchat":[]},"product_brand":[],"product_cat":[83,111,62],"product_tag":[99],"class_list":{"0":"post-5217","1":"product","2":"type-product","3":"status-publish","4":"has-post-thumbnail","6":"product_cat-bajo-mesada","7":"product_cat-cocina-confort","8":"product_cat-muebles-cocina","9":"product_tag-compacta","11":"first","12":"instock","13":"shipping-taxable","14":"purchasable","15":"product-type-variable"},"_links":{"self":[{"href":"https:\/\/dielfe.com.ar\/en\/wp-json\/wp\/v2\/product\/5217","targetHints":{"allow":["GET"]}}],"collection":[{"href":"https:\/\/dielfe.com.ar\/en\/wp-json\/wp\/v2\/product"}],"about":[{"href":"https:\/\/dielfe.com.ar\/en\/wp-json\/wp\/v2\/types\/product"}],"wp:featuredmedia":[{"embeddable":true,"href":"https:\/\/dielfe.com.ar\/en\/wp-json\/wp\/v2\/media\/7955"}],"wp:attachment":[{"href":"https:\/\/dielfe.com.ar\/en\/wp-json\/wp\/v2\/media?parent=5217"}],"wp:term":[{"taxonomy":"product_brand","embeddable":true,"href":"https:\/\/dielfe.com.ar\/en\/wp-json\/wp\/v2\/product_brand?post=5217"},{"taxonomy":"product_cat","embeddable":true,"href":"https:\/\/dielfe.com.ar\/en\/wp-json\/wp\/v2\/product_cat?post=5217"},{"taxonomy":"product_tag","embeddable":true,"href":"https:\/\/dielfe.com.ar\/en\/wp-json\/wp\/v2\/product_tag?post=5217"}],"curies":[{"name":"wp","href":"https:\/\/api.w.org\/{rel}","templated":true}]}}