{"id":5034,"date":"2022-04-08T13:11:00","date_gmt":"2022-04-08T13:11:00","guid":{"rendered":"https:\/\/dielfe.com.ar\/?post_type=product&#038;p=5034"},"modified":"2026-01-21T14:36:44","modified_gmt":"2026-01-21T17:36:44","slug":"vas070","status":"publish","type":"product","link":"https:\/\/dielfe.com.ar\/en\/product\/vas070\/","title":{"rendered":"<b>VAJILLERO<\/b> SOHO"},"content":{"rendered":"<p class=\"p1\">Este vajillero que corresponde a la l\u00ednea Soho es de estilo industrial, dado por la combinaci\u00f3n entre melamina y chapa perforada.<span class=\"Apple-converted-space\">\u00a0<\/span><\/p>\n<p class=\"p1\">En cuanto al dise\u00f1o nos encontramos con dos puertas frontales con el tramado caracter\u00edstico de esta l\u00ednea. Ideal para el guardado de todo tipo de productos. En la parte superior cuenta con dos espacios m\u00e1s que se pueden utilizar para colocar adornos u objetos como un televisor.<\/p>","protected":false},"excerpt":{"rendered":"<p><a href=\"https:\/\/dielfe.com.ar\/en\/hello-world\/\"><img decoding=\"async\" class=\"alignnone wp-image-8335\" src=\"http:\/\/dielfe.com.ar\/wp-content\/uploads\/2023\/07\/sello-Buen-Diseno-300x179.jpeg\" alt=\"\" width=\"240\" height=\"143\" srcset=\"https:\/\/dielfe.com.ar\/wp-content\/uploads\/2023\/07\/sello-Buen-Diseno-300x179.jpeg 300w, https:\/\/dielfe.com.ar\/wp-content\/uploads\/2023\/07\/sello-Buen-Diseno-1024x612.jpeg 1024w, https:\/\/dielfe.com.ar\/wp-content\/uploads\/2023\/07\/sello-Buen-Diseno-768x459.jpeg 768w, https:\/\/dielfe.com.ar\/wp-content\/uploads\/2023\/07\/sello-Buen-Diseno-400x239.jpeg 400w, https:\/\/dielfe.com.ar\/wp-content\/uploads\/2023\/07\/sello-Buen-Diseno-600x359.jpeg 600w, https:\/\/dielfe.com.ar\/wp-content\/uploads\/2023\/07\/sello-Buen-Diseno.jpeg 1181w\" sizes=\"(max-width: 240px) 100vw, 240px\" \/><\/a><\/p>\n<p><strong>SUCIEDAD LIGERA Y RECIENTE<\/strong><\/p>\n<p>Limpiar con papel de cocina, un trapo de microfibra suave y limpio (seco o humedo).<\/p>\n<p><strong>MANCHAS<\/strong><\/p>\n<p>Limpiar con agua caliente, trapos o pa\u00f1os de microfibra, esponjas o cepillos blandos utilizando productos de limpieza corriente. Terminar con un aclarado con agua limpia y eliminar totalmente el producto de limpieza, posteriormente secar con pa\u00f1o limpio.<\/p>\n<p><strong>PRODUCTOS PROHIBIDOS PARA LA LIMPIEZA<\/strong><\/p>\n<p>Sustancias abrasivas y decapantes (polvos de fregar, esponjas rasposas ,lana de acero). Productos de pulido, ceras, agentes blanqueadores. Productos \u00e1cidos. Aparatos de limpieza al vapor.<\/p>\n<p><strong>DIMENSIONES DEL PRODUCTO<\/strong><\/p>\n<table class=\"default\">\n<tbody>\n<tr>\n<td><strong>Alto<\/strong><\/td>\n<td><strong>Ancho<\/strong><\/td>\n<td><strong>Profundad<\/strong><\/td>\n<\/tr>\n<tr>\n<td><span style=\"vertical-align: inherit;\">172<\/span>\u00a0cm<\/td>\n<td>69 cm<\/td>\n<td>35 cm<\/td>\n<\/tr>\n<\/tbody>\n<\/table>\n<p><strong>DIMENSIONES DEL EMBALAJE<\/strong><\/p>\n<table class=\"default\">\n<tbody>\n<tr>\n<td><strong>Alto<\/strong><\/td>\n<td><strong>Ancho<\/strong><\/td>\n<td><strong>Profundad<\/strong><\/td>\n<td><strong>Peso<\/strong><\/td>\n<\/tr>\n<tr>\n<td>16 cm<\/td>\n<td>36 cm<\/td>\n<td>70 cm<\/td>\n<td>21 kg<\/td>\n<\/tr>\n<\/tbody>\n<\/table>\n<p><strong>PESO APROX.\u00a0<\/strong><span style=\"vertical-align: inherit;\"><span style=\"vertical-align: inherit;\">20 kilogramos<\/span><\/span><\/p>","protected":false},"featured_media":11456,"template":"","meta":{"_joinchat":[]},"product_brand":[],"product_cat":[98,27,53],"product_tag":[43,44],"class_list":{"0":"post-5034","1":"product","2":"type-product","3":"status-publish","4":"has-post-thumbnail","6":"product_cat-estudio","7":"product_cat-organizador","8":"product_cat-vajillero","9":"product_tag-sello-buen-diseno-argentino","10":"product_tag-soho","12":"first","13":"instock","14":"virtual","15":"purchasable","16":"product-type-simple"},"_links":{"self":[{"href":"https:\/\/dielfe.com.ar\/en\/wp-json\/wp\/v2\/product\/5034","targetHints":{"allow":["GET"]}}],"collection":[{"href":"https:\/\/dielfe.com.ar\/en\/wp-json\/wp\/v2\/product"}],"about":[{"href":"https:\/\/dielfe.com.ar\/en\/wp-json\/wp\/v2\/types\/product"}],"wp:featuredmedia":[{"embeddable":true,"href":"https:\/\/dielfe.com.ar\/en\/wp-json\/wp\/v2\/media\/11456"}],"wp:attachment":[{"href":"https:\/\/dielfe.com.ar\/en\/wp-json\/wp\/v2\/media?parent=5034"}],"wp:term":[{"taxonomy":"product_brand","embeddable":true,"href":"https:\/\/dielfe.com.ar\/en\/wp-json\/wp\/v2\/product_brand?post=5034"},{"taxonomy":"product_cat","embeddable":true,"href":"https:\/\/dielfe.com.ar\/en\/wp-json\/wp\/v2\/product_cat?post=5034"},{"taxonomy":"product_tag","embeddable":true,"href":"https:\/\/dielfe.com.ar\/en\/wp-json\/wp\/v2\/product_tag?post=5034"}],"curies":[{"name":"wp","href":"https:\/\/api.w.org\/{rel}","templated":true}]}}