{"id":4648,"date":"2022-03-29T17:49:00","date_gmt":"2022-03-29T17:49:00","guid":{"rendered":"https:\/\/dielfe.com.ar\/?post_type=product&#038;p=4648"},"modified":"2026-01-21T13:53:18","modified_gmt":"2026-01-21T16:53:18","slug":"dec120","status":"publish","type":"product","link":"https:\/\/dielfe.com.ar\/en\/product\/dec120\/","title":{"rendered":"<b>BARRA <\/b> DESAYUNADORA CON ESTANTES"},"content":{"rendered":"<p class=\"p1\">La barra desayunadora es un mobiliario que cuenta con 3 divisiones en uno de sus laterales dado por 2 estantes. Este dise\u00f1o est\u00e1 pensado para ser utilizado en el espacio de cocina y lo pod\u00e9s encontrar en color blanco completo.<\/p>","protected":false},"excerpt":{"rendered":"<p><strong>DIMENSIONES DEL PRODUCTO<\/strong><\/p>\n<table class=\"default\">\n<tbody>\n<tr>\n<td><strong>Alto<\/strong><\/td>\n<td><strong>Ancho<\/strong><\/td>\n<td><strong>Profundidad<\/strong><\/td>\n<\/tr>\n<tr>\n<td>91.8 cm<\/td>\n<td>120 cm<\/td>\n<td>44.5 cm<\/td>\n<\/tr>\n<\/tbody>\n<\/table>\n<p><strong>DIMENSIONES DEL EMBALAJE<\/strong><\/p>\n<table class=\"default\">\n<tbody>\n<tr>\n<td><strong>Alto<\/strong><\/td>\n<td><strong>Ancho<\/strong><\/td>\n<td><strong>Profundidad<\/strong><\/td>\n<\/tr>\n<tr>\n<td>8.5 cm<\/td>\n<td>45.5 cm<\/td>\n<td>121 cm<\/td>\n<\/tr>\n<\/tbody>\n<\/table>\n<p><strong>PESO APROX.\u00a0<\/strong>22.5 kilogramos<\/p>\n<p><strong>SUCIEDAD LIGERA Y RECIENTE<\/strong><\/p>\n<p>Limpiar con papel de cocina, un trapo de microfibra suave y limpio (seco o humedo).<\/p>\n<p><strong>MANCHAS<\/strong><\/p>\n<p>Limpiar con agua caliente, trapos o pa\u00f1os de microfibra, esponjas o cepillos blandos utilizando productos de limpieza corriente. Terminar con un aclarado con agua limpia y eliminar totalmente el producto de limpieza, posteriormente secar con pa\u00f1o limpio.<\/p>\n<p><strong>PRODUCTOS PROHIBIDOS PARA LA LIMPIEZA<\/strong><\/p>\n<p>Sustancias abrasivas y decapantes (polvos de fragar, esponjas rasposas ,lana de acero). Productos de pulido, ceras, agentes blanqueadores. Productos acidos. Aparatos de limpieza al vapor.<\/p>","protected":false},"featured_media":11397,"template":"","meta":{"_joinchat":[]},"product_brand":[],"product_cat":[30,81,72],"product_tag":[25],"class_list":{"0":"post-4648","1":"product","2":"type-product","3":"status-publish","4":"has-post-thumbnail","6":"product_cat-comedor","7":"product_cat-desayunador-muebles-cocina","8":"product_cat-mesas","9":"product_tag-clasica","11":"first","12":"instock","13":"shipping-taxable","14":"purchasable","15":"product-type-variable"},"_links":{"self":[{"href":"https:\/\/dielfe.com.ar\/en\/wp-json\/wp\/v2\/product\/4648","targetHints":{"allow":["GET"]}}],"collection":[{"href":"https:\/\/dielfe.com.ar\/en\/wp-json\/wp\/v2\/product"}],"about":[{"href":"https:\/\/dielfe.com.ar\/en\/wp-json\/wp\/v2\/types\/product"}],"wp:featuredmedia":[{"embeddable":true,"href":"https:\/\/dielfe.com.ar\/en\/wp-json\/wp\/v2\/media\/11397"}],"wp:attachment":[{"href":"https:\/\/dielfe.com.ar\/en\/wp-json\/wp\/v2\/media?parent=4648"}],"wp:term":[{"taxonomy":"product_brand","embeddable":true,"href":"https:\/\/dielfe.com.ar\/en\/wp-json\/wp\/v2\/product_brand?post=4648"},{"taxonomy":"product_cat","embeddable":true,"href":"https:\/\/dielfe.com.ar\/en\/wp-json\/wp\/v2\/product_cat?post=4648"},{"taxonomy":"product_tag","embeddable":true,"href":"https:\/\/dielfe.com.ar\/en\/wp-json\/wp\/v2\/product_tag?post=4648"}],"curies":[{"name":"wp","href":"https:\/\/api.w.org\/{rel}","templated":true}]}}