{"id":4319,"date":"2022-03-15T21:09:00","date_gmt":"2022-03-16T00:09:00","guid":{"rendered":"https:\/\/dielfe.com.ar\/?post_type=product&#038;p=4319"},"modified":"2026-01-21T13:59:25","modified_gmt":"2026-01-21T16:59:25","slug":"mfp70","status":"publish","type":"product","link":"https:\/\/dielfe.com.ar\/en\/product\/mfp70\/","title":{"rendered":"<b>MUEBLE<\/b> frutero con puerta y estante"},"content":{"rendered":"<p class=\"p1\">Este mobiliario es un frutero con bandejas deslizables, y un compartimiento de almacenamiento con puerta. Se caracteriza por ser un producto adaptable a los diferentes ambientes de un hogar.<\/p>\n<p class=\"p1\">Posee ruedas lo que hace a\u00fan m\u00e1s f\u00e1cil de acomodar en los distintos espacios.<span class=\"Apple-converted-space\">\u00a0<\/span><\/p>\n<p class=\"p1\">En cuanto al dise\u00f1o nos encontramos con dos divisiones, una abierta con tres bandejas las cuales se deslizan para poder sacarlas y apoyarlas donde el usuario lo desee, y una cerrada con una estanter\u00eda que divide a este apartado en dos partes iguales para almacenar todo tipo de cosas.<span class=\"Apple-converted-space\">\u00a0<\/span><\/p>","protected":false},"excerpt":{"rendered":"<p><strong>DIMENSIONES DEL PRODUCTO<\/strong><\/p>\n<table class=\"default\">\n<tbody>\n<tr>\n<td><strong>Alto<\/strong><\/td>\n<td><strong>Ancho<\/strong><\/td>\n<td><strong>Profundad<\/strong><\/td>\n<\/tr>\n<tr>\n<td><span style=\"vertical-align: inherit;\">91.5<\/span>\u00a0cm<\/td>\n<td>68 cm<\/td>\n<td>40.3 cm<\/td>\n<\/tr>\n<\/tbody>\n<\/table>\n<p><strong>DIMENSIONES DEL EMBALAJE<\/strong><\/p>\n<table class=\"default\">\n<tbody>\n<tr>\n<td><strong>Alto<\/strong><\/td>\n<td><strong>Ancho<\/strong><\/td>\n<td><strong>Profundad<\/strong><\/td>\n<td><strong>Peso<\/strong><\/td>\n<\/tr>\n<tr>\n<td>14 cm<\/td>\n<td>43 cm<\/td>\n<td>101 cm<\/td>\n<td>25 kg<\/td>\n<\/tr>\n<\/tbody>\n<\/table>\n<p><strong>PESO APROX.\u00a0<\/strong><span style=\"vertical-align: inherit;\"><span style=\"vertical-align: inherit;\">24,5 kilogramos<\/span><\/span><\/p>\n<p><strong>SUCIEDAD LIGERA Y RECIENTE<\/strong><\/p>\n<p>Limpiar con papel de cocina, un trapo de microfibra suave y limpio (seco o humedo).<\/p>\n<p><strong>MANCHAS<\/strong><\/p>\n<p>Limpiar con agua caliente, trapos o pa\u00f1os de microfibra, esponjas o cepillos blandos utilizando productos de limpieza corriente. Terminar con un aclarado con agua limpia y eliminar totalmente el producto de limpieza, posteriormente secar con pa\u00f1o limpio.<\/p>\n<p><strong>PRODUCTOS PROHIBIDOS PARA LA LIMPIEZA<\/strong><\/p>\n<p>Sustancias abrasivas y decapantes (polvos de fragar, esponjas rasposas ,lana de acero). Productos de pulido, ceras, agentes blanqueadores. Productos acidos. Aparatos de limpieza al vapor.<\/p>","protected":false},"featured_media":11408,"template":"","meta":{"_joinchat":[]},"product_brand":[],"product_cat":[78,49,50],"product_tag":[25],"class_list":{"0":"post-4319","1":"product","2":"type-product","3":"status-publish","4":"has-post-thumbnail","6":"product_cat-frutero","7":"product_cat-multifuncion","8":"product_cat-servicio","9":"product_tag-clasica","11":"first","12":"instock","13":"virtual","14":"purchasable","15":"product-type-simple"},"_links":{"self":[{"href":"https:\/\/dielfe.com.ar\/en\/wp-json\/wp\/v2\/product\/4319","targetHints":{"allow":["GET"]}}],"collection":[{"href":"https:\/\/dielfe.com.ar\/en\/wp-json\/wp\/v2\/product"}],"about":[{"href":"https:\/\/dielfe.com.ar\/en\/wp-json\/wp\/v2\/types\/product"}],"wp:featuredmedia":[{"embeddable":true,"href":"https:\/\/dielfe.com.ar\/en\/wp-json\/wp\/v2\/media\/11408"}],"wp:attachment":[{"href":"https:\/\/dielfe.com.ar\/en\/wp-json\/wp\/v2\/media?parent=4319"}],"wp:term":[{"taxonomy":"product_brand","embeddable":true,"href":"https:\/\/dielfe.com.ar\/en\/wp-json\/wp\/v2\/product_brand?post=4319"},{"taxonomy":"product_cat","embeddable":true,"href":"https:\/\/dielfe.com.ar\/en\/wp-json\/wp\/v2\/product_cat?post=4319"},{"taxonomy":"product_tag","embeddable":true,"href":"https:\/\/dielfe.com.ar\/en\/wp-json\/wp\/v2\/product_tag?post=4319"}],"curies":[{"name":"wp","href":"https:\/\/api.w.org\/{rel}","templated":true}]}}