{"id":4012,"date":"2022-03-11T17:28:00","date_gmt":"2022-03-11T17:28:00","guid":{"rendered":"https:\/\/dielfe.com.ar\/?post_type=product&#038;p=4012"},"modified":"2026-01-21T11:31:12","modified_gmt":"2026-01-21T14:31:12","slug":"pe180","status":"publish","type":"product","link":"https:\/\/dielfe.com.ar\/en\/product\/pe180\/","title":{"rendered":"<b>PLACARD<\/b> 2 PUERTAS CORREDIZAS 1,80MT"},"content":{"rendered":"<p class=\"p1\">El Placard de dos puertas corredizas de la l\u00ednea moderna tiene un estilo simple y funcional. Dise\u00f1ado con l\u00edneas rectas este placar tiene un ancho de 1,80 metros proporcionando amplios lugares de guardado de ropa y accesorios.<span class=\"Apple-converted-space\">\u00a0<\/span><\/p>\n<p class=\"p1\">El producto cuenta con 2 cajones internos, estantes para guardado y barral para colgar ropa y accesorios. Podes encontrarlo en blanco, wengue o roble bordolino.<\/p>","protected":false},"excerpt":{"rendered":"<p><strong>DIMENSIONES DEL PRODUCTO<\/strong><\/p>\n<table class=\"default\">\n<tbody>\n<tr>\n<td><strong>Alto<\/strong><\/td>\n<td><strong>Ancho<\/strong><\/td>\n<td><strong>Profundad<\/strong><\/td>\n<\/tr>\n<tr>\n<td>195 cm<\/td>\n<td>180.4 cm<\/td>\n<td>55.3 cm<\/td>\n<\/tr>\n<\/tbody>\n<\/table>\n<p><strong>DIMENSIONES DEL EMBALAJE<\/strong><\/p>\n<table class=\"default\">\n<tbody>\n<tr>\n<td><strong>Caja<\/strong><\/td>\n<td><strong>Alto<\/strong><\/td>\n<td><strong>Ancho<\/strong><\/td>\n<td><strong>Profundad<\/strong><\/td>\n<td><strong>Peso<\/strong><\/td>\n<\/tr>\n<tr>\n<td>1<\/td>\n<td>8 cm<\/td>\n<td>57 cm<\/td>\n<td>185 cm<\/td>\n<td>57.6 kg<\/td>\n<\/tr>\n<tr>\n<td>2<\/td>\n<td>6.5 cm<\/td>\n<td>90.5 cm<\/td>\n<td>182.5 cm<\/td>\n<td>46.2 kg<\/td>\n<\/tr>\n<tr>\n<td>3<\/td>\n<td>8 cm<\/td>\n<td>57 cm<\/td>\n<td>185 cm<\/td>\n<td>47.6 kg<\/td>\n<\/tr>\n<\/tbody>\n<\/table>\n<p><strong>PESO APROX.\u00a0<\/strong><span style=\"vertical-align: inherit;\">148.4 kilogramos<\/span><\/p>\n<p><strong>SUCIEDAD LIGERA Y RECIENTE<\/strong><\/p>\n<p>Limpiar con papel de cocina, un trapo de microfibra suave y limpio (seco o humedo).<\/p>\n<p><strong>MANCHAS<\/strong><\/p>\n<p>Limpiar con agua caliente, trapos o pa\u00f1os de microfibra, esponjas o cepillos blandos utilizando productos de limpieza corriente. Terminar con un aclarado con agua limpia y eliminar totalmente el producto de limpieza, posteriormente secar con pa\u00f1o limpio.<\/p>\n<p><strong>PRODUCTOS PROHIBIDOS PARA LA LIMPIEZA<\/strong><\/p>\n<p>Sustancias abrasivas y decapantes (polvos de fragar, esponjas rasposas ,lana de acero). Productos de pulido, ceras, agentes blanqueadores. Productos acidos. Aparatos de limpieza al vapor.<\/p>","protected":false},"featured_media":11263,"template":"","meta":{"_joinchat":[]},"product_brand":[],"product_cat":[37,39,40],"product_tag":[41],"class_list":{"0":"post-4012","1":"product","2":"type-product","3":"status-publish","4":"has-post-thumbnail","6":"product_cat-dormitorio","7":"product_cat-placard","8":"product_cat-puertas-corredizas","9":"product_tag-moderno","11":"first","12":"instock","13":"sold-individually","14":"shipping-taxable","15":"purchasable","16":"product-type-variable"},"_links":{"self":[{"href":"https:\/\/dielfe.com.ar\/en\/wp-json\/wp\/v2\/product\/4012","targetHints":{"allow":["GET"]}}],"collection":[{"href":"https:\/\/dielfe.com.ar\/en\/wp-json\/wp\/v2\/product"}],"about":[{"href":"https:\/\/dielfe.com.ar\/en\/wp-json\/wp\/v2\/types\/product"}],"wp:featuredmedia":[{"embeddable":true,"href":"https:\/\/dielfe.com.ar\/en\/wp-json\/wp\/v2\/media\/11263"}],"wp:attachment":[{"href":"https:\/\/dielfe.com.ar\/en\/wp-json\/wp\/v2\/media?parent=4012"}],"wp:term":[{"taxonomy":"product_brand","embeddable":true,"href":"https:\/\/dielfe.com.ar\/en\/wp-json\/wp\/v2\/product_brand?post=4012"},{"taxonomy":"product_cat","embeddable":true,"href":"https:\/\/dielfe.com.ar\/en\/wp-json\/wp\/v2\/product_cat?post=4012"},{"taxonomy":"product_tag","embeddable":true,"href":"https:\/\/dielfe.com.ar\/en\/wp-json\/wp\/v2\/product_tag?post=4012"}],"curies":[{"name":"wp","href":"https:\/\/api.w.org\/{rel}","templated":true}]}}