{"id":3879,"date":"2022-03-03T17:39:00","date_gmt":"2022-03-03T17:39:00","guid":{"rendered":"http:\/\/137.184.228.226\/?post_type=product&#038;p=3879"},"modified":"2026-01-21T11:52:56","modified_gmt":"2026-01-21T14:52:56","slug":"eco063","status":"publish","type":"product","link":"https:\/\/dielfe.com.ar\/en\/product\/eco063\/","title":{"rendered":"<b>ESCRITORIO<\/b> COLGANTE 63cm"},"content":{"rendered":"<p class=\"p1\">El escritorio flotante es un mueble moderno y vers\u00e1til que puede ubicarse en cualquier sitio del hogar, creando as\u00ed un ambiente de trabajo ideal.<span class=\"Apple-converted-space\">\u00a0<\/span><\/p>\n<p class=\"p1\">Es una mesa de trabajo de dise\u00f1o sencillo, minimalista y funcional. Este puede rebatirse proporcionando tambi\u00e9n almacenamiento cuando est\u00e1 cerrado.<span class=\"Apple-converted-space\">\u00a0 \u00a0<\/span><\/p>","protected":false},"excerpt":{"rendered":"<p><strong>DIMENSIONES DEL PRODUCTO<\/strong><\/p>\n<table class=\"default\">\n<tbody>\n<tr>\n<td><strong>Alto<\/strong><\/td>\n<td><strong>Ancho<\/strong><\/td>\n<td><strong>Profundad<\/strong><\/td>\n<td><strong>Peso<\/strong><\/td>\n<\/tr>\n<tr>\n<td>63 cm<\/td>\n<td>63 cm<\/td>\n<td>15 cm<\/td>\n<td>19 kg<\/td>\n<\/tr>\n<\/tbody>\n<\/table>\n<p><strong>DIMENSIONES DEL EMBALAJE<\/strong><\/p>\n<table class=\"default\">\n<tbody>\n<tr>\n<td><strong>Alto<\/strong><\/td>\n<td><strong>Ancho<\/strong><\/td>\n<td><strong>Profundad<\/strong><\/td>\n<\/tr>\n<tr>\n<td>6 cm<\/td>\n<td>65 cm<\/td>\n<td>44.5 cm<\/td>\n<\/tr>\n<\/tbody>\n<\/table>\n<p><strong>PESO APROX.\u00a0<\/strong><span style=\"vertical-align: inherit;\">18 kilogramos<\/span><\/p>\n<p><strong>SUCIEDAD LIGERA Y RECIENTE:<\/strong> limpiar con papel de cocina, un trapo de microfibra suave y limpio (seco o h\u00famedo).<\/p>\n<p><strong>MANCHAS:<\/strong> limpiar con agua caliente, trapos o pa\u00f1os de microfibra, esponjas o cepillos blandos utilizando productos de limpieza corriente. Terminar con un aclarado con agua limpia y eliminar totalmente el producto de limpieza, posteriormente secar con pa\u00f1o limpio.<\/p>\n<p><strong>PRODUCTOS PROHIBIDOS PARA LA LIMPIEZA:<\/strong> Sustancias abrasivas y decapantes (polvos de fregar, esponjas rasposas ,lana de acero). Productos de pulido, ceras, agentes blanqueadores. Productos \u00e1cidos. Aparatos de limpieza al vapor.<\/p>","protected":false},"featured_media":11288,"template":"","meta":{"_joinchat":[]},"product_brand":[],"product_cat":[36,98],"product_tag":[38],"class_list":{"0":"post-3879","1":"product","2":"type-product","3":"status-publish","4":"has-post-thumbnail","6":"product_cat-escritorios","7":"product_cat-estudio","8":"product_tag-moderna","10":"first","11":"instock","12":"shipping-taxable","13":"purchasable","14":"product-type-variable"},"_links":{"self":[{"href":"https:\/\/dielfe.com.ar\/en\/wp-json\/wp\/v2\/product\/3879","targetHints":{"allow":["GET"]}}],"collection":[{"href":"https:\/\/dielfe.com.ar\/en\/wp-json\/wp\/v2\/product"}],"about":[{"href":"https:\/\/dielfe.com.ar\/en\/wp-json\/wp\/v2\/types\/product"}],"wp:featuredmedia":[{"embeddable":true,"href":"https:\/\/dielfe.com.ar\/en\/wp-json\/wp\/v2\/media\/11288"}],"wp:attachment":[{"href":"https:\/\/dielfe.com.ar\/en\/wp-json\/wp\/v2\/media?parent=3879"}],"wp:term":[{"taxonomy":"product_brand","embeddable":true,"href":"https:\/\/dielfe.com.ar\/en\/wp-json\/wp\/v2\/product_brand?post=3879"},{"taxonomy":"product_cat","embeddable":true,"href":"https:\/\/dielfe.com.ar\/en\/wp-json\/wp\/v2\/product_cat?post=3879"},{"taxonomy":"product_tag","embeddable":true,"href":"https:\/\/dielfe.com.ar\/en\/wp-json\/wp\/v2\/product_tag?post=3879"}],"curies":[{"name":"wp","href":"https:\/\/api.w.org\/{rel}","templated":true}]}}