{"id":2380,"date":"2022-01-11T16:11:00","date_gmt":"2022-01-11T19:11:00","guid":{"rendered":"https:\/\/dielfe.kiri.ar\/?post_type=product&#038;p=2380"},"modified":"2026-01-21T13:46:21","modified_gmt":"2026-01-21T16:46:21","slug":"mab030","status":"publish","type":"product","link":"https:\/\/dielfe.com.ar\/en\/product\/mab030\/","title":{"rendered":"<b>MESA<\/b> DE ARRIME SOHO"},"content":{"rendered":"<p class=\"p1\">Esta mesa de arrime es de dise\u00f1o simple y puede ser utilizada en diferentes ambientes como dormitorios comedores o livings. tanto como para decoraci\u00f3n o para colocar cosas como libros, llaves carteras u otros objetos peque\u00f1os.<\/p>","protected":false},"excerpt":{"rendered":"<p><a href=\"https:\/\/dielfe.com.ar\/en\/hello-world\/\"><img decoding=\"async\" class=\"alignnone wp-image-8335\" src=\"http:\/\/dielfe.com.ar\/wp-content\/uploads\/2023\/07\/sello-Buen-Diseno-300x179.jpeg\" alt=\"\" width=\"240\" height=\"143\" srcset=\"https:\/\/dielfe.com.ar\/wp-content\/uploads\/2023\/07\/sello-Buen-Diseno-300x179.jpeg 300w, https:\/\/dielfe.com.ar\/wp-content\/uploads\/2023\/07\/sello-Buen-Diseno-1024x612.jpeg 1024w, https:\/\/dielfe.com.ar\/wp-content\/uploads\/2023\/07\/sello-Buen-Diseno-768x459.jpeg 768w, https:\/\/dielfe.com.ar\/wp-content\/uploads\/2023\/07\/sello-Buen-Diseno-400x239.jpeg 400w, https:\/\/dielfe.com.ar\/wp-content\/uploads\/2023\/07\/sello-Buen-Diseno-600x359.jpeg 600w, https:\/\/dielfe.com.ar\/wp-content\/uploads\/2023\/07\/sello-Buen-Diseno.jpeg 1181w\" sizes=\"(max-width: 240px) 100vw, 240px\" \/><\/a><\/p>\n<p><strong>SUCIEDAD LIGERA Y RECIENTE<\/strong><\/p>\n<p>Limpiar con papel de cocina, un trapo de microfibra suave y limpio (seco o humedo).<\/p>\n<p><strong>MANCHAS<\/strong><\/p>\n<p>Limpiar con agua caliente, trapos o pa\u00f1os de microfibra, esponjas o cepillos blandos utilizando productos de limpieza corriente. Terminar con un aclarado con agua limpia y eliminar totalmente el producto de limpieza, posteriormente secar con pa\u00f1o limpio.<\/p>\n<p><strong>PRODUCTOS PROHIBIDOS PARA LA LIMPIEZA<\/strong><\/p>\n<p>Sustancias abrasivas y decapantes (polvos de fragar, esponjas rasposas ,lana de acero). Productos de pulido, ceras, agentes blanqueadores. Productos acidos. Aparatos de limpieza al vapor.<\/p>\n<p><strong>DIMENSIONES DEL PRODUCTO<\/strong><\/p>\n<table class=\"default\">\n<tbody>\n<tr>\n<td><strong>Alto<\/strong><\/td>\n<td><strong>Ancho<\/strong><\/td>\n<td><strong>Profundad<\/strong><\/td>\n<\/tr>\n<tr>\n<td>67 cm<\/td>\n<td>29.4 cm<\/td>\n<td>36.4 cm<\/td>\n<\/tr>\n<\/tbody>\n<\/table>\n<p><strong>DIMENSIONES DEL EMBALAJE<\/strong><\/p>\n<table class=\"default\">\n<tbody>\n<tr>\n<td><strong>Alto<\/strong><\/td>\n<td><strong>Ancho<\/strong><\/td>\n<td><strong>Profundad<\/strong><\/td>\n<td><strong>Peso<\/strong><\/td>\n<\/tr>\n<tr>\n<td>4 cm<\/td>\n<td>36.5 cm<\/td>\n<td>65.5 cm<\/td>\n<td>3.2 kg<\/td>\n<\/tr>\n<\/tbody>\n<\/table>\n<p><strong>PESO APROX.<\/strong> 3 kilogramos<\/p>","protected":false},"featured_media":11389,"template":"","meta":{"_joinchat":[]},"product_brand":[],"product_cat":[37,56,76,72],"product_tag":[43,44],"class_list":{"0":"post-2380","1":"product","2":"type-product","3":"status-publish","4":"has-post-thumbnail","6":"product_cat-dormitorio","7":"product_cat-living","8":"product_cat-mesa-arrime-muebles-cocina","9":"product_cat-mesas","10":"product_tag-sello-buen-diseno-argentino","11":"product_tag-soho","13":"first","14":"instock","15":"shipping-taxable","16":"purchasable","17":"product-type-variable"},"_links":{"self":[{"href":"https:\/\/dielfe.com.ar\/en\/wp-json\/wp\/v2\/product\/2380","targetHints":{"allow":["GET"]}}],"collection":[{"href":"https:\/\/dielfe.com.ar\/en\/wp-json\/wp\/v2\/product"}],"about":[{"href":"https:\/\/dielfe.com.ar\/en\/wp-json\/wp\/v2\/types\/product"}],"wp:featuredmedia":[{"embeddable":true,"href":"https:\/\/dielfe.com.ar\/en\/wp-json\/wp\/v2\/media\/11389"}],"wp:attachment":[{"href":"https:\/\/dielfe.com.ar\/en\/wp-json\/wp\/v2\/media?parent=2380"}],"wp:term":[{"taxonomy":"product_brand","embeddable":true,"href":"https:\/\/dielfe.com.ar\/en\/wp-json\/wp\/v2\/product_brand?post=2380"},{"taxonomy":"product_cat","embeddable":true,"href":"https:\/\/dielfe.com.ar\/en\/wp-json\/wp\/v2\/product_cat?post=2380"},{"taxonomy":"product_tag","embeddable":true,"href":"https:\/\/dielfe.com.ar\/en\/wp-json\/wp\/v2\/product_tag?post=2380"}],"curies":[{"name":"wp","href":"https:\/\/api.w.org\/{rel}","templated":true}]}}