{"id":1888,"date":"2021-09-24T20:10:00","date_gmt":"2021-09-24T23:10:00","guid":{"rendered":"https:\/\/dielfe.kiri.ar\/?post_type=product&#038;p=1888"},"modified":"2026-01-21T14:18:57","modified_gmt":"2026-01-21T17:18:57","slug":"le076","status":"publish","type":"product","link":"https:\/\/dielfe.com.ar\/en\/product\/le076\/","title":{"rendered":"<b>BIBLIOTECA<\/b> INDUSTRIAL DE 2 CUERPO"},"content":{"rendered":"<p>El m\u00f3dulo de un cuerpo de la l\u00ednea industrial, se caracteriza por su acabado rustico. Este mueble posee seis divisiones internas, dos cerradas con puertas y cuatro libres. Cuenta con tiradores de color negro los cuales acompa\u00f1an con la est\u00e9tica discreta del dise\u00f1o.<\/p>","protected":false},"excerpt":{"rendered":"<p><strong>DIMENSIONES DEL PRODUCTO<\/strong><\/p>\n<table class=\"default\">\n<tbody>\n<tr>\n<td><strong>Alto<\/strong><\/td>\n<td><strong>Ancho<\/strong><\/td>\n<td><strong>Profundad<\/strong><\/td>\n<\/tr>\n<tr>\n<td><span style=\"vertical-align: inherit;\">141,5<\/span>\u00a0cm<\/td>\n<td>77,5 cm<\/td>\n<td>30,1 cm<\/td>\n<\/tr>\n<\/tbody>\n<\/table>\n<p><strong>DIMENSIONES DEL EMBALAJE<\/strong><\/p>\n<table class=\"default\">\n<tbody>\n<tr>\n<td><strong>Alto<\/strong><\/td>\n<td><strong>Ancho<\/strong><\/td>\n<td><strong>Profundad<\/strong><\/td>\n<td><strong>Peso<\/strong><\/td>\n<\/tr>\n<tr>\n<td>13.5 cm<\/td>\n<td>39.5 cm<\/td>\n<td>121.5 cm<\/td>\n<td>35 kg<\/td>\n<\/tr>\n<\/tbody>\n<\/table>\n<p><strong>PESO APROX.\u00a0<\/strong><span style=\"vertical-align: inherit;\"><span style=\"vertical-align: inherit;\">34 kilogramos<\/span><\/span><\/p>\n<p>&nbsp;<\/p>\n<p><strong>SUCIEDAD LIGERA Y RECIENTE<\/strong><\/p>\n<p>Limpiar con papel de cocina, un trapo de microfibra suave y limpio (seco o humedo).<\/p>\n<p><strong>MANCHAS<\/strong><\/p>\n<p>Limpiar con agua caliente, trapos o pa\u00f1os de microfibra, esponjas o cepillos blandos utilizando productos de limpieza corriente. Terminar con un aclarado con agua limpia y eliminar totalmente el producto de limpieza, posteriormente secar con pa\u00f1o limpio.<\/p>\n<p><strong>PRODUCTOS PROHIBIDOS PARA LA LIMPIEZA<\/strong><\/p>\n<p>Sustancias abrasivas y decapantes (polvos de fragar, esponjas rasposas ,lana de acero). Productos de pulido, ceras, agentes blanqueadores. Productos acidos. Aparatos de limpieza al vapor.<\/p>","protected":false},"featured_media":11436,"template":"","meta":{"_joinchat":[]},"product_brand":[],"product_cat":[24,98,56,27],"product_tag":[45],"class_list":{"0":"post-1888","1":"product","2":"type-product","3":"status-publish","4":"has-post-thumbnail","6":"product_cat-biblioteca","7":"product_cat-estudio","8":"product_cat-living","9":"product_cat-organizador","10":"product_tag-industrial","12":"first","13":"instock","14":"shipping-taxable","15":"purchasable","16":"product-type-variable"},"_links":{"self":[{"href":"https:\/\/dielfe.com.ar\/en\/wp-json\/wp\/v2\/product\/1888","targetHints":{"allow":["GET"]}}],"collection":[{"href":"https:\/\/dielfe.com.ar\/en\/wp-json\/wp\/v2\/product"}],"about":[{"href":"https:\/\/dielfe.com.ar\/en\/wp-json\/wp\/v2\/types\/product"}],"wp:featuredmedia":[{"embeddable":true,"href":"https:\/\/dielfe.com.ar\/en\/wp-json\/wp\/v2\/media\/11436"}],"wp:attachment":[{"href":"https:\/\/dielfe.com.ar\/en\/wp-json\/wp\/v2\/media?parent=1888"}],"wp:term":[{"taxonomy":"product_brand","embeddable":true,"href":"https:\/\/dielfe.com.ar\/en\/wp-json\/wp\/v2\/product_brand?post=1888"},{"taxonomy":"product_cat","embeddable":true,"href":"https:\/\/dielfe.com.ar\/en\/wp-json\/wp\/v2\/product_cat?post=1888"},{"taxonomy":"product_tag","embeddable":true,"href":"https:\/\/dielfe.com.ar\/en\/wp-json\/wp\/v2\/product_tag?post=1888"}],"curies":[{"name":"wp","href":"https:\/\/api.w.org\/{rel}","templated":true}]}}