{"id":1710,"date":"2021-09-24T17:04:00","date_gmt":"2021-09-24T17:04:00","guid":{"rendered":"https:\/\/dielfe.kiri.ar\/?post_type=product&#038;p=1710"},"modified":"2026-01-21T12:10:07","modified_gmt":"2026-01-21T15:10:07","slug":"ml085","status":"publish","type":"product","link":"https:\/\/dielfe.com.ar\/en\/product\/ml085\/","title":{"rendered":"<b>MESA<\/b> MILANO CUADRADA 0.85 mts"},"content":{"rendered":"<p class=\"p1\">La mesa milano tiene un estilo moderno que puede adaptarse en perfectamente a cualquier tipo de decoraci\u00f3n, dentro de sus principales caracter\u00edsticas destacamos sus patas met\u00e1licas con tubo de secci\u00f3n que no solo le aporta est\u00e9tica, sino que tambi\u00e9n proporciona una resistencia adecuada para ser una mesa firme y duradera.<\/p>","protected":false},"excerpt":{"rendered":"<p><strong>DIMENSIONES DEL PRODUCTO<\/strong><\/p>\n<table class=\"default\">\n<tbody>\n<tr>\n<td><strong>Alto<\/strong><\/td>\n<td><strong>Ancho<\/strong><\/td>\n<td><strong>Profundad<\/strong><\/td>\n<\/tr>\n<tr>\n<td><span style=\"vertical-align: inherit;\">76<\/span>\u00a0cm<\/td>\n<td>85 cm<\/td>\n<td>85 cm<\/td>\n<\/tr>\n<\/tbody>\n<\/table>\n<p><strong>DIMENSIONES DEL EMBALAJE<\/strong><\/p>\n<table class=\"default\">\n<tbody>\n<tr>\n<td><strong>Alto<\/strong><\/td>\n<td><strong>Ancho<\/strong><\/td>\n<td><strong>Profundad<\/strong><\/td>\n<td><strong>Peso<\/strong><\/td>\n<\/tr>\n<tr>\n<td>4 cm<\/td>\n<td>86 cm<\/td>\n<td>86 cm<\/td>\n<td>10.5 cm<\/td>\n<\/tr>\n<tr>\n<td>6 cm<\/td>\n<td>43 cm<\/td>\n<td>83 cm<\/td>\n<td>6 cm<\/td>\n<\/tr>\n<\/tbody>\n<\/table>\n<p><strong>PESO APROX.\u00a0<\/strong><span style=\"vertical-align: inherit;\"><span style=\"vertical-align: inherit;\">17 kilogramos<\/span><\/span><\/p>\n<p><strong>SUCIEDAD LIGERA Y RECIENTE<\/strong><\/p>\n<p>Limpiar con papel de cocina, un trapo de microfibra suave y limpio (seco o humedo).<\/p>\n<p><strong>MANCHAS<\/strong><\/p>\n<p>Limpiar con agua caliente, trapos o pa\u00f1os de microfibra, esponjas o cepillos blandos utilizando productos de limpieza corriente. Terminar con un aclarado con agua limpia y eliminar totalmente el producto de limpieza, posteriormente secar con pa\u00f1o limpio.<\/p>\n<p><strong>PRODUCTOS PROHIBIDOS PARA LA LIMPIEZA<\/strong><\/p>\n<p>Sustancias abrasivas y decapantes (polvos de fragar, esponjas rasposas ,lana de acero). Productos de pulido, ceras, agentes blanqueadores. Productos acidos. Aparatos de limpieza al vapor.<\/p>","protected":false},"featured_media":11310,"template":"","meta":{"_joinchat":[]},"product_brand":[],"product_cat":[30,71,72],"product_tag":[31],"class_list":{"0":"post-1710","1":"product","2":"type-product","3":"status-publish","4":"has-post-thumbnail","6":"product_cat-comedor","7":"product_cat-mesa-fija-mesas","8":"product_cat-mesas","9":"product_tag-milano","11":"first","12":"instock","13":"sold-individually","14":"shipping-taxable","15":"purchasable","16":"product-type-variable"},"_links":{"self":[{"href":"https:\/\/dielfe.com.ar\/en\/wp-json\/wp\/v2\/product\/1710","targetHints":{"allow":["GET"]}}],"collection":[{"href":"https:\/\/dielfe.com.ar\/en\/wp-json\/wp\/v2\/product"}],"about":[{"href":"https:\/\/dielfe.com.ar\/en\/wp-json\/wp\/v2\/types\/product"}],"wp:featuredmedia":[{"embeddable":true,"href":"https:\/\/dielfe.com.ar\/en\/wp-json\/wp\/v2\/media\/11310"}],"wp:attachment":[{"href":"https:\/\/dielfe.com.ar\/en\/wp-json\/wp\/v2\/media?parent=1710"}],"wp:term":[{"taxonomy":"product_brand","embeddable":true,"href":"https:\/\/dielfe.com.ar\/en\/wp-json\/wp\/v2\/product_brand?post=1710"},{"taxonomy":"product_cat","embeddable":true,"href":"https:\/\/dielfe.com.ar\/en\/wp-json\/wp\/v2\/product_cat?post=1710"},{"taxonomy":"product_tag","embeddable":true,"href":"https:\/\/dielfe.com.ar\/en\/wp-json\/wp\/v2\/product_tag?post=1710"}],"curies":[{"name":"wp","href":"https:\/\/api.w.org\/{rel}","templated":true}]}}