{"id":1700,"date":"2021-09-24T17:02:00","date_gmt":"2021-09-24T17:02:00","guid":{"rendered":"https:\/\/dielfe.kiri.ar\/?post_type=product&#038;p=1700"},"modified":"2026-01-21T12:11:40","modified_gmt":"2026-01-21T15:11:40","slug":"mre140","status":"publish","type":"product","link":"https:\/\/dielfe.com.ar\/en\/product\/mre140\/","title":{"rendered":"<b>MESA<\/b> OSLO 1.40 mts"},"content":{"rendered":"<p class=\"p1\">La mesa Oslo es un mueble de estilo n\u00f3rdico, logrado por sus l\u00edneas rectas y sencillas.<span class=\"Apple-converted-space\">\u00a0<\/span><\/p>\n<p class=\"p1\">El dise\u00f1o est\u00e1 compuesto por una tapa y patas de melamina que caen de manera inclinada hacia el suelo dando as\u00ed una est\u00e9tica diferente.<span class=\"Apple-converted-space\">\u00a0<\/span><\/p>\n<p class=\"p1\">Lo pod\u00e9s encontrar en la combinaci\u00f3n Roble natural \/ Blanco o Roble natural \/ Negro.<\/p>","protected":false},"excerpt":{"rendered":"<p><strong>DIMENSIONES DEL PRODUCTO<\/strong><\/p>\n<table class=\"default\">\n<tbody>\n<tr>\n<td><strong>Alto<\/strong><\/td>\n<td><strong>Ancho<\/strong><\/td>\n<td><strong>Profundad<\/strong><\/td>\n<\/tr>\n<tr>\n<td><span style=\"vertical-align: inherit;\">75<\/span>\u00a0cm<\/td>\n<td>136 cm<\/td>\n<td>82 cm<\/td>\n<\/tr>\n<\/tbody>\n<\/table>\n<p><strong>DIMENSIONES DEL EMBALAJE<\/strong><\/p>\n<table class=\"default\">\n<tbody>\n<tr>\n<td><strong>Alto<\/strong><\/td>\n<td><strong>Ancho<\/strong><\/td>\n<td><strong>Profundad<\/strong><\/td>\n<td><strong>Peso<\/strong><\/td>\n<\/tr>\n<tr>\n<td>2.8 cm<\/td>\n<td>82 cm<\/td>\n<td>136 cm<\/td>\n<td>14 kg<\/td>\n<\/tr>\n<tr>\n<td>11 cm<\/td>\n<td>25 cm<\/td>\n<td>76 cm<\/td>\n<td>8 kg<\/td>\n<\/tr>\n<\/tbody>\n<\/table>\n<p><strong>PESO APROX.\u00a0<\/strong><span style=\"vertical-align: inherit;\">22 kilogramos<\/span><\/p>\n<p><strong>Tablero Ext.:<\/strong> Tablero de aglomerado revestido con papel decorativo impregnado en resina de melamina.<br \/>\n<strong>Tablero Patas.:<\/strong> Tablero de aglomerado revestido con papel decorativo impregnado en resina de melamina<\/p>\n<p><strong>SUCIEDAD LIGERA Y RECIENTE<\/strong><\/p>\n<p>Limpiar con papel de cocina, un trapo de microfibra suave y limpio (seco o h\u00famedo).<\/p>\n<p><strong>MANCHAS<\/strong><\/p>\n<p>Limpiar con agua caliente, trapos o pa\u00f1os de microfibra, esponjas o cepillos blandos utilizando productos de limpieza corriente. Terminar con un aclarado con agua limpia y eliminar totalmente el producto de limpieza, posteriormente secar con pa\u00f1o limpio.<\/p>\n<p><strong>PRODUCTOS PROHIBIDOS PARA LA LIMPIEZA<\/strong><\/p>\n<p>Sustancias abrasivas y decapantes (polvos de fraguar, esponjas rasposas ,lana de acero). Productos de pulido, ceras, agentes blanqueadores. Productos \u00e1cidos. Aparatos de limpieza al vapor.<\/p>","protected":false},"featured_media":11312,"template":"","meta":{"_joinchat":[]},"product_brand":[],"product_cat":[30,71,72],"product_tag":[64],"class_list":{"0":"post-1700","1":"product","2":"type-product","3":"status-publish","4":"has-post-thumbnail","6":"product_cat-comedor","7":"product_cat-mesa-fija-mesas","8":"product_cat-mesas","9":"product_tag-oslo","11":"first","12":"instock","13":"shipping-taxable","14":"purchasable","15":"product-type-variable"},"_links":{"self":[{"href":"https:\/\/dielfe.com.ar\/en\/wp-json\/wp\/v2\/product\/1700","targetHints":{"allow":["GET"]}}],"collection":[{"href":"https:\/\/dielfe.com.ar\/en\/wp-json\/wp\/v2\/product"}],"about":[{"href":"https:\/\/dielfe.com.ar\/en\/wp-json\/wp\/v2\/types\/product"}],"wp:featuredmedia":[{"embeddable":true,"href":"https:\/\/dielfe.com.ar\/en\/wp-json\/wp\/v2\/media\/11312"}],"wp:attachment":[{"href":"https:\/\/dielfe.com.ar\/en\/wp-json\/wp\/v2\/media?parent=1700"}],"wp:term":[{"taxonomy":"product_brand","embeddable":true,"href":"https:\/\/dielfe.com.ar\/en\/wp-json\/wp\/v2\/product_brand?post=1700"},{"taxonomy":"product_cat","embeddable":true,"href":"https:\/\/dielfe.com.ar\/en\/wp-json\/wp\/v2\/product_cat?post=1700"},{"taxonomy":"product_tag","embeddable":true,"href":"https:\/\/dielfe.com.ar\/en\/wp-json\/wp\/v2\/product_tag?post=1700"}],"curies":[{"name":"wp","href":"https:\/\/api.w.org\/{rel}","templated":true}]}}