{"id":1674,"date":"2021-09-24T16:38:00","date_gmt":"2021-09-24T19:38:00","guid":{"rendered":"https:\/\/dielfe.kiri.ar\/?post_type=product&#038;p=1674"},"modified":"2026-01-21T14:22:58","modified_gmt":"2026-01-21T17:22:58","slug":"le075","status":"publish","type":"product","link":"https:\/\/dielfe.com.ar\/en\/product\/le075\/","title":{"rendered":"<b>MODULO<\/b> ESCANDINAVO DE 2 CUERPOS"},"content":{"rendered":"<p class=\"p1\">El m\u00f3dulo de dos cuerpos de la l\u00ednea Escandinava, se caracteriza por su estilo minimalista. El dise\u00f1o est\u00e1 compuesto por un cuerpo principal de melanina y patas de PVC. Este mueble posee seis divisiones internas, dos cerradas con puertas y cuatro libres.<\/p>\n<p class=\"p1\">Con terminaciones en color blanco combinado con roble bardolino y tiradores de color plateado los cuales acompa\u00f1an con la est\u00e9tica discreta del dise\u00f1o. Este m\u00f3dulo se puede adaptar perfectamente al ambiente en el que se lo utilice<b>.<\/b><\/p>","protected":false},"excerpt":{"rendered":"<p><strong>DIMENSIONES DEL PRODUCTO<\/strong><\/p>\n<table class=\"default\">\n<tbody>\n<tr>\n<td><strong>Alto<\/strong><\/td>\n<td><strong>Ancho<\/strong><\/td>\n<td><strong>Profundidad<\/strong><\/td>\n<\/tr>\n<tr>\n<td>132.6 cm<\/td>\n<td>76.6 cm<\/td>\n<td>30.1 cm<\/td>\n<\/tr>\n<\/tbody>\n<\/table>\n<p><strong>DIMENSIONES DEL EMBALAJE<\/strong><\/p>\n<table class=\"default\">\n<tbody>\n<tr>\n<td><strong>Alto<\/strong><\/td>\n<td><strong>Ancho<\/strong><\/td>\n<td><strong>Profundidad<\/strong><\/td>\n<td><strong>Peso<\/strong><\/td>\n<\/tr>\n<tr>\n<td>13.5 cm<\/td>\n<td>39.5 cm<\/td>\n<td>121.5 cm<\/td>\n<td>28 kg<\/td>\n<\/tr>\n<\/tbody>\n<\/table>\n<p><strong>PESO APROX.\u00a0<\/strong><span style=\"vertical-align: inherit;\">27 kilogramos<\/span><\/p>\n<p>&nbsp;<\/p>\n<p><strong>SUCIEDAD LIGERA Y RECIENTE<\/strong><\/p>\n<p>Limpiar con papel de cocina, un trapo de microfibra suave y limpio (seco o h\u00famedo).<\/p>\n<p><strong>MANCHAS<\/strong><\/p>\n<p>Limpiar con agua caliente, trapos o pa\u00f1os de microfibra, esponjas o cepillos blandos utilizando productos de limpieza corriente. Terminar con un aclarado con agua limpia y eliminar totalmente el producto de limpieza, posteriormente secar con pa\u00f1o limpio.<\/p>\n<p><strong>PRODUCTOS PROHIBIDOS PARA LA LIMPIEZA<\/strong><\/p>\n<p>Sustancias abrasivas y decapantes (polvos de fregar, esponjas rasposas, lana de acero). Productos de pulido, ceras, agentes blanqueadores. Productos \u00e1cidos. Aparatos de limpieza al vapor.<\/p>","protected":false},"featured_media":11443,"template":"","meta":{"_joinchat":[]},"product_brand":[],"product_cat":[98,56,70,27],"product_tag":[65],"class_list":{"0":"post-1674","1":"product","2":"type-product","3":"status-publish","4":"has-post-thumbnail","6":"product_cat-estudio","7":"product_cat-living","8":"product_cat-modulo","9":"product_cat-organizador","10":"product_tag-escandinava","12":"first","13":"instock","14":"sold-individually","15":"shipping-taxable","16":"purchasable","17":"product-type-variable"},"_links":{"self":[{"href":"https:\/\/dielfe.com.ar\/en\/wp-json\/wp\/v2\/product\/1674","targetHints":{"allow":["GET"]}}],"collection":[{"href":"https:\/\/dielfe.com.ar\/en\/wp-json\/wp\/v2\/product"}],"about":[{"href":"https:\/\/dielfe.com.ar\/en\/wp-json\/wp\/v2\/types\/product"}],"wp:featuredmedia":[{"embeddable":true,"href":"https:\/\/dielfe.com.ar\/en\/wp-json\/wp\/v2\/media\/11443"}],"wp:attachment":[{"href":"https:\/\/dielfe.com.ar\/en\/wp-json\/wp\/v2\/media?parent=1674"}],"wp:term":[{"taxonomy":"product_brand","embeddable":true,"href":"https:\/\/dielfe.com.ar\/en\/wp-json\/wp\/v2\/product_brand?post=1674"},{"taxonomy":"product_cat","embeddable":true,"href":"https:\/\/dielfe.com.ar\/en\/wp-json\/wp\/v2\/product_cat?post=1674"},{"taxonomy":"product_tag","embeddable":true,"href":"https:\/\/dielfe.com.ar\/en\/wp-json\/wp\/v2\/product_tag?post=1674"}],"curies":[{"name":"wp","href":"https:\/\/api.w.org\/{rel}","templated":true}]}}