{"id":1650,"date":"2021-09-24T16:28:00","date_gmt":"2021-09-24T19:28:00","guid":{"rendered":"https:\/\/dielfe.kiri.ar\/?post_type=product&#038;p=1650"},"modified":"2026-01-21T14:21:14","modified_gmt":"2026-01-21T17:21:14","slug":"los040","status":"publish","type":"product","link":"https:\/\/dielfe.com.ar\/en\/product\/los040\/","title":{"rendered":"<b>MODULO<\/b> OSLO DE 1 CUERPO"},"content":{"rendered":"<p class=\"p1\">El m\u00f3dulo de un cuerpo de la l\u00ednea Oslo, se caracteriza por sus l\u00edneas rectas y sencillas. Este mueble posee tres divisiones internas, dos cerradas dentro de una puerta y uno libre.<span class=\"Apple-converted-space\">\u00a0<\/span><\/p>\n<p class=\"p1\">El m\u00f3dulo est\u00e1 pensado en la multifuncionalidad, ya que puede ejercer varios usos dependiendo del ambiente en el que se lo utilice, en la cocina como despensero, en el living como contenedor, en el comedor como vajillero, en el estudio como biblioteca, en la habitaci\u00f3n de los ni\u00f1os como porta juguetes, ante ba\u00f1o y ba\u00f1o como toallero y en el lavadero como organizador de elementos de limpieza.<\/p>","protected":false},"excerpt":{"rendered":"<p><strong>DIMENSIONES DEL PRODUCTO<\/strong><\/p>\n<table class=\"default\">\n<tbody>\n<tr>\n<td><strong>Alto<\/strong><\/td>\n<td><strong>Ancho<\/strong><\/td>\n<td><strong>Profundad<\/strong><\/td>\n<\/tr>\n<tr>\n<td>140 cm<\/td>\n<td>39.3 cm<\/td>\n<td>31.6 cm<\/td>\n<\/tr>\n<\/tbody>\n<\/table>\n<p><strong>DIMENSIONES DEL EMBALAJE<\/strong><\/p>\n<table class=\"default\">\n<tbody>\n<tr>\n<td><strong>Alto<\/strong><\/td>\n<td><strong>Ancho<\/strong><\/td>\n<td><strong>Profundad<\/strong><\/td>\n<td><strong>Peso<\/strong><\/td>\n<\/tr>\n<tr>\n<td>11 cm<\/td>\n<td>43cm<\/td>\n<td>134 cm<\/td>\n<td>16 kg<\/td>\n<\/tr>\n<\/tbody>\n<\/table>\n<div class=\"elementor-element elementor-element-7bcc046 elementor-hidden-phone elementor-widget elementor-widget-woocommerce-product-short-description\" data-id=\"7bcc046\" data-element_type=\"widget\" data-widget_type=\"woocommerce-product-short-description.default\">\n<div class=\"elementor-widget-container\">\n<div class=\"woocommerce-product-details__short-description\">\n<p><strong>PESO APROX.\u00a0<\/strong>15.5 kilogramos<\/p>\n<p><strong>Tablero Ext.:<\/strong> Tablero de aglomerado revestido con papel decorativo impregnado en resina de melamina.<br \/>\n<strong>Tablero Int.:<\/strong> Tablero Fond.: Tablero de MDF revestido con papel decorativo.<\/p>\n<\/div>\n<p><strong>SUCIEDAD LIGERA Y RECIENTE<\/strong><\/p>\n<p>Limpiar con papel de cocina, un trapo de microfibra suave y limpio (seco o humedo).<\/p>\n<p><strong>MANCHAS<\/strong><\/p>\n<p>Limpiar con agua caliente, trapos o pa\u00f1os de microfibra, esponjas o cepillos blandos utilizando productos de limpieza corriente. Terminar con un aclarado con agua limpia y eliminar totalmente el producto de limpieza, posteriormente secar con pa\u00f1o limpio.<\/p>\n<p><strong>PRODUCTOS PROHIBIDOS PARA LA LIMPIEZA<\/strong><\/p>\n<p>Sustancias abrasivas y decapantes (polvos de fragar, esponjas rasposas ,lana de acero). Productos de pulido, ceras, agentes blanqueadores. Productos acidos. Aparatos de limpieza al vapor.<\/p>\n<\/div>\n<\/div>","protected":false},"featured_media":11440,"template":"","meta":{"_joinchat":[]},"product_brand":[],"product_cat":[98,56,70,27],"product_tag":[64],"class_list":{"0":"post-1650","1":"product","2":"type-product","3":"status-publish","4":"has-post-thumbnail","6":"product_cat-estudio","7":"product_cat-living","8":"product_cat-modulo","9":"product_cat-organizador","10":"product_tag-oslo","12":"first","13":"instock","14":"virtual","15":"purchasable","16":"product-type-simple"},"_links":{"self":[{"href":"https:\/\/dielfe.com.ar\/en\/wp-json\/wp\/v2\/product\/1650","targetHints":{"allow":["GET"]}}],"collection":[{"href":"https:\/\/dielfe.com.ar\/en\/wp-json\/wp\/v2\/product"}],"about":[{"href":"https:\/\/dielfe.com.ar\/en\/wp-json\/wp\/v2\/types\/product"}],"wp:featuredmedia":[{"embeddable":true,"href":"https:\/\/dielfe.com.ar\/en\/wp-json\/wp\/v2\/media\/11440"}],"wp:attachment":[{"href":"https:\/\/dielfe.com.ar\/en\/wp-json\/wp\/v2\/media?parent=1650"}],"wp:term":[{"taxonomy":"product_brand","embeddable":true,"href":"https:\/\/dielfe.com.ar\/en\/wp-json\/wp\/v2\/product_brand?post=1650"},{"taxonomy":"product_cat","embeddable":true,"href":"https:\/\/dielfe.com.ar\/en\/wp-json\/wp\/v2\/product_cat?post=1650"},{"taxonomy":"product_tag","embeddable":true,"href":"https:\/\/dielfe.com.ar\/en\/wp-json\/wp\/v2\/product_tag?post=1650"}],"curies":[{"name":"wp","href":"https:\/\/api.w.org\/{rel}","templated":true}]}}