{"id":1606,"date":"2021-09-24T15:42:00","date_gmt":"2021-09-24T15:42:00","guid":{"rendered":"https:\/\/dielfe.kiri.ar\/?post_type=product&#038;p=1606"},"modified":"2026-01-21T10:26:48","modified_gmt":"2026-01-21T13:26:48","slug":"pac090","status":"publish","type":"product","link":"https:\/\/dielfe.com.ar\/en\/product\/pac090\/","title":{"rendered":"<b>PLACARD<\/b> 2 Puertas De Abrir, Estantes Y 2 Cajones De 0,87Mt"},"content":{"rendered":"<p class=\"p1\">El placar de dos puertas de la l\u00ednea cl\u00e1sica est\u00e1 construido en melamina de 15 mil\u00edmetros tiene un dise\u00f1o simple y es ideal para espacios reducidos.<span class=\"Apple-converted-space\">\u00a0<\/span><\/p>\n<p class=\"p1\">Cuenta con dos cajones, dos estantes y dos barrales logrando as\u00ed un mobiliario funcional que se adapta a todo tipo de hogar.<\/p>","protected":false},"excerpt":{"rendered":"<p><strong>DIMENSIONES DEL PRODUCTO<\/strong><\/p>\n<table class=\"default\">\n<tbody>\n<tr>\n<td><strong>Alto<\/strong><\/td>\n<td><strong>Ancho<\/strong><\/td>\n<td><strong>Profundad<\/strong><\/td>\n<\/tr>\n<tr>\n<td>181 cm<\/td>\n<td>87.1 cm<\/td>\n<td>44.3 cm<\/td>\n<\/tr>\n<\/tbody>\n<\/table>\n<p><strong>DIMENSIONES DEL EMBALAJE<\/strong><\/p>\n<table class=\"default\">\n<tbody>\n<tr>\n<td><strong>Alto<\/strong><\/td>\n<td><strong>Ancho<\/strong><\/td>\n<td><strong>Profundad<\/strong><\/td>\n<\/tr>\n<tr>\n<td>10 cm<\/td>\n<td>46 cm<\/td>\n<td>184 cm<\/td>\n<\/tr>\n<\/tbody>\n<\/table>\n<p><strong>PESO APROX.\u00a0<\/strong>65 kilogramos<\/p>\n<p><strong>SUCIEDAD LIGERA Y RECIENTE<\/strong><\/p>\n<p>Limpiar con papel de cocina, un trapo de microfibra suave y limpio (seco o humedo).<\/p>\n<p><strong>MANCHAS<\/strong><\/p>\n<p>Limpiar con agua caliente, trapos o pa\u00f1os de microfibra, esponjas o cepillos blandos utilizando productos de limpieza corriente. Terminar con un aclarado con agua limpia y eliminar totalmente el producto de limpieza, posteriormente secar con pa\u00f1o limpio.<\/p>\n<p><strong>PRODUCTOS PROHIBIDOS PARA LA LIMPIEZA<\/strong><\/p>\n<p>Sustancias abrasivas y decapantes (polvos de fragar, esponjas rasposas ,lana de acero). Productos de pulido, ceras, agentes blanqueadores. Productos acidos. Aparatos de limpieza al vapor.<\/p>","protected":false},"featured_media":11202,"template":"","meta":{"_joinchat":[]},"product_brand":[],"product_cat":[37,39,47],"product_tag":[25],"class_list":{"0":"post-1606","1":"product","2":"type-product","3":"status-publish","4":"has-post-thumbnail","6":"product_cat-dormitorio","7":"product_cat-placard","8":"product_cat-puertas-de-abrir","9":"product_tag-clasica","11":"first","12":"instock","13":"sold-individually","14":"shipping-taxable","15":"purchasable","16":"product-type-variable"},"_links":{"self":[{"href":"https:\/\/dielfe.com.ar\/en\/wp-json\/wp\/v2\/product\/1606","targetHints":{"allow":["GET"]}}],"collection":[{"href":"https:\/\/dielfe.com.ar\/en\/wp-json\/wp\/v2\/product"}],"about":[{"href":"https:\/\/dielfe.com.ar\/en\/wp-json\/wp\/v2\/types\/product"}],"wp:featuredmedia":[{"embeddable":true,"href":"https:\/\/dielfe.com.ar\/en\/wp-json\/wp\/v2\/media\/11202"}],"wp:attachment":[{"href":"https:\/\/dielfe.com.ar\/en\/wp-json\/wp\/v2\/media?parent=1606"}],"wp:term":[{"taxonomy":"product_brand","embeddable":true,"href":"https:\/\/dielfe.com.ar\/en\/wp-json\/wp\/v2\/product_brand?post=1606"},{"taxonomy":"product_cat","embeddable":true,"href":"https:\/\/dielfe.com.ar\/en\/wp-json\/wp\/v2\/product_cat?post=1606"},{"taxonomy":"product_tag","embeddable":true,"href":"https:\/\/dielfe.com.ar\/en\/wp-json\/wp\/v2\/product_tag?post=1606"}],"curies":[{"name":"wp","href":"https:\/\/api.w.org\/{rel}","templated":true}]}}