{"id":13261,"date":"2026-05-11T10:50:42","date_gmt":"2026-05-11T13:50:42","guid":{"rendered":"https:\/\/dielfe.com.ar\/?post_type=product&#038;p=13261"},"modified":"2026-05-11T10:51:22","modified_gmt":"2026-05-11T13:51:22","slug":"juego-bistro-exterior-sicilia-3-piezas","status":"publish","type":"product","link":"https:\/\/dielfe.com.ar\/en\/product\/juego-bistro-exterior-sicilia-3-piezas\/","title":{"rendered":"<b> JUEGO BISTR\u00d3 EXTERIOR SICILIA<\/b> 3 PIEZAS"},"content":{"rendered":"<p>Este conjunto combina ligereza visual y materiales bien equilibrados para crear un espacio c\u00f3modo y funcional. Las sillas con apoya brazos de estructura tubular se complementan con terminaciones en rat\u00e1n, que aportan textura y un detalle artesanal al dise\u00f1o. Los almohadones suman confort y suavidad, haciendo m\u00e1s agradable el uso diario. La mesa con tapa de madera completa el conjunto, aportando estabilidad y un contraste c\u00e1lido que equilibra el car\u00e1cter liviano de la estructura. Es una propuesta ideal para generar un rinc\u00f3n de encuentro tanto en interiores como en espacios semicubiertos.<\/p>","protected":false},"excerpt":{"rendered":"<p>Este conjunto combina ligereza visual y materiales bien equilibrados para crear un espacio c\u00f3modo y funcional. Las sillas con apoya brazos de estructura tubular se complementan con terminaciones en rat\u00e1n, que aportan textura y un detalle artesanal al dise\u00f1o. Los almohadones suman confort y suavidad, haciendo m\u00e1s agradable el uso diario. La mesa con tapa [&hellip;]<\/p>","protected":false},"featured_media":13260,"template":"","meta":{"_joinchat":[]},"product_brand":[],"product_cat":[97,71],"product_tag":[],"class_list":{"0":"post-13261","1":"product","2":"type-product","3":"status-publish","4":"has-post-thumbnail","6":"product_cat-exterior","7":"product_cat-mesa-fija-mesas","9":"first","10":"instock","11":"shipping-taxable","12":"purchasable","13":"product-type-simple"},"_links":{"self":[{"href":"https:\/\/dielfe.com.ar\/en\/wp-json\/wp\/v2\/product\/13261","targetHints":{"allow":["GET"]}}],"collection":[{"href":"https:\/\/dielfe.com.ar\/en\/wp-json\/wp\/v2\/product"}],"about":[{"href":"https:\/\/dielfe.com.ar\/en\/wp-json\/wp\/v2\/types\/product"}],"wp:featuredmedia":[{"embeddable":true,"href":"https:\/\/dielfe.com.ar\/en\/wp-json\/wp\/v2\/media\/13260"}],"wp:attachment":[{"href":"https:\/\/dielfe.com.ar\/en\/wp-json\/wp\/v2\/media?parent=13261"}],"wp:term":[{"taxonomy":"product_brand","embeddable":true,"href":"https:\/\/dielfe.com.ar\/en\/wp-json\/wp\/v2\/product_brand?post=13261"},{"taxonomy":"product_cat","embeddable":true,"href":"https:\/\/dielfe.com.ar\/en\/wp-json\/wp\/v2\/product_cat?post=13261"},{"taxonomy":"product_tag","embeddable":true,"href":"https:\/\/dielfe.com.ar\/en\/wp-json\/wp\/v2\/product_tag?post=13261"}],"curies":[{"name":"wp","href":"https:\/\/api.w.org\/{rel}","templated":true}]}}