{"id":1146,"date":"2021-09-05T19:07:00","date_gmt":"2021-09-05T19:07:00","guid":{"rendered":"https:\/\/dielfe.kiri.ar\/?post_type=product&#038;p=1146"},"modified":"2026-01-21T11:40:22","modified_gmt":"2026-01-21T14:40:22","slug":"ros130","status":"publish","type":"product","link":"https:\/\/dielfe.com.ar\/en\/product\/ros130\/","title":{"rendered":"<b>RACK TV<\/b> OSLO"},"content":{"rendered":"<p class=\"p1\">El rack de TV de la l\u00ednea Oslo es un producto de estilo n\u00f3rdico, logrado por sus l\u00edneas rectas y sencillas.<span class=\"Apple-converted-space\">\u00a0<\/span><\/p>\n<p class=\"p1\">Este dise\u00f1o minimalista est\u00e1 compuesto por un cuerpo principal de melamina y patas rectas de chapa plegada en la parte inferior.<\/p>\n<p class=\"p1\">Este mueble posee tres divisiones internas, dos cerradas con puertas y una libre, Con una amplia capacidad de almacenaje de todo tipo de objetos.<\/p>\n<p class=\"p1\">Lo pod\u00e9s encontrar en las combinaciones de color roble natural en su totalidad y las patas en color blanco.<\/p>","protected":false},"excerpt":{"rendered":"<p><strong>DIMENSIONES DEL PRODUCTO<\/strong><\/p>\n<table class=\"default\">\n<tbody>\n<tr>\n<td><strong>Alto<\/strong><\/td>\n<td><strong>Ancho<\/strong><\/td>\n<td><strong>Profundidad<\/strong><\/td>\n<\/tr>\n<tr>\n<td>51.7 cm<\/td>\n<td>128.4 cm<\/td>\n<td>37 cm<\/td>\n<\/tr>\n<\/tbody>\n<\/table>\n<p><strong>DIMENSIONES DEL EMBALAJE<\/strong><\/p>\n<table class=\"default\">\n<tbody>\n<tr>\n<td><strong>Alto<\/strong><\/td>\n<td><strong>Ancho<\/strong><\/td>\n<td><strong>Profundidad<\/strong><\/td>\n<td><strong>Peso<\/strong><\/td>\n<\/tr>\n<tr>\n<td>6.2 cm<\/td>\n<td>36.5 cm<\/td>\n<td>134.1 cm<\/td>\n<td>21 kg<\/td>\n<\/tr>\n<\/tbody>\n<\/table>\n<p><strong>PESO APROX.\u00a0<\/strong><span style=\"vertical-align: inherit;\"><span style=\"vertical-align: inherit;\">20 kilogramos<\/span><\/span><\/p>\n<p><strong>SUCIEDAD LIGERA Y RECIENTE<\/strong><\/p>\n<p>Limpiar con papel de cocina, un trapo de microfibra suave y limpio (seco o humedo).<\/p>\n<p><strong>MANCHAS<\/strong><\/p>\n<p>Limpiar con agua caliente, trapos o pa\u00f1os de microfibra, esponjas o cepillos blandos utilizando productos de limpieza corriente. Terminar con un aclarado con agua limpia y eliminar totalmente el producto de limpieza, posteriormente secar con pa\u00f1o limpio.<\/p>\n<p><strong>PRODUCTOS PROHIBIDOS PARA LA LIMPIEZA<\/strong><\/p>\n<p>Sustancias abrasivas y decapantes (polvos de fragar, esponjas rasposas ,lana de acero). Productos de pulido, ceras, agentes blanqueadores. Productos acidos. Aparatos de limpieza al vapor.<\/p>\n<p class=\"p1\">El rack de TV de la l\u00ednea Oslo es un producto de estilo n\u00f3rdico, logrado por sus l\u00edneas rectas y sencillas.<span class=\"Apple-converted-space\">\u00a0<\/span><\/p>\n<p class=\"p1\">Este dise\u00f1o minimalista est\u00e1 compuesto por un cuerpo principal de melamina y patas rectas de chapa plegada en la parte inferior.<\/p>\n<p class=\"p1\">Este mueble posee tres divisiones internas, dos cerradas con puertas y una libre, Con una amplia capacidad de almacenaje de todo tipo de objetos.<\/p>\n<p class=\"p1\">Lo pod\u00e9s encontrar en las combinaciones de color roble natural en su totalidad y las patas en color blanco.<\/p>","protected":false},"featured_media":11273,"template":"","meta":{"_joinchat":[]},"product_brand":[],"product_cat":[56,63,58],"product_tag":[64],"class_list":{"0":"post-1146","1":"product","2":"type-product","3":"status-publish","4":"has-post-thumbnail","6":"product_cat-living","7":"product_cat-mesa-tv","8":"product_cat-rack-tv","9":"product_tag-oslo","11":"first","12":"instock","13":"virtual","14":"sold-individually","15":"purchasable","16":"product-type-simple"},"_links":{"self":[{"href":"https:\/\/dielfe.com.ar\/en\/wp-json\/wp\/v2\/product\/1146","targetHints":{"allow":["GET"]}}],"collection":[{"href":"https:\/\/dielfe.com.ar\/en\/wp-json\/wp\/v2\/product"}],"about":[{"href":"https:\/\/dielfe.com.ar\/en\/wp-json\/wp\/v2\/types\/product"}],"wp:featuredmedia":[{"embeddable":true,"href":"https:\/\/dielfe.com.ar\/en\/wp-json\/wp\/v2\/media\/11273"}],"wp:attachment":[{"href":"https:\/\/dielfe.com.ar\/en\/wp-json\/wp\/v2\/media?parent=1146"}],"wp:term":[{"taxonomy":"product_brand","embeddable":true,"href":"https:\/\/dielfe.com.ar\/en\/wp-json\/wp\/v2\/product_brand?post=1146"},{"taxonomy":"product_cat","embeddable":true,"href":"https:\/\/dielfe.com.ar\/en\/wp-json\/wp\/v2\/product_cat?post=1146"},{"taxonomy":"product_tag","embeddable":true,"href":"https:\/\/dielfe.com.ar\/en\/wp-json\/wp\/v2\/product_tag?post=1146"}],"curies":[{"name":"wp","href":"https:\/\/api.w.org\/{rel}","templated":true}]}}