{"id":11363,"date":"2026-01-21T13:05:56","date_gmt":"2026-01-21T16:05:56","guid":{"rendered":"https:\/\/dielfe.com.ar\/?post_type=product&#038;p=11363"},"modified":"2026-01-21T16:26:21","modified_gmt":"2026-01-21T19:26:21","slug":"escritorio-con-cajones-niza","status":"publish","type":"product","link":"https:\/\/dielfe.com.ar\/en\/product\/escritorio-con-cajones-niza\/","title":{"rendered":"<b> ESCRITORIO CON CAJONES <\/b> NIZA"},"content":{"rendered":"<p>Este escritorio peque\u00f1o y elegante es la opci\u00f3n ideal para espacios reducidos, combinando un dise\u00f1o moderno con funcionalidad. Destaca por su acabado \u00fanico, que mezcla texturas de madera en veta con superficies lisas, creando un look sofisticado y contempor\u00e1neo. Cuenta con dos cajones, perfectos para mantener el orden y darle estilo a cualquier rinc\u00f3n de tu hogar o oficina.<\/p>","protected":false},"excerpt":{"rendered":"<p><strong>SUCIEDAD LIGERA Y RECIENTE<\/strong><\/p>\n<p>Limpiar con papel de cocina, un trapo de microfibra suave y limpio (seco o h\u00famedo).<\/p>\n<p><strong>MANCHAS<\/strong><\/p>\n<p>Limpiar con agua caliente, trapos o pa\u00f1os de microfibra, esponjas o cepillos blandos utilizando productos de limpieza corriente. Terminar con un aclarado con agua limpia y eliminar totalmente el producto de limpieza, posteriormente secar con pa\u00f1o limpio.<\/p>\n<p><strong>PRODUCTOS PROHIBIDOS PARA LA LIMPIEZA<\/strong><\/p>\n<p>Sustancias abrasivas y decapantes (polvos de fregar, esponjas rasposas ,lana de acero). Productos de pulido, ceras, agentes blanqueadores. Productos \u00e1cidos. Aparatos de limpieza al vapor.<\/p>","protected":false},"featured_media":11367,"template":"","meta":{"_joinchat":[]},"product_brand":[],"product_cat":[36,48,56],"product_tag":[96],"class_list":{"0":"post-11363","1":"product","2":"type-product","3":"status-publish","4":"has-post-thumbnail","6":"product_cat-escritorios","7":"product_cat-ambientes","8":"product_cat-living","9":"product_tag-niza","11":"first","12":"instock","13":"shipping-taxable","14":"product-type-simple"},"_links":{"self":[{"href":"https:\/\/dielfe.com.ar\/en\/wp-json\/wp\/v2\/product\/11363","targetHints":{"allow":["GET"]}}],"collection":[{"href":"https:\/\/dielfe.com.ar\/en\/wp-json\/wp\/v2\/product"}],"about":[{"href":"https:\/\/dielfe.com.ar\/en\/wp-json\/wp\/v2\/types\/product"}],"wp:featuredmedia":[{"embeddable":true,"href":"https:\/\/dielfe.com.ar\/en\/wp-json\/wp\/v2\/media\/11367"}],"wp:attachment":[{"href":"https:\/\/dielfe.com.ar\/en\/wp-json\/wp\/v2\/media?parent=11363"}],"wp:term":[{"taxonomy":"product_brand","embeddable":true,"href":"https:\/\/dielfe.com.ar\/en\/wp-json\/wp\/v2\/product_brand?post=11363"},{"taxonomy":"product_cat","embeddable":true,"href":"https:\/\/dielfe.com.ar\/en\/wp-json\/wp\/v2\/product_cat?post=11363"},{"taxonomy":"product_tag","embeddable":true,"href":"https:\/\/dielfe.com.ar\/en\/wp-json\/wp\/v2\/product_tag?post=11363"}],"curies":[{"name":"wp","href":"https:\/\/api.w.org\/{rel}","templated":true}]}}