{"id":11243,"date":"2026-01-21T10:58:25","date_gmt":"2026-01-21T13:58:25","guid":{"rendered":"https:\/\/dielfe.com.ar\/?post_type=product&#038;p=11243"},"modified":"2026-01-21T16:26:52","modified_gmt":"2026-01-21T19:26:52","slug":"bahiut-niza","status":"publish","type":"product","link":"https:\/\/dielfe.com.ar\/en\/product\/bahiut-niza\/","title":{"rendered":"<b>BAHIUT<\/b> NIZA"},"content":{"rendered":"<p>Imagina un mueble que no solo complemente tu espacio, sino que lo transforme por completo. Nuestro exclusivo vajillero no es solo una pieza funcional; es un verdadero protagonista de estilo y elegancia en cualquier hogar. Con un dise\u00f1o contempor\u00e1neo que combina l\u00edneas limpias y acabados de calidad.<br \/>\nOfrece tres puertas con un estante divisor para organizar los elementos del hogar seg\u00fan como necesites.<br \/>\nOfrecemos diferentes combinaciones de colores para que puedas elegir el que mejor se adapta a tu espacio. Este mueble no solo es una soluci\u00f3n de almacenamiento pr\u00e1ctica, sino tambi\u00e9n un elemento decorativo que aportar\u00e1 belleza y sofisticaci\u00f3n a su espacio. El mueble vajillero, viene desarmado y preparado para ensamblar de manera r\u00e1pida y simple.<\/p>","protected":false},"excerpt":{"rendered":"<p><strong>SUCIEDAD LIGERA Y RECIENTE<\/strong><\/p>\n<p>Limpiar con papel de cocina, un trapo de microfibra suave y limpio (seco o h\u00famedo).<\/p>\n<p><strong>MANCHAS<\/strong><\/p>\n<p>Limpiar con agua caliente, trapos o pa\u00f1os de microfibra, esponjas o cepillos blandos utilizando productos de limpieza corriente. Terminar con un aclarado con agua limpia y eliminar totalmente el producto de limpieza, posteriormente secar con pa\u00f1o limpio.<\/p>\n<p><strong>PRODUCTOS PROHIBIDOS PARA LA LIMPIEZA<\/strong><\/p>\n<p>Sustancias abrasivas y decapantes (polvos de fregar, esponjas rasposas ,lana de acero). Productos de pulido, ceras, agentes blanqueadores. Productos \u00e1cidos. Aparatos de limpieza al vapor.<\/p>","protected":false},"featured_media":11252,"template":"","meta":{"_joinchat":[]},"product_brand":[],"product_cat":[48,56,63,27,42],"product_tag":[96],"class_list":{"0":"post-11243","1":"product","2":"type-product","3":"status-publish","4":"has-post-thumbnail","6":"product_cat-ambientes","7":"product_cat-living","8":"product_cat-mesa-tv","9":"product_cat-organizador","10":"product_cat-recibidor","11":"product_tag-niza","13":"first","14":"instock","15":"shipping-taxable","16":"purchasable","17":"product-type-variable"},"_links":{"self":[{"href":"https:\/\/dielfe.com.ar\/en\/wp-json\/wp\/v2\/product\/11243","targetHints":{"allow":["GET"]}}],"collection":[{"href":"https:\/\/dielfe.com.ar\/en\/wp-json\/wp\/v2\/product"}],"about":[{"href":"https:\/\/dielfe.com.ar\/en\/wp-json\/wp\/v2\/types\/product"}],"wp:featuredmedia":[{"embeddable":true,"href":"https:\/\/dielfe.com.ar\/en\/wp-json\/wp\/v2\/media\/11252"}],"wp:attachment":[{"href":"https:\/\/dielfe.com.ar\/en\/wp-json\/wp\/v2\/media?parent=11243"}],"wp:term":[{"taxonomy":"product_brand","embeddable":true,"href":"https:\/\/dielfe.com.ar\/en\/wp-json\/wp\/v2\/product_brand?post=11243"},{"taxonomy":"product_cat","embeddable":true,"href":"https:\/\/dielfe.com.ar\/en\/wp-json\/wp\/v2\/product_cat?post=11243"},{"taxonomy":"product_tag","embeddable":true,"href":"https:\/\/dielfe.com.ar\/en\/wp-json\/wp\/v2\/product_tag?post=11243"}],"curies":[{"name":"wp","href":"https:\/\/api.w.org\/{rel}","templated":true}]}}