{"id":11219,"date":"2026-01-21T10:47:40","date_gmt":"2026-01-21T13:47:40","guid":{"rendered":"https:\/\/dielfe.com.ar\/?post_type=product&#038;p=11219"},"modified":"2026-01-21T10:47:41","modified_gmt":"2026-01-21T13:47:41","slug":"mesa-de-luz-flotante","status":"publish","type":"product","link":"https:\/\/dielfe.com.ar\/en\/product\/mesa-de-luz-flotante\/","title":{"rendered":"<b>MESA DE LUZ<\/b> FLOTANTE"},"content":{"rendered":"<p>Mesa de luz flotante de dise\u00f1o, con un caj\u00f3n amplio y una superficie de apoyo espaciosa. En uno de sus laterales, cuenta con un accesorio funcional de chapa plegada que permite colocar libros, tablets u otros objetos personales. Adem\u00e1s, cuenta con un pr\u00e1ctico sistema para pasar y sujetar cables, manteniendo el espacio ordenado y libre de enredos. Ideal para ambientes contempor\u00e1neos que buscan dise\u00f1o y practicidad. Su est\u00e9tica simple y moderna la convierte en una opci\u00f3n vers\u00e1til para cualquier dormitorio.<\/p>","protected":false},"excerpt":{"rendered":"<p><strong>SUCIEDAD LIGERA Y RECIENTE<\/strong><\/p>\n<p>Limpiar con papel de cocina, un trapo de microfibra suave y limpio (seco o h\u00famedo).<\/p>\n<p><strong>MANCHAS<\/strong><\/p>\n<p>Limpiar con agua caliente, trapos o pa\u00f1os de microfibra, esponjas o cepillos blandos utilizando productos de limpieza corriente. Terminar con un aclarado con agua limpia y eliminar totalmente el producto de limpieza, posteriormente secar con pa\u00f1o limpio.<\/p>\n<p><strong>PRODUCTOS PROHIBIDOS PARA LA LIMPIEZA<\/strong><\/p>\n<p>Sustancias abrasivas y decapantes (polvos de fregar, esponjas rasposas ,lana de acero). Productos de pulido, ceras, agentes blanqueadores. Productos \u00e1cidos. Aparatos de limpieza al vapor.<\/p>","protected":false},"featured_media":11227,"template":"","meta":{"_joinchat":[]},"product_brand":[],"product_cat":[37,48,69,27],"product_tag":[],"class_list":{"0":"post-11219","1":"product","2":"type-product","3":"status-publish","4":"has-post-thumbnail","6":"product_cat-dormitorio","7":"product_cat-ambientes","8":"product_cat-mesa-de-luz","9":"product_cat-organizador","11":"first","12":"instock","13":"shipping-taxable","14":"purchasable","15":"product-type-variable"},"_links":{"self":[{"href":"https:\/\/dielfe.com.ar\/en\/wp-json\/wp\/v2\/product\/11219","targetHints":{"allow":["GET"]}}],"collection":[{"href":"https:\/\/dielfe.com.ar\/en\/wp-json\/wp\/v2\/product"}],"about":[{"href":"https:\/\/dielfe.com.ar\/en\/wp-json\/wp\/v2\/types\/product"}],"wp:featuredmedia":[{"embeddable":true,"href":"https:\/\/dielfe.com.ar\/en\/wp-json\/wp\/v2\/media\/11227"}],"wp:attachment":[{"href":"https:\/\/dielfe.com.ar\/en\/wp-json\/wp\/v2\/media?parent=11219"}],"wp:term":[{"taxonomy":"product_brand","embeddable":true,"href":"https:\/\/dielfe.com.ar\/en\/wp-json\/wp\/v2\/product_brand?post=11219"},{"taxonomy":"product_cat","embeddable":true,"href":"https:\/\/dielfe.com.ar\/en\/wp-json\/wp\/v2\/product_cat?post=11219"},{"taxonomy":"product_tag","embeddable":true,"href":"https:\/\/dielfe.com.ar\/en\/wp-json\/wp\/v2\/product_tag?post=11219"}],"curies":[{"name":"wp","href":"https:\/\/api.w.org\/{rel}","templated":true}]}}