{"id":11212,"date":"2026-01-21T10:40:42","date_gmt":"2026-01-21T13:40:42","guid":{"rendered":"https:\/\/dielfe.com.ar\/?post_type=product&#038;p=11212"},"modified":"2026-01-21T10:40:42","modified_gmt":"2026-01-21T13:40:42","slug":"estanteria-berlin","status":"publish","type":"product","link":"https:\/\/dielfe.com.ar\/en\/product\/estanteria-berlin\/","title":{"rendered":"<b>ESTANTER\u00cdA<\/b> BERL\u00cdN"},"content":{"rendered":"<p>La estanter\u00eda Berl\u00edn presenta un estilo industrial combinando la calidez de la madera con una estructura de ca\u00f1o negro de l\u00edneas simples y elegantes. Incorpora un detalle \u00fanico de chapa perforada, que aporta un toque distintivo al dise\u00f1o. Perfecta para complementar espacios de estilo industrial contempor\u00e1neo, esta estanter\u00eda destaca por su equilibrio entre lo r\u00fastico y lo refinado. Su dise\u00f1o permite que se adapte perfectamente a diferentes ambientes del hogar. Cuenta con divisiones bien distribuidas y estantes amplios, ideales para optimizar el guardado de todo tipo de objetos, desde libros y decoraciones hasta elementos de uso cotidiano.<\/p>","protected":false},"excerpt":{"rendered":"<p><strong>SUCIEDAD LIGERA Y RECIENTE<\/strong><\/p>\n<p>Limpiar con papel de cocina, un trapo de microfibra suave y limpio (seco o h\u00famedo).<\/p>\n<p><strong>MANCHAS<\/strong><\/p>\n<p>Limpiar con agua caliente, trapos o pa\u00f1os de microfibra, esponjas o cepillos blandos utilizando productos de limpieza corriente. Terminar con un aclarado con agua limpia y eliminar totalmente el producto de limpieza, posteriormente secar con pa\u00f1o limpio.<\/p>\n<p><strong>PRODUCTOS PROHIBIDOS PARA LA LIMPIEZA<\/strong><\/p>\n<p>Sustancias abrasivas y decapantes (polvos de fregar, esponjas rasposas ,lana de acero). Productos de pulido, ceras, agentes blanqueadores. Productos \u00e1cidos. Aparatos de limpieza al vapor.<\/p>","protected":false},"featured_media":11216,"template":"","meta":{"_joinchat":[]},"product_brand":[],"product_cat":[24,48,56,27],"product_tag":[],"class_list":{"0":"post-11212","1":"product","2":"type-product","3":"status-publish","4":"has-post-thumbnail","6":"product_cat-biblioteca","7":"product_cat-ambientes","8":"product_cat-living","9":"product_cat-organizador","11":"first","12":"instock","13":"shipping-taxable","14":"product-type-simple"},"_links":{"self":[{"href":"https:\/\/dielfe.com.ar\/en\/wp-json\/wp\/v2\/product\/11212","targetHints":{"allow":["GET"]}}],"collection":[{"href":"https:\/\/dielfe.com.ar\/en\/wp-json\/wp\/v2\/product"}],"about":[{"href":"https:\/\/dielfe.com.ar\/en\/wp-json\/wp\/v2\/types\/product"}],"wp:featuredmedia":[{"embeddable":true,"href":"https:\/\/dielfe.com.ar\/en\/wp-json\/wp\/v2\/media\/11216"}],"wp:attachment":[{"href":"https:\/\/dielfe.com.ar\/en\/wp-json\/wp\/v2\/media?parent=11212"}],"wp:term":[{"taxonomy":"product_brand","embeddable":true,"href":"https:\/\/dielfe.com.ar\/en\/wp-json\/wp\/v2\/product_brand?post=11212"},{"taxonomy":"product_cat","embeddable":true,"href":"https:\/\/dielfe.com.ar\/en\/wp-json\/wp\/v2\/product_cat?post=11212"},{"taxonomy":"product_tag","embeddable":true,"href":"https:\/\/dielfe.com.ar\/en\/wp-json\/wp\/v2\/product_tag?post=11212"}],"curies":[{"name":"wp","href":"https:\/\/api.w.org\/{rel}","templated":true}]}}