{"id":11204,"date":"2026-01-21T10:35:11","date_gmt":"2026-01-21T13:35:11","guid":{"rendered":"https:\/\/dielfe.com.ar\/?post_type=product&#038;p=11204"},"modified":"2026-01-21T11:36:09","modified_gmt":"2026-01-21T14:36:09","slug":"rack-tv-berlin","status":"publish","type":"product","link":"https:\/\/dielfe.com.ar\/en\/product\/rack-tv-berlin\/","title":{"rendered":"<b>RACK TV <\/b> BERL\u00cdN"},"content":{"rendered":"<p>Este rack de estilo industrial combina robustez estructural con un dise\u00f1o atractivo y funcional. Las placas de melamina en color roble aportan calidez y textura al conjunto, configurando un sistema de 2 estantes abiertos ideales para exhibir objetos, almacenar libros o disponer equipos electr\u00f3nicos. incluye dos puertas que ocultan un espacio de guardado pr\u00e1ctico y discreto. Como detalle distintivo, incorpora chapas decorativas con un llamativo entramado. La combinaci\u00f3n de materiales y texturas refuerza el car\u00e1cter industrial del mueble, haci\u00e9ndolo ideal para ambientes contempor\u00e1neos, espacios comerciales o livings con estilo urbano.<\/p>","protected":false},"excerpt":{"rendered":"<p><strong>SUCIEDAD LIGERA Y RECIENTE<\/strong><\/p>\n<p>Limpiar con papel de cocina, un trapo de microfibra suave y limpio (seco o h\u00famedo).<\/p>\n<p><strong>MANCHAS<\/strong><\/p>\n<p>Limpiar con agua caliente, trapos o pa\u00f1os de microfibra, esponjas o cepillos blandos utilizando productos de limpieza corriente. Terminar con un aclarado con agua limpia y eliminar totalmente el producto de limpieza, posteriormente secar con pa\u00f1o limpio.<\/p>\n<p><strong>PRODUCTOS PROHIBIDOS PARA LA LIMPIEZA<\/strong><\/p>\n<p>Sustancias abrasivas y decapantes (polvos de fregar, esponjas rasposas ,lana de acero). Productos de pulido, ceras, agentes blanqueadores. Productos \u00e1cidos. Aparatos de limpieza al vapor.<\/p>","protected":false},"featured_media":11267,"template":"","meta":{"_joinchat":[]},"product_brand":[],"product_cat":[48,56,63,57,58],"product_tag":[],"class_list":{"0":"post-11204","1":"product","2":"type-product","3":"status-publish","4":"has-post-thumbnail","6":"product_cat-ambientes","7":"product_cat-living","8":"product_cat-mesa-tv","9":"product_cat-panel-tv","10":"product_cat-rack-tv","12":"first","13":"instock","14":"shipping-taxable","15":"product-type-simple"},"_links":{"self":[{"href":"https:\/\/dielfe.com.ar\/en\/wp-json\/wp\/v2\/product\/11204","targetHints":{"allow":["GET"]}}],"collection":[{"href":"https:\/\/dielfe.com.ar\/en\/wp-json\/wp\/v2\/product"}],"about":[{"href":"https:\/\/dielfe.com.ar\/en\/wp-json\/wp\/v2\/types\/product"}],"wp:featuredmedia":[{"embeddable":true,"href":"https:\/\/dielfe.com.ar\/en\/wp-json\/wp\/v2\/media\/11267"}],"wp:attachment":[{"href":"https:\/\/dielfe.com.ar\/en\/wp-json\/wp\/v2\/media?parent=11204"}],"wp:term":[{"taxonomy":"product_brand","embeddable":true,"href":"https:\/\/dielfe.com.ar\/en\/wp-json\/wp\/v2\/product_brand?post=11204"},{"taxonomy":"product_cat","embeddable":true,"href":"https:\/\/dielfe.com.ar\/en\/wp-json\/wp\/v2\/product_cat?post=11204"},{"taxonomy":"product_tag","embeddable":true,"href":"https:\/\/dielfe.com.ar\/en\/wp-json\/wp\/v2\/product_tag?post=11204"}],"curies":[{"name":"wp","href":"https:\/\/api.w.org\/{rel}","templated":true}]}}