{"id":1105,"date":"2021-09-04T23:39:00","date_gmt":"2021-09-04T23:39:00","guid":{"rendered":"https:\/\/dielfe.kiri.ar\/?post_type=product&#038;p=1105"},"modified":"2026-01-21T11:53:29","modified_gmt":"2026-01-21T14:53:29","slug":"lie110","status":"publish","type":"product","link":"https:\/\/dielfe.com.ar\/en\/product\/lie110\/","title":{"rendered":"<b>ESCRITORIO<\/b> INDUSTRIAL"},"content":{"rendered":"<p class=\"p1\">El escritorio industrial es un producto que se caracteriza por su acabado r\u00fastico, la combinaci\u00f3n de la melamina s\u00edmil madera y el metal hacen de este un mueble practico y funcional.<\/p>\n<p class=\"p1\">Cuenta con dos divisiones internas de r\u00e1pido acceso, que se pueden utilizar para guardar diferentes objetos que se requieran en el uso cotidiano del escritorio.<span class=\"Apple-converted-space\">\u00a0<\/span><\/p>\n<p class=\"p1\">Lo pod\u00e9s encontrar en las combinaciones de color atakama en su totalidad y las patas en color negras.<\/p>","protected":false},"excerpt":{"rendered":"<p><strong>DIMENSIONES DEL PRODUCTO<\/strong><\/p>\n<table class=\"default\">\n<tbody>\n<tr>\n<td><strong>Alto<\/strong><\/td>\n<td><strong>Ancho<\/strong><\/td>\n<td><strong>Profundidad<\/strong><\/td>\n<\/tr>\n<tr>\n<td>80 cm<\/td>\n<td>110 cm<\/td>\n<td>44 cm<\/td>\n<\/tr>\n<\/tbody>\n<\/table>\n<p><strong>DIMENSIONES DEL EMBALAJE<\/strong><\/p>\n<p><strong>Alto Patas<\/strong><strong>Ancho Patas<\/strong><strong>Profundidad Patas<\/strong><\/p>\n<table class=\"default\">\n<tbody>\n<tr>\n<td><strong>Alto Tapa<\/strong><\/td>\n<td><strong>Ancho Tapa<\/strong><\/td>\n<td><strong>Profundidad Tapa<\/strong><\/td>\n<\/tr>\n<tr>\n<td>5,5 cm<\/td>\n<td>46 cm<\/td>\n<td>111,5 cm<\/td>\n<\/tr>\n<tr>\n<td>25 cm<\/td>\n<td>25 cm<\/td>\n<td>70 cm<\/td>\n<\/tr>\n<\/tbody>\n<\/table>\n<p><strong>PESO APROX. <\/strong>23 <span style=\"vertical-align: inherit;\"><span style=\"vertical-align: inherit;\">\u00a0kilogramos<\/span><\/span><\/p>\n<p><strong>SUCIEDAD LIGERA Y RECIENTE<\/strong><\/p>\n<p>Limpiar con papel de cocina, un trapo de microfibra suave y limpio (seco o h\u00famedo).<\/p>\n<p><strong>MANCHAS<\/strong><\/p>\n<p>Limpiar con agua caliente, trapos o pa\u00f1os de microfibra, esponjas o cepillos blandos utilizando productos de limpieza corriente. Terminar con un aclarado con agua limpia y eliminar totalmente el producto de limpieza, posteriormente secar con pa\u00f1o limpio.<\/p>\n<p><strong>PRODUCTOS PROHIBIDOS PARA LA LIMPIEZA<\/strong><\/p>\n<p>Sustancias abrasivas y decapantes (polvos de fregar, esponjas rasposas, lana de acero). Productos de pulido, ceras, agentes blanqueadores. Productos \u00e1cidos. Aparatos de limpieza al vapor.<\/p>","protected":false},"featured_media":11289,"template":"","meta":{"_joinchat":[]},"product_brand":[],"product_cat":[36,98],"product_tag":[45],"class_list":{"0":"post-1105","1":"product","2":"type-product","3":"status-publish","4":"has-post-thumbnail","6":"product_cat-escritorios","7":"product_cat-estudio","8":"product_tag-industrial","10":"first","11":"instock","12":"sold-individually","13":"shipping-taxable","14":"purchasable","15":"product-type-variable"},"_links":{"self":[{"href":"https:\/\/dielfe.com.ar\/en\/wp-json\/wp\/v2\/product\/1105","targetHints":{"allow":["GET"]}}],"collection":[{"href":"https:\/\/dielfe.com.ar\/en\/wp-json\/wp\/v2\/product"}],"about":[{"href":"https:\/\/dielfe.com.ar\/en\/wp-json\/wp\/v2\/types\/product"}],"wp:featuredmedia":[{"embeddable":true,"href":"https:\/\/dielfe.com.ar\/en\/wp-json\/wp\/v2\/media\/11289"}],"wp:attachment":[{"href":"https:\/\/dielfe.com.ar\/en\/wp-json\/wp\/v2\/media?parent=1105"}],"wp:term":[{"taxonomy":"product_brand","embeddable":true,"href":"https:\/\/dielfe.com.ar\/en\/wp-json\/wp\/v2\/product_brand?post=1105"},{"taxonomy":"product_cat","embeddable":true,"href":"https:\/\/dielfe.com.ar\/en\/wp-json\/wp\/v2\/product_cat?post=1105"},{"taxonomy":"product_tag","embeddable":true,"href":"https:\/\/dielfe.com.ar\/en\/wp-json\/wp\/v2\/product_tag?post=1105"}],"curies":[{"name":"wp","href":"https:\/\/api.w.org\/{rel}","templated":true}]}}