{"id":11043,"date":"2026-01-13T08:43:00","date_gmt":"2026-01-13T11:43:00","guid":{"rendered":"https:\/\/dielfe.com.ar\/?post_type=product&#038;p=11043"},"modified":"2026-01-21T09:18:47","modified_gmt":"2026-01-21T12:18:47","slug":"sommier-140cm","status":"publish","type":"product","link":"https:\/\/dielfe.com.ar\/en\/product\/sommier-140cm\/","title":{"rendered":"<b>SOMMIER 140CM<\/b>"},"content":{"rendered":"<p>Olvidate de las mudanzas complicadas y los muebles imposibles de mover. Este sommier viene completamente desarmado en una \u00fanica caja compacta, ideal para transportar f\u00e1cilmente en cualquier auto. Su estructura met\u00e1lica de alta resistencia garantiza durabilidad y firmeza, mientras que su sistema de parrilla desplegable no requiere montaje, haciendo que el armado completo sea r\u00e1pido y sencillo, con pocas herramientas y en solo minutos. Dise\u00f1ado para tu comodidad y seguridad: incluye regatones en las patas para proteger pisos del rayado, esquineros que eliminan filos peligrosos, y una funda textil que lo cubre por completo, aportando una terminaci\u00f3n prolija y est\u00e9tica. La soluci\u00f3n pr\u00e1ctica, liviana y resistente para tu descanso.<\/p>","protected":false},"excerpt":{"rendered":"<p><strong>DIMENSIONES DEL PRODUCTO<\/strong><\/p>\n<table class=\"default\">\n<tbody>\n<tr>\n<td><strong>Alto<\/strong><\/td>\n<td><strong>Ancho<\/strong><\/td>\n<td><strong>Profundad<\/strong><\/td>\n<\/tr>\n<tr>\n<td>218 cm<\/td>\n<td>188 cm<\/td>\n<td>60 cm<\/td>\n<\/tr>\n<\/tbody>\n<\/table>\n<p><strong>DIMENSIONES DEL EMBALAJE<\/strong><\/p>\n<table class=\"default\">\n<tbody>\n<tr>\n<td><strong>Caja<\/strong><\/td>\n<td><strong>Alto<\/strong><\/td>\n<td><strong>Ancho<\/strong><\/td>\n<td><strong>Profundad<\/strong><\/td>\n<td><strong>Peso<\/strong><\/td>\n<\/tr>\n<tr>\n<td>1<\/td>\n<td>16 cm<\/td>\n<td>47 cm<\/td>\n<td>99 cm<\/td>\n<td>45 kg<\/td>\n<\/tr>\n<tr>\n<td>2<\/td>\n<td>6 cm<\/td>\n<td>65 cm<\/td>\n<td>189 cm<\/td>\n<td>46 kg<\/td>\n<\/tr>\n<tr>\n<td>3<\/td>\n<td>6 cm<\/td>\n<td>69 cm<\/td>\n<td>222 cm<\/td>\n<td>56 kg<\/td>\n<\/tr>\n<tr>\n<td>4<\/td>\n<td>11 cm<\/td>\n<td>78 cm<\/td>\n<td>92 cm<\/td>\n<td>45 kg<\/td>\n<\/tr>\n<\/tbody>\n<\/table>\n<p><strong>PESO APROX.\u00a0<\/strong><span style=\"vertical-align: inherit;\">178 kilogramos<\/span><\/p>\n<p><strong>SUCIEDAD LIGERA Y RECIENTE<\/strong><\/p>\n<p>Limpiar con papel de cocina, un trapo de microfibra suave y limpio (seco o h\u00famedo).<\/p>\n<p><strong>MANCHAS<\/strong><\/p>\n<p>Limpiar con agua caliente, trapos o pa\u00f1os de microfibra, esponjas o cepillos blandos utilizando productos de limpieza corriente. Terminar con un aclarado con agua limpia y eliminar totalmente el producto de limpieza, posteriormente secar con pa\u00f1o limpio.<\/p>\n<p><strong>PRODUCTOS PROHIBIDOS PARA LA LIMPIEZA<\/strong><\/p>\n<p>Sustancias abrasivas y decapantes (polvos de fregar, esponjas rasposas ,lana de acero). Productos de pulido, ceras, agentes blanqueadores. Productos \u00e1cidos. Aparatos de limpieza al vapor.<\/p>","protected":false},"featured_media":11046,"template":"","meta":{"_joinchat":[]},"product_brand":[],"product_cat":[106,37,48],"product_tag":[],"class_list":{"0":"post-11043","1":"product","2":"type-product","3":"status-publish","4":"has-post-thumbnail","6":"product_cat-camas","7":"product_cat-dormitorio","8":"product_cat-ambientes","10":"first","11":"instock","12":"shipping-taxable","13":"product-type-simple"},"_links":{"self":[{"href":"https:\/\/dielfe.com.ar\/en\/wp-json\/wp\/v2\/product\/11043","targetHints":{"allow":["GET"]}}],"collection":[{"href":"https:\/\/dielfe.com.ar\/en\/wp-json\/wp\/v2\/product"}],"about":[{"href":"https:\/\/dielfe.com.ar\/en\/wp-json\/wp\/v2\/types\/product"}],"wp:featuredmedia":[{"embeddable":true,"href":"https:\/\/dielfe.com.ar\/en\/wp-json\/wp\/v2\/media\/11046"}],"wp:attachment":[{"href":"https:\/\/dielfe.com.ar\/en\/wp-json\/wp\/v2\/media?parent=11043"}],"wp:term":[{"taxonomy":"product_brand","embeddable":true,"href":"https:\/\/dielfe.com.ar\/en\/wp-json\/wp\/v2\/product_brand?post=11043"},{"taxonomy":"product_cat","embeddable":true,"href":"https:\/\/dielfe.com.ar\/en\/wp-json\/wp\/v2\/product_cat?post=11043"},{"taxonomy":"product_tag","embeddable":true,"href":"https:\/\/dielfe.com.ar\/en\/wp-json\/wp\/v2\/product_tag?post=11043"}],"curies":[{"name":"wp","href":"https:\/\/api.w.org\/{rel}","templated":true}]}}