{"id":10692,"date":"2026-01-08T15:16:11","date_gmt":"2026-01-08T18:16:11","guid":{"rendered":"https:\/\/dielfe.com.ar\/?post_type=product&#038;p=10692"},"modified":"2026-01-21T16:07:51","modified_gmt":"2026-01-21T19:07:51","slug":"mesa-ratona-outdoor","status":"publish","type":"product","link":"https:\/\/dielfe.com.ar\/en\/product\/mesa-ratona-outdoor\/","title":{"rendered":"<b>MESA RATONA OUTDOOR<\/b>"},"content":{"rendered":"<p>La mesa baja de la l\u00ednea Outdoor est\u00e1 pensada para sumar practicidad a cualquier espacio exterior. Fabricada en chapa y ca\u00f1o. Su armado es simple y r\u00e1pido, y llega en una caja compacta y f\u00e1cil de transportar. Ideal como superficie de apoyo para reuniones, momentos de descanso o para acompa\u00f1ar tus sillones de exterior, es una opci\u00f3n funcional, duradera y lista para usar donde la necesites.<\/p>","protected":false},"excerpt":{"rendered":"<p><strong>SUCIEDAD LIGERA Y RECIENTE<\/strong><\/p>\n<p>Limpiar con papel de cocina, un trapo de microfibra suave y limpio (seco o humedo).<\/p>\n<p><strong>MANCHAS<\/strong><\/p>\n<p>Limpiar con agua caliente, trapos o pa\u00f1os de microfibra, esponjas o cepillos blandos utilizando productos de limpieza corriente. Terminar con un aclarado con agua limpia y eliminar totalmente el producto de limpieza, posteriormente secar con pa\u00f1o limpio.<\/p>\n<p><strong>PRODUCTOS PROHIBIDOS PARA LA LIMPIEZA<\/strong><\/p>\n<p>Sustancias abrasivas y decapantes (polvos de fragar, esponjas rasposas ,lana de acero). Productos de pulido, ceras, agentes blanqueadores. Productos acidos. Aparatos de limpieza al vapor.<\/p>","protected":false},"featured_media":10696,"template":"","meta":{"_joinchat":[]},"product_brand":[],"product_cat":[48,97,46,72],"product_tag":[],"class_list":{"0":"post-10692","1":"product","2":"type-product","3":"status-publish","4":"has-post-thumbnail","6":"product_cat-ambientes","7":"product_cat-exterior","8":"product_cat-mesa-ratona-2","9":"product_cat-mesas","11":"first","12":"instock","13":"shipping-taxable","14":"purchasable","15":"product-type-variable"},"_links":{"self":[{"href":"https:\/\/dielfe.com.ar\/en\/wp-json\/wp\/v2\/product\/10692","targetHints":{"allow":["GET"]}}],"collection":[{"href":"https:\/\/dielfe.com.ar\/en\/wp-json\/wp\/v2\/product"}],"about":[{"href":"https:\/\/dielfe.com.ar\/en\/wp-json\/wp\/v2\/types\/product"}],"wp:featuredmedia":[{"embeddable":true,"href":"https:\/\/dielfe.com.ar\/en\/wp-json\/wp\/v2\/media\/10696"}],"wp:attachment":[{"href":"https:\/\/dielfe.com.ar\/en\/wp-json\/wp\/v2\/media?parent=10692"}],"wp:term":[{"taxonomy":"product_brand","embeddable":true,"href":"https:\/\/dielfe.com.ar\/en\/wp-json\/wp\/v2\/product_brand?post=10692"},{"taxonomy":"product_cat","embeddable":true,"href":"https:\/\/dielfe.com.ar\/en\/wp-json\/wp\/v2\/product_cat?post=10692"},{"taxonomy":"product_tag","embeddable":true,"href":"https:\/\/dielfe.com.ar\/en\/wp-json\/wp\/v2\/product_tag?post=10692"}],"curies":[{"name":"wp","href":"https:\/\/api.w.org\/{rel}","templated":true}]}}