{"id":10684,"date":"2026-01-08T15:00:36","date_gmt":"2026-01-08T18:00:36","guid":{"rendered":"https:\/\/dielfe.com.ar\/?post_type=product&#038;p=10684"},"modified":"2026-01-08T15:17:19","modified_gmt":"2026-01-08T18:17:19","slug":"sillon-outdoor-2-cuerpos","status":"publish","type":"product","link":"https:\/\/dielfe.com.ar\/en\/product\/sillon-outdoor-2-cuerpos\/","title":{"rendered":"<b>SILL\u00d3N OUTDOOR<\/b> 2 CUERPOS"},"content":{"rendered":"<p>El sill\u00f3n de 2 cuerpos de la l\u00ednea Outdoor combina practicidad y confort en un formato ideal para compartir. Su estructura de ca\u00f1o estructural rectangular garantiza estabilidad, mientras que los amplios almohadones de espuma soft de 150 mm, revestidos en tela n\u00e1utica lavable, ofrecen un asiento confortable. El armado es r\u00e1pido y sencillo, en apenas dos pasos, y el producto se entrega en una sola caja, junto con su instructivo. Incluye bolsillos laterales para guardar el celular, libros u otros objetos que quieras tener a mano al aire libre, y regatones pl\u00e1sticos que protegen todo tipo de superficies, como galer\u00edas, decks o zonas de pileta. Una opci\u00f3n espaciosa, resistente y funcional para disfrutar m\u00e1s de tus momentos afuera.<\/p>","protected":false},"excerpt":{"rendered":"<p><strong>SUCIEDAD LIGERA Y RECIENTE<\/strong><\/p>\n<p>Limpiar con papel de cocina, un trapo de microfibra suave y limpio (seco o humedo).<\/p>\n<p><strong>MANCHAS<\/strong><\/p>\n<p>Limpiar con agua caliente, trapos o pa\u00f1os de microfibra, esponjas o cepillos blandos utilizando productos de limpieza corriente. Terminar con un aclarado con agua limpia y eliminar totalmente el producto de limpieza, posteriormente secar con pa\u00f1o limpio.<\/p>\n<p><strong>PRODUCTOS PROHIBIDOS PARA LA LIMPIEZA<\/strong><\/p>\n<p>Sustancias abrasivas y decapantes (polvos de fragar, esponjas rasposas ,lana de acero). Productos de pulido, ceras, agentes blanqueadores. Productos acidos. Aparatos de limpieza al vapor.<\/p>","protected":false},"featured_media":10681,"template":"","meta":{"_joinchat":[]},"product_brand":[],"product_cat":[28,48,97],"product_tag":[],"class_list":{"0":"post-10684","1":"product","2":"type-product","3":"status-publish","4":"has-post-thumbnail","6":"product_cat-asiento","7":"product_cat-ambientes","8":"product_cat-exterior","10":"first","11":"instock","12":"shipping-taxable","13":"product-type-variable"},"_links":{"self":[{"href":"https:\/\/dielfe.com.ar\/en\/wp-json\/wp\/v2\/product\/10684","targetHints":{"allow":["GET"]}}],"collection":[{"href":"https:\/\/dielfe.com.ar\/en\/wp-json\/wp\/v2\/product"}],"about":[{"href":"https:\/\/dielfe.com.ar\/en\/wp-json\/wp\/v2\/types\/product"}],"wp:featuredmedia":[{"embeddable":true,"href":"https:\/\/dielfe.com.ar\/en\/wp-json\/wp\/v2\/media\/10681"}],"wp:attachment":[{"href":"https:\/\/dielfe.com.ar\/en\/wp-json\/wp\/v2\/media?parent=10684"}],"wp:term":[{"taxonomy":"product_brand","embeddable":true,"href":"https:\/\/dielfe.com.ar\/en\/wp-json\/wp\/v2\/product_brand?post=10684"},{"taxonomy":"product_cat","embeddable":true,"href":"https:\/\/dielfe.com.ar\/en\/wp-json\/wp\/v2\/product_cat?post=10684"},{"taxonomy":"product_tag","embeddable":true,"href":"https:\/\/dielfe.com.ar\/en\/wp-json\/wp\/v2\/product_tag?post=10684"}],"curies":[{"name":"wp","href":"https:\/\/api.w.org\/{rel}","templated":true}]}}