{"id":10264,"date":"2025-12-09T09:09:05","date_gmt":"2025-12-09T12:09:05","guid":{"rendered":"https:\/\/dielfe.com.ar\/?post_type=product&#038;p=10264"},"modified":"2026-01-21T09:19:07","modified_gmt":"2026-01-21T12:19:07","slug":"cam100","status":"publish","type":"product","link":"https:\/\/dielfe.com.ar\/en\/product\/cam100\/","title":{"rendered":"<b> CAMA 1 PLAZA <\/b> MODERNA"},"content":{"rendered":"<p>Aprovecha al m\u00e1ximo tu espacio con esta cama de 1 plaza dise\u00f1ada para combinar funcionalidad y estilo. Perfecta para quienes buscan optimizar el almacenamiento gracias a sus dos amplios m\u00f3dulos de cajones integrados debajo de la cama, ideales para guardar ropa de cama, juguetes, libros, zapatos o cualquier objeto que necesites tener a mano pero fuera de la vista. Adem\u00e1s cuenta con un estante en el pie de cama pensado para ofrecerte un espacio extra de almacenamiento y organizaci\u00f3n. Su color Blanco liso es ideal para crear un ambiente luminoso y minimalista, que se adapta a cualquier estilo de decoraci\u00f3n. Esta cama de 1 plaza no solo destaca por su funcionalidad, sino tambi\u00e9n por su dise\u00f1o vers\u00e1til, que permite armarla de manera espejada seg\u00fan tus necesidades y la distribuci\u00f3n de tu espacio. Cuenta con la posibilidad de elegir en qu\u00e9 lado queres que se encuentren los cajones. Esto significa que, al momento del armado, podes colocar los cajones a la derecha o a la izquierda de la cama, dependiendo de lo que mejor se ajuste a tu habitaci\u00f3n. Podes colocar un colch\u00f3n de hasta 90 cm de ancho.<\/p>","protected":false},"excerpt":{"rendered":"<p><strong>SUCIEDAD LIGERA Y RECIENTE<\/strong><\/p>\n<p>Limpiar con papel de cocina, un trapo de microfibra suave y limpio (seco o humedo).<\/p>\n<p><strong>MANCHAS<\/strong><\/p>\n<p>Limpiar con agua caliente, trapos o pa\u00f1os de microfibra, esponjas o cepillos blandos utilizando productos de limpieza corriente. Terminar con un aclarado con agua limpia y eliminar totalmente el producto de limpieza, posteriormente secar con pa\u00f1o limpio.<\/p>\n<p><strong>PRODUCTOS PROHIBIDOS PARA LA LIMPIEZA<\/strong><\/p>\n<p>Sustancias abrasivas y decapantes (polvos de fragar, esponjas rasposas ,lana de acero). Productos de pulido, ceras, agentes blanqueadores. Productos acidos. Aparatos de limpieza al vapor.<\/p>","protected":false},"featured_media":10337,"template":"","meta":{"_joinchat":[]},"product_brand":[],"product_cat":[105,106,37],"product_tag":[],"class_list":{"0":"post-10264","1":"product","2":"type-product","3":"status-publish","4":"has-post-thumbnail","6":"product_cat-cama-simple","7":"product_cat-camas","8":"product_cat-dormitorio","10":"first","11":"instock","12":"shipping-taxable","13":"purchasable","14":"product-type-variable"},"_links":{"self":[{"href":"https:\/\/dielfe.com.ar\/en\/wp-json\/wp\/v2\/product\/10264","targetHints":{"allow":["GET"]}}],"collection":[{"href":"https:\/\/dielfe.com.ar\/en\/wp-json\/wp\/v2\/product"}],"about":[{"href":"https:\/\/dielfe.com.ar\/en\/wp-json\/wp\/v2\/types\/product"}],"wp:featuredmedia":[{"embeddable":true,"href":"https:\/\/dielfe.com.ar\/en\/wp-json\/wp\/v2\/media\/10337"}],"wp:attachment":[{"href":"https:\/\/dielfe.com.ar\/en\/wp-json\/wp\/v2\/media?parent=10264"}],"wp:term":[{"taxonomy":"product_brand","embeddable":true,"href":"https:\/\/dielfe.com.ar\/en\/wp-json\/wp\/v2\/product_brand?post=10264"},{"taxonomy":"product_cat","embeddable":true,"href":"https:\/\/dielfe.com.ar\/en\/wp-json\/wp\/v2\/product_cat?post=10264"},{"taxonomy":"product_tag","embeddable":true,"href":"https:\/\/dielfe.com.ar\/en\/wp-json\/wp\/v2\/product_tag?post=10264"}],"curies":[{"name":"wp","href":"https:\/\/api.w.org\/{rel}","templated":true}]}}