{"id":10113,"date":"2025-05-07T09:01:14","date_gmt":"2025-05-07T12:01:14","guid":{"rendered":"https:\/\/dielfe.com.ar\/?post_type=product&#038;p=10113"},"modified":"2026-01-21T14:32:50","modified_gmt":"2026-01-21T17:32:50","slug":"cln090","status":"publish","type":"product","link":"https:\/\/dielfe.com.ar\/en\/product\/cln090\/","title":{"rendered":"<b>COMODA<\/b> NIZA"},"content":{"rendered":"<p class=\"p1\">La C\u00f3moda CLN090 forma parte de la l\u00ednea Niza, caracterizada por presentar una unidad de melamina de 15mm embutida dentro de una &#8220;U&#8221; de melamina de 18mm y una base elevada que da la sensaci\u00f3n de que el mueble esta &#8220;volando&#8221;. Por \u00faltimo la apertura de cajones sin tirador. Este mueble cuenta con tres espacios de guardado: 3 cajones que ofrecen un gran espacio de almacenamiento para ropa y\/o accesorios y un estante sobre la parte superior del mueble, donde podr\u00e1 colocar tanto objetos funcionales como de decoraci\u00f3n. Esta c\u00f3moda viene desarmada y preparada para ensamblar de manera r\u00e1pida y simple, por lo que dentro de la caja tenemos los correspondientes instructivos. Lo podes encontrar en las combinaciones de color Grigio\/Roble.<\/p>","protected":false},"excerpt":{"rendered":"<p><strong>DIMENSIONES DEL PRODUCTO<\/strong><\/p>\n<table class=\"default\">\n<tbody>\n<tr>\n<td><strong>Alto<\/strong><\/td>\n<td><strong>Ancho<\/strong><\/td>\n<td><strong>Profundad<\/strong><\/td>\n<\/tr>\n<tr>\n<td><span style=\"vertical-align: inherit;\">84<\/span>\u00a0cm<\/td>\n<td>90 cm<\/td>\n<td>45 cm<\/td>\n<\/tr>\n<\/tbody>\n<\/table>\n<p><strong>DIMENSIONES DEL EMBALAJE<\/strong><\/p>\n<table class=\"default\">\n<tbody>\n<tr>\n<td><strong>Alto<\/strong><\/td>\n<td><strong>Ancho<\/strong><\/td>\n<td><strong>Profundad<\/strong><\/td>\n<td><strong>Peso<\/strong><\/td>\n<\/tr>\n<tr>\n<td>15\u00a0 cm<\/td>\n<td>46.5 cm<\/td>\n<td>92 cm<\/td>\n<td>37 kg<\/td>\n<\/tr>\n<\/tbody>\n<\/table>\n<p><strong>PESO APROX.\u00a0<\/strong><span style=\"vertical-align: inherit;\"><span style=\"vertical-align: inherit;\">36 kilogramos<\/span><\/span><\/p>\n<p><strong>SUCIEDAD LIGERA Y RECIENTE<\/strong><\/p>\n<p>Limpiar con papel de cocina, un trapo de microfibra suave y limpio (seco o h\u00famedo).<\/p>\n<p><strong>MANCHAS<\/strong><\/p>\n<p>Limpiar con agua caliente, trapos o pa\u00f1os de microfibra, esponjas o cepillos blandos utilizando productos de limpieza corriente. Terminar con un aclarado con agua limpia y eliminar totalmente el producto de limpieza, posteriormente secar con pa\u00f1o limpio.<\/p>\n<p><strong>PRODUCTOS PROHIBIDOS PARA LA LIMPIEZA<\/strong><\/p>\n<p>Sustancias abrasivas y decapantes (polvos de fregar, esponjas rasposas ,lana de acero). Productos de pulido, ceras, agentes blanqueadores. Productos \u00e1cidos. Aparatos de limpieza al vapor.<\/p>","protected":false},"featured_media":11453,"template":"","meta":{"_joinchat":{"telephone":"+543415959874","view":"yes"}},"product_brand":[],"product_cat":[67,37,27],"product_tag":[96],"class_list":{"0":"post-10113","1":"product","2":"type-product","3":"status-publish","4":"has-post-thumbnail","6":"product_cat-comoda","7":"product_cat-dormitorio","8":"product_cat-organizador","9":"product_tag-niza","11":"first","12":"instock","13":"shipping-taxable","14":"purchasable","15":"product-type-variable"},"_links":{"self":[{"href":"https:\/\/dielfe.com.ar\/en\/wp-json\/wp\/v2\/product\/10113","targetHints":{"allow":["GET"]}}],"collection":[{"href":"https:\/\/dielfe.com.ar\/en\/wp-json\/wp\/v2\/product"}],"about":[{"href":"https:\/\/dielfe.com.ar\/en\/wp-json\/wp\/v2\/types\/product"}],"wp:featuredmedia":[{"embeddable":true,"href":"https:\/\/dielfe.com.ar\/en\/wp-json\/wp\/v2\/media\/11453"}],"wp:attachment":[{"href":"https:\/\/dielfe.com.ar\/en\/wp-json\/wp\/v2\/media?parent=10113"}],"wp:term":[{"taxonomy":"product_brand","embeddable":true,"href":"https:\/\/dielfe.com.ar\/en\/wp-json\/wp\/v2\/product_brand?post=10113"},{"taxonomy":"product_cat","embeddable":true,"href":"https:\/\/dielfe.com.ar\/en\/wp-json\/wp\/v2\/product_cat?post=10113"},{"taxonomy":"product_tag","embeddable":true,"href":"https:\/\/dielfe.com.ar\/en\/wp-json\/wp\/v2\/product_tag?post=10113"}],"curies":[{"name":"wp","href":"https:\/\/api.w.org\/{rel}","templated":true}]}}