{"id":10091,"date":"2025-04-22T12:25:57","date_gmt":"2025-04-22T15:25:57","guid":{"rendered":"https:\/\/dielfe.com.ar\/?post_type=product&#038;p=10091"},"modified":"2026-01-21T14:24:04","modified_gmt":"2026-01-21T17:24:04","slug":"ben060","status":"publish","type":"product","link":"https:\/\/dielfe.com.ar\/en\/product\/ben060\/","title":{"rendered":"<b>BIBLIOTECA<\/b> NIZA"},"content":{"rendered":"<p>La biblioteca de la l\u00ednea Niza es una amalgama perfecta de funcionalidad y estilo. Ofrece un generoso espacio de almacenamiento distribuido en cinco estantes, de los cuales dos est\u00e1n dise\u00f1ados espec\u00edficamente para libros, incorporando fondos que evitan que estos se caigan. Los restantes estantes se presentan como opciones ideales para almacenar diversos objetos y tambi\u00e9n para fines decorativos. Este mueble est\u00e1 dise\u00f1ado con una unidad de melamina de 15mm encajada en una estructura en forma de &#8220;U&#8221; de melamina de 18mm.<br \/>\nEst\u00e1 disponible en dos colores: Grigio y Roble Bardolino. Estas opciones de color no solo a\u00f1aden estilo a su entorno, sino que tambi\u00e9n se integran armoniosamente en la decoraci\u00f3n de su hogar u oficina. Con su dise\u00f1o atractivo y colores elegantes, este mueble no solo es una soluci\u00f3n de almacenamiento pr\u00e1ctica, sino tambi\u00e9n un elemento decorativo que aportar\u00e1 belleza y sofisticaci\u00f3n a su espacio. Esta bibliotaca viene desarmada y preparada para ensamblar de manera r\u00e1pida y simple, por lo que dentro de la caja tenemos los correspondientes instructivos.<\/p>","protected":false},"excerpt":{"rendered":"<p><strong>DIMENSIONES DEL PRODUCTO<\/strong><\/p>\n<table class=\"default\">\n<tbody>\n<tr>\n<td><strong>Alto<\/strong><\/td>\n<td><strong>Ancho<\/strong><\/td>\n<td><strong>Profundad<\/strong><\/td>\n<\/tr>\n<tr>\n<td><span style=\"vertical-align: inherit;\">183<\/span>\u00a0cm<\/td>\n<td>59.5 cm<\/td>\n<td>35.5 cm<\/td>\n<\/tr>\n<\/tbody>\n<\/table>\n<p><strong>DIMENSIONES DEL EMBALAJE<\/strong><\/p>\n<table class=\"default\">\n<tbody>\n<tr>\n<td><strong>Alto<\/strong><\/td>\n<td><strong>Ancho<\/strong><\/td>\n<td><strong>Profundad<\/strong><\/td>\n<td><strong>Peso<\/strong><\/td>\n<\/tr>\n<tr>\n<td>9\u00a0 cm<\/td>\n<td>37.5 cm<\/td>\n<td>182 cm<\/td>\n<td>31 kg<\/td>\n<\/tr>\n<\/tbody>\n<\/table>\n<p><strong>PESO APROX. <\/strong><span style=\"vertical-align: inherit;\"><span style=\"vertical-align: inherit;\">30 kilogramos<\/span><\/span><\/p>\n<p>&nbsp;<\/p>\n<p><strong>SUCIEDAD LIGERA Y RECIENTE<\/strong><\/p>\n<p>Limpiar con papel de cocina, un trapo de microfibra suave y limpio (seco o humedo).<\/p>\n<p><strong>MANCHAS<\/strong><\/p>\n<p>Limpiar con agua caliente, trapos o pa\u00f1os de microfibra, esponjas o cepillos blandos utilizando productos de limpieza corriente. Terminar con un aclarado con agua limpia y eliminar totalmente el producto de limpieza, posteriormente secar con pa\u00f1o limpio.<\/p>\n<p><strong>PRODUCTOS PROHIBIDOS PARA LA LIMPIEZA<\/strong><\/p>\n<p>Sustancias abrasivas y decapantes (polvos de fregar, esponjas rasposas ,lana de acero). Productos de pulido, ceras, agentes blanqueadores. Productos \u00e1cidos. Aparatos de limpieza al vapor.<\/p>","protected":false},"featured_media":11445,"template":"","meta":{"_joinchat":[]},"product_brand":[],"product_cat":[24,98,56,27],"product_tag":[45],"class_list":{"0":"post-10091","1":"product","2":"type-product","3":"status-publish","4":"has-post-thumbnail","6":"product_cat-biblioteca","7":"product_cat-estudio","8":"product_cat-living","9":"product_cat-organizador","10":"product_tag-industrial","12":"first","13":"instock","14":"shipping-taxable","15":"purchasable","16":"product-type-variable"},"_links":{"self":[{"href":"https:\/\/dielfe.com.ar\/en\/wp-json\/wp\/v2\/product\/10091","targetHints":{"allow":["GET"]}}],"collection":[{"href":"https:\/\/dielfe.com.ar\/en\/wp-json\/wp\/v2\/product"}],"about":[{"href":"https:\/\/dielfe.com.ar\/en\/wp-json\/wp\/v2\/types\/product"}],"wp:featuredmedia":[{"embeddable":true,"href":"https:\/\/dielfe.com.ar\/en\/wp-json\/wp\/v2\/media\/11445"}],"wp:attachment":[{"href":"https:\/\/dielfe.com.ar\/en\/wp-json\/wp\/v2\/media?parent=10091"}],"wp:term":[{"taxonomy":"product_brand","embeddable":true,"href":"https:\/\/dielfe.com.ar\/en\/wp-json\/wp\/v2\/product_brand?post=10091"},{"taxonomy":"product_cat","embeddable":true,"href":"https:\/\/dielfe.com.ar\/en\/wp-json\/wp\/v2\/product_cat?post=10091"},{"taxonomy":"product_tag","embeddable":true,"href":"https:\/\/dielfe.com.ar\/en\/wp-json\/wp\/v2\/product_tag?post=10091"}],"curies":[{"name":"wp","href":"https:\/\/api.w.org\/{rel}","templated":true}]}}